{"id":4578,"date":"2022-10-05T16:02:46","date_gmt":"2022-10-05T16:02:46","guid":{"rendered":"https:\/\/vtmallorca.com\/\/?page_id=4578"},"modified":"2025-04-10T08:37:56","modified_gmt":"2025-04-10T08:37:56","slug":"politica-de-cookies","status":"publish","type":"page","link":"https:\/\/vtmallorca.com\/ca\/politica-de-cookies\/","title":{"rendered":"Pol\u00edtica de Cookies"},"content":{"rendered":"\t\t<div data-elementor-type=\"wp-page\" data-elementor-id=\"4578\" class=\"elementor elementor-4578\" data-elementor-post-type=\"page\">\n\t\t\t\t\t\t<section class=\"elementor-section elementor-top-section elementor-element elementor-element-2a64141 elementor-section-boxed elementor-section-height-default elementor-section-height-default\" data-id=\"2a64141\" data-element_type=\"section\" data-e-type=\"section\">\n\t\t\t\t\t\t<div class=\"elementor-container elementor-column-gap-default\">\n\t\t\t\t\t<div class=\"elementor-column elementor-col-100 elementor-top-column elementor-element elementor-element-f233664\" data-id=\"f233664\" data-element_type=\"column\" data-e-type=\"column\">\n\t\t\t<div class=\"elementor-widget-wrap elementor-element-populated\">\n\t\t\t\t\t\t<div class=\"elementor-element elementor-element-1a20258 elementor-widget elementor-widget-text-editor\" data-id=\"1a20258\" data-element_type=\"widget\" data-e-type=\"widget\" data-widget_type=\"text-editor.default\">\n\t\t\t\t<div class=\"elementor-widget-container\">\n\t\t\t\t\t\t\t\t\t<h1 style=\"text-align: center;\">Pol\u00edtica de Cookies<\/h1><p><strong>Pol\u00edtica de uso de cookies<\/strong><br \/>Se advierte al Usuario que esta p\u00e1gina Web utiliza cookies. Las cookies son peque\u00f1os ficheros de datos que se generan en el ordenador del Usuario y que permiten que sea el propio Usuario el que almacene la informaci\u00f3n que genera su actividad en la red. Las cookies permiten a una p\u00e1gina web, entre otras cosas, almacenar y recuperar informaci\u00f3n sobre los h\u00e1bitos de navegaci\u00f3n de un Usuario o de su equipo y, dependiendo de la informaci\u00f3n que contengan y de la forma en que utilice su equipo, pueden utilizarse para reconocer al Usuario.<br \/>Este Sitio Web puede utilizar las siguientes cookies:<\/p><p><strong>Cookies t\u00e9cnicas<\/strong><br \/>Son aqu\u00e9llas que permiten al Usuario la navegaci\u00f3n a trav\u00e9s de una p\u00e1gina web, plataforma o aplicaci\u00f3n y la utilizaci\u00f3n de las diferentes opciones o servicios que en ella existan como, por ejemplo, controlar el tr\u00e1fico y la comunicaci\u00f3n de datos, identificar la sesi\u00f3n, acceder a partes de acceso restringido, recordar los elementos que integran un pedido, realizar el proceso de compra de un pedido, realizar la solicitud de inscripci\u00f3n o participaci\u00f3n en un evento, utilizar elementos de seguridad durante la navegaci\u00f3n, almacenar contenidos para la difusi\u00f3n de videos o sonido o compartir contenidos a trav\u00e9s de redes sociales.<br \/>Dentro de estas cookies podemos encontrar, entre otras, cookies de entrada de Usuario, de autenticaci\u00f3n, de seguridad de Usuario, de sesi\u00f3n de reproductor multimedia, de sesi\u00f3n para equilibrar la carga o las cookies de complemento (plug in) para intercambiar contenidos sociales.<\/p><p><strong>Cookies de personalizaci\u00f3n<\/strong><br \/>Son aqu\u00e9llas que permiten al Usuario acceder al servicio con algunas caracter\u00edsticas de car\u00e1cter general predefinidas en funci\u00f3n de una serie de criterios en el terminal del Usuario como, por ejemplo, ser\u00edan el idioma, el tipo de navegador a trav\u00e9s del cual accede al servicio, la configuraci\u00f3n regional desde donde accede al servicio, etc.<\/p><p><strong>Cookies anal\u00edticas<\/strong><br \/>Las cookies de an\u00e1lisis permiten el seguimiento y an\u00e1lisis de su comportamiento de navegaci\u00f3n en nuestro Sitio Web, con la finalidad de poder elaborar perfiles de navegaci\u00f3n de los Usuarios para introducir mejoras en nuestros servicios en funci\u00f3n del an\u00e1lisis de sus datos de uso. De este modo, podemos conocer la siguiente informaci\u00f3n:<br \/>\u2013 La fecha y la hora de la \u00faltima vez que el Usuario visit\u00f3 nuestro Sitio Web.<br \/>\u2013 El acceso a los contenidos que el Usuario escogi\u00f3 en su \u00faltima visita a nuestro Sitio Web.<br \/>Para realizar las estad\u00edsticas de uso de nuestro Sitio Web utilizamos herramientas estad\u00edsticas con un alcance limitado a las funciones descritas en el p\u00e1rrafo anterior y con la finalidad de conocer el nivel de recurrencia de nuestros visitantes y los contenidos que resultan m\u00e1s interesantes. De esta manera podemos concentrar nuestros esfuerzos en mejorar las \u00e1reas m\u00e1s visitadas y hacer que el Usuario encuentre m\u00e1s f\u00e1cilmente lo que busca.<br \/>El Sitio Web puede utilizar la informaci\u00f3n de su visita para realizar evaluaciones y c\u00e1lculos estad\u00edsticos sobre datos an\u00f3nimos, as\u00ed como para garantizar la continuidad del servicio o para realizar mejoras en sus sitios Web. Dicha informaci\u00f3n no ser\u00e1 utilizada para ninguna otra finalidad.<\/p><p><strong>Cookies publicitarias<\/strong><br \/>Las cookies publicitarias permiten gestionar, de la forma m\u00e1s eficaz posible, los espacios publicitarios incluidos en nuestra p\u00e1gina web, en base a criterios como el contenido editado o la frecuencia con la que se muestran los anuncios.<\/p><p><strong>Cookies de publicidad comportamental<\/strong><br \/>Las cookies de publicidad comportamental (tambi\u00e9n llamadas de seguimiento) permiten gestionar de manera eficaz, los espacios publicitarios incluidos en esta p\u00e1gina web. Estas cookies almacenan informaci\u00f3n de su comportamiento obtenida a trav\u00e9s de la observaci\u00f3n continuada de sus h\u00e1bitos de navegaci\u00f3n, lo que nos permite desarrollar un perfil espec\u00edfico para mostrarle publicidad en funci\u00f3n del mismo.<br \/>Dentro de esta tipolog\u00eda se incluyen las cookies utilizadas para fines de limitaci\u00f3n de la presi\u00f3n vendedora, inicio de sesi\u00f3n financiera, afiliaci\u00f3n publicitaria, clic en la detecci\u00f3n del fraude, investigaci\u00f3n y an\u00e1lisis de mercados, mejora y depuraci\u00f3n de productos, entre otras.<\/p><p><strong>Cookies de complemento de redes sociales para el seguimiento<\/strong><br \/>Las cookies de complemento \u201cplug in\u201d para intercambiar contenidos sociales pueden ser utilizadas por terceros para realizar el seguimiento de personas, tanto miembros como no miembros de una red social, para incluir publicidad comportamental o para el an\u00e1lisis y la investigaci\u00f3n de mercados.<br \/>A continuaci\u00f3n se incluye la siguiente tabla, \u00fanicamente con car\u00e1cter ejemplificativo, con identificaci\u00f3n de las cookies m\u00e1s relevantes utilizadas en los Sitios Web, as\u00ed como si son propias o de terceros (e identificaci\u00f3n del tercero contratado o cuyos servicios se han decidido utilizar) y su finalidad:<\/p><p><strong>Cookies utilizadas en este Sitio Web<\/strong><br \/>Cookie: _ga<br \/>Caducidad: 2 a\u00f1os<br \/>Tipo de cookie: Medici\u00f3n de uso del sitio Web (Google Analytics)<br \/>Finalidad: Esta cookie se utiliza para distinguir a usuarios \u00fanicos mediante la asignaci\u00f3n de un n\u00famero generado aleatoriamente como un identificador de cliente. Se incluye en cada solicitud de p\u00e1gina en un sitio y se utiliza para calcular el volumen de visitantes, sesiones y datos para los informes de an\u00e1lisis de la web. Por defecto caduca a los 2 a\u00f1os, aunque esto lo puede personalizar el propietario de la web.<\/p><p>Cookie: _utma<br \/>Caducidad: 2 a\u00f1os<br \/>Finalidad: Este n\u00famero generado al azar se utiliza para determinar visitantes \u00fanicos a nuestro sitio.<\/p><p>Cookie: _utmb<br \/>Caducidad: 30 minutos<br \/>Finalidad: Este n\u00famero generado aleatoriamente trabaja con _utmc para calcular el promedio de tiempo que los usuarios pasan en nuestro sitio.<\/p><p>Cookie: _utmc<br \/>Caducidad: Cuando se cierra el navegador<br \/>Finalidad:Este n\u00famero generado aleatoriamente trabaja con _utmc para calcular el promedio de tiempo que los usuarios pasan en nuestro sitio.<\/p><p>Cookie: _utmz<br \/>Caducidad: 6 meses<br \/>Finalidad: Este es un n\u00famero generado al azar e informaci\u00f3n sobre c\u00f3mo se lleg\u00f3 a un sitio (por ejemplo, directamente o a trav\u00e9s de un v\u00ednculo, b\u00fasqueda org\u00e1nica o de pago).<\/p><p>Cookie: _utmv<br \/>Caducidad: 2 a\u00f1os<br \/>Finalidad: Se utiliza para almacenar datos variables del nivel de visitantes. Esta cookie se crea cuando un desarrollador utiliza el m\u00e9todo _setCustomVar con una variable personalizada del nivel de visitantes. La cookie se actualiza cada vez que los datos se env\u00eden a Google Analytics.<\/p><p><strong>Gesti\u00f3n de Cookies<\/strong><br \/>Sin perjuicio de lo anterior, el Usuario tiene la posibilidad de configurar su navegador para ser avisado de la recepci\u00f3n de cookies y para impedir su instalaci\u00f3n en su equipo. No obstante, la desactivaci\u00f3n de las cookies puede afectar al correcto funcionamiento de determinadas secciones de la p\u00e1gina web.<br \/>Por favor, consulte las instrucciones y manuales de su navegador para ampliar esta informaci\u00f3n:<br \/>Si utiliza Microsoft Internet Explorer, en la opci\u00f3n de men\u00fa Herramientas seleccionando Opciones de Internet y accediendo a Privacidad.<br \/>Si utiliza Firefox para Mac en la opci\u00f3n de men\u00fa Preferencias, seleccionando Privacidad, accediendo al apartado Mostrar Cookies, y para Windows en la opci\u00f3n de men\u00fa Herramientas, seleccionando Opciones, accediendo a Privacidad y luego a Usar una configuraci\u00f3n personalizada para el historial.<br \/>Si utiliza Safari, en la opci\u00f3n de men\u00fa Preferencias, seleccionando Privacidad.<br \/>Si utiliza Google Chrome, en la opci\u00f3n de men\u00fa Herramientas, seleccionando Opciones (Preferencias en Mac), accediendo a Avanzadas y luego en la opci\u00f3n Configuraci\u00f3n Contenido de la secci\u00f3n Privacidad, y finalmente marcando Cookies en el di\u00e1logo Configuraci\u00f3n de contenido.<br \/>La informaci\u00f3n obtenida a trav\u00e9s de las cookies es utilizada por Vi de la Terra.<br \/>Por \u00faltimo, le informamos de que tiene la posibilidad de revocar en cualquier momento el consentimiento prestado para la utilizaci\u00f3n de cookies por parte de Vi de la Terra, configurando para ello su navegador en los t\u00e9rminos previstos en el punto anterior.<\/p><p class=\"p1\">\u00a0<\/p>\t\t\t\t\t\t\t\t<\/div>\n\t\t\t\t<\/div>\n\t\t\t\t\t<\/div>\n\t\t<\/div>\n\t\t\t\t\t<\/div>\n\t\t<\/section>\n\t\t\t\t<\/div>\n\t\t","protected":false},"excerpt":{"rendered":"<p>Pol\u00edtica de Cookies Pol\u00edtica de uso de cookiesSe advierte al Usuario que esta p\u00e1gina Web utiliza cookies. Las cookies son peque\u00f1os ficheros de datos que se generan en el ordenador del Usuario y que permiten que sea el propio Usuario el que almacene la informaci\u00f3n que genera su actividad en la red. Las cookies permiten [&hellip;]<\/p>\n","protected":false},"author":2,"featured_media":0,"parent":0,"menu_order":0,"comment_status":"closed","ping_status":"closed","template":"","meta":{"_acf_changed":false,"footnotes":""},"class_list":["post-4578","page","type-page","status-publish","hentry"],"acf":[],"yoast_head":"<!-- This site is optimized with the Yoast SEO plugin v27.4 - https:\/\/yoast.com\/product\/yoast-seo-wordpress\/ -->\n<title>Pol\u00edtica de Cookies - Vi de La Terra Mallorca<\/title>\n<meta name=\"robots\" content=\"index, follow, max-snippet:-1, max-image-preview:large, max-video-preview:-1\" \/>\n<link rel=\"canonical\" href=\"https:\/\/vtmallorca.com\/ca\/politica-de-cookies\/\" \/>\n<meta property=\"og:locale\" content=\"ca_ES\" \/>\n<meta property=\"og:type\" content=\"article\" \/>\n<meta property=\"og:title\" content=\"Pol\u00edtica de Cookies - Vi de La Terra Mallorca\" \/>\n<meta property=\"og:description\" content=\"Pol\u00edtica de Cookies Pol\u00edtica de uso de cookiesSe advierte al Usuario que esta p\u00e1gina Web utiliza cookies. Las cookies son peque\u00f1os ficheros de datos que se generan en el ordenador del Usuario y que permiten que sea el propio Usuario el que almacene la informaci\u00f3n que genera su actividad en la red. Las cookies permiten [&hellip;]\" \/>\n<meta property=\"og:url\" content=\"https:\/\/vtmallorca.com\/ca\/politica-de-cookies\/\" \/>\n<meta property=\"og:site_name\" content=\"Vi de La Terra Mallorca\" \/>\n<meta property=\"article:modified_time\" content=\"2025-04-10T08:37:56+00:00\" \/>\n<meta name=\"twitter:card\" content=\"summary_large_image\" \/>\n<meta name=\"twitter:label1\" content=\"Temps estimat de lectura\" \/>\n\t<meta name=\"twitter:data1\" content=\"7 minuts\" \/>\n<script type=\"application\/ld+json\" class=\"yoast-schema-graph\">{\"@context\":\"https:\\\/\\\/schema.org\",\"@graph\":[{\"@type\":\"WebPage\",\"@id\":\"https:\\\/\\\/vtmallorca.com\\\/ca\\\/politica-de-cookies\\\/\",\"url\":\"https:\\\/\\\/vtmallorca.com\\\/ca\\\/politica-de-cookies\\\/\",\"name\":\"Pol\u00edtica de Cookies - Vi de La Terra Mallorca\",\"isPartOf\":{\"@id\":\"https:\\\/\\\/vtmallorca.com\\\/#website\"},\"datePublished\":\"2022-10-05T16:02:46+00:00\",\"dateModified\":\"2025-04-10T08:37:56+00:00\",\"breadcrumb\":{\"@id\":\"https:\\\/\\\/vtmallorca.com\\\/ca\\\/politica-de-cookies\\\/#breadcrumb\"},\"inLanguage\":\"ca\",\"potentialAction\":[{\"@type\":\"ReadAction\",\"target\":[\"https:\\\/\\\/vtmallorca.com\\\/ca\\\/politica-de-cookies\\\/\"]}]},{\"@type\":\"BreadcrumbList\",\"@id\":\"https:\\\/\\\/vtmallorca.com\\\/ca\\\/politica-de-cookies\\\/#breadcrumb\",\"itemListElement\":[{\"@type\":\"ListItem\",\"position\":1,\"name\":\"Portada\",\"item\":\"https:\\\/\\\/vtmallorca.com\\\/ca\\\/\"},{\"@type\":\"ListItem\",\"position\":2,\"name\":\"Pol\u00edtica de Cookies\"}]},{\"@type\":\"WebSite\",\"@id\":\"https:\\\/\\\/vtmallorca.com\\\/#website\",\"url\":\"https:\\\/\\\/vtmallorca.com\\\/\",\"name\":\"Vi de La Terra Mallorca\",\"description\":\"Vi de La Terra Mallorca\",\"potentialAction\":[{\"@type\":\"SearchAction\",\"target\":{\"@type\":\"EntryPoint\",\"urlTemplate\":\"https:\\\/\\\/vtmallorca.com\\\/?s={search_term_string}\"},\"query-input\":{\"@type\":\"PropertyValueSpecification\",\"valueRequired\":true,\"valueName\":\"search_term_string\"}}],\"inLanguage\":\"ca\"}]}<\/script>\n<!-- \/ Yoast SEO plugin. -->","yoast_head_json":{"title":"Pol\u00edtica de Cookies - Vi de La Terra Mallorca","robots":{"index":"index","follow":"follow","max-snippet":"max-snippet:-1","max-image-preview":"max-image-preview:large","max-video-preview":"max-video-preview:-1"},"canonical":"https:\/\/vtmallorca.com\/ca\/politica-de-cookies\/","og_locale":"ca_ES","og_type":"article","og_title":"Pol\u00edtica de Cookies - Vi de La Terra Mallorca","og_description":"Pol\u00edtica de Cookies Pol\u00edtica de uso de cookiesSe advierte al Usuario que esta p\u00e1gina Web utiliza cookies. Las cookies son peque\u00f1os ficheros de datos que se generan en el ordenador del Usuario y que permiten que sea el propio Usuario el que almacene la informaci\u00f3n que genera su actividad en la red. Las cookies permiten [&hellip;]","og_url":"https:\/\/vtmallorca.com\/ca\/politica-de-cookies\/","og_site_name":"Vi de La Terra Mallorca","article_modified_time":"2025-04-10T08:37:56+00:00","twitter_card":"summary_large_image","twitter_misc":{"Temps estimat de lectura":"7 minuts"},"schema":{"@context":"https:\/\/schema.org","@graph":[{"@type":"WebPage","@id":"https:\/\/vtmallorca.com\/ca\/politica-de-cookies\/","url":"https:\/\/vtmallorca.com\/ca\/politica-de-cookies\/","name":"Pol\u00edtica de Cookies - Vi de La Terra Mallorca","isPartOf":{"@id":"https:\/\/vtmallorca.com\/#website"},"datePublished":"2022-10-05T16:02:46+00:00","dateModified":"2025-04-10T08:37:56+00:00","breadcrumb":{"@id":"https:\/\/vtmallorca.com\/ca\/politica-de-cookies\/#breadcrumb"},"inLanguage":"ca","potentialAction":[{"@type":"ReadAction","target":["https:\/\/vtmallorca.com\/ca\/politica-de-cookies\/"]}]},{"@type":"BreadcrumbList","@id":"https:\/\/vtmallorca.com\/ca\/politica-de-cookies\/#breadcrumb","itemListElement":[{"@type":"ListItem","position":1,"name":"Portada","item":"https:\/\/vtmallorca.com\/ca\/"},{"@type":"ListItem","position":2,"name":"Pol\u00edtica de Cookies"}]},{"@type":"WebSite","@id":"https:\/\/vtmallorca.com\/#website","url":"https:\/\/vtmallorca.com\/","name":"Vi de La Terra Mallorca","description":"Vi de La Terra Mallorca","potentialAction":[{"@type":"SearchAction","target":{"@type":"EntryPoint","urlTemplate":"https:\/\/vtmallorca.com\/?s={search_term_string}"},"query-input":{"@type":"PropertyValueSpecification","valueRequired":true,"valueName":"search_term_string"}}],"inLanguage":"ca"}]}},"_links":{"self":[{"href":"https:\/\/vtmallorca.com\/ca\/wp-json\/wp\/v2\/pages\/4578","targetHints":{"allow":["GET"]}}],"collection":[{"href":"https:\/\/vtmallorca.com\/ca\/wp-json\/wp\/v2\/pages"}],"about":[{"href":"https:\/\/vtmallorca.com\/ca\/wp-json\/wp\/v2\/types\/page"}],"author":[{"embeddable":true,"href":"https:\/\/vtmallorca.com\/ca\/wp-json\/wp\/v2\/users\/2"}],"replies":[{"embeddable":true,"href":"https:\/\/vtmallorca.com\/ca\/wp-json\/wp\/v2\/comments?post=4578"}],"version-history":[{"count":0,"href":"https:\/\/vtmallorca.com\/ca\/wp-json\/wp\/v2\/pages\/4578\/revisions"}],"wp:attachment":[{"href":"https:\/\/vtmallorca.com\/ca\/wp-json\/wp\/v2\/media?parent=4578"}],"curies":[{"name":"wp","href":"https:\/\/api.w.org\/{rel}","templated":true}]}}