{"id":4590,"date":"2022-10-05T17:15:51","date_gmt":"2022-10-05T17:15:51","guid":{"rendered":"https:\/\/vtmallorca.com\/\/?page_id=4590"},"modified":"2025-04-10T08:38:48","modified_gmt":"2025-04-10T08:38:48","slug":"politica-de-privacidad","status":"publish","type":"page","link":"https:\/\/vtmallorca.com\/ca\/politica-de-privacidad\/","title":{"rendered":"Pol\u00edtica de Privacidad"},"content":{"rendered":"\t\t<div data-elementor-type=\"wp-page\" data-elementor-id=\"4590\" class=\"elementor elementor-4590\" data-elementor-post-type=\"page\">\n\t\t\t\t\t\t<section class=\"elementor-section elementor-top-section elementor-element elementor-element-76dbc18 elementor-section-boxed elementor-section-height-default elementor-section-height-default\" data-id=\"76dbc18\" data-element_type=\"section\" data-e-type=\"section\">\n\t\t\t\t\t\t<div class=\"elementor-container elementor-column-gap-default\">\n\t\t\t\t\t<div class=\"elementor-column elementor-col-100 elementor-top-column elementor-element elementor-element-96b6b32\" data-id=\"96b6b32\" data-element_type=\"column\" data-e-type=\"column\">\n\t\t\t<div class=\"elementor-widget-wrap elementor-element-populated\">\n\t\t\t\t\t\t<div class=\"elementor-element elementor-element-9be376f elementor-widget elementor-widget-text-editor\" data-id=\"9be376f\" data-element_type=\"widget\" data-e-type=\"widget\" data-widget_type=\"text-editor.default\">\n\t\t\t\t<div class=\"elementor-widget-container\">\n\t\t\t\t\t\t\t\t\t<h1 style=\"text-align: center;\">Pol\u00edtica de Privacidad<\/h1><p class=\"p2\"><b>CONDICIONES DE USO <\/b><\/p><p class=\"p3\">En cumplimiento de la Ley 34\/2002, de 11 de julio, de Servicios de la Sociedad de la Informaci\u00f3n y de Comercio Electr\u00f3nico (LSSI-CE), CONSELL REGULADOR DE LA IGP VI DE LA TERRA MALLORCA informa que es titular del sitio web http:\/\/vtmallorca.com\/ . De acuerdo con la exigencia del art\u00edculo 10 de la citada Ley, CONSELL REGULADOR DE LA IGP VI DE LA TERRA MALLORCA informa de los siguientes datos:<\/p><p class=\"p3\">El titular de este sitio web es CONSELL REGULADOR DE LA IGP VI DE LA TERRA MALLORCA, con CIF Q0700718J y domicilio social en CL CANONGE BARCELO,2 07200, FELANITX (ILLES BALEARS), inscrita en el Registro organismos p\u00fablicos n\u00famero\u2026\u2026\u2026\u2026\u2026 La direcci\u00f3n de correo electr\u00f3nico de contacto con la empresa es: correo@vtmallorca.com<\/p><p class=\"p3\"><b>Usuario y r\u00e9gimen de responsabilidades <\/b><\/p><p class=\"p3\">La navegaci\u00f3n, acceso y uso por el sitio web de CONSELL REGULADOR DE LA IGP VI DE LA TERRA MALLORCA confiere la condici\u00f3n de usuario, por la que se aceptan, desde la navegaci\u00f3n por el sitio web de CONSELL REGULADOR DE LA IGP VI DE LA TERRA MALLORCA, todas las condiciones de uso aqu\u00ed establecidas sin perjuicio de la aplicaci\u00f3n de la correspondiente normativa de obligado cumplimiento legal seg\u00fan el caso.<\/p><p class=\"p3\">El sitio web de CONSELL REGULADOR DE LA IGP VI DE LA TERRA MALLORCA proporciona gran diversidad de informaci\u00f3n, servicios y datos. El usuario asume su responsabilidad en el uso correcto del sitio web. Esta responsabilidad se extender\u00e1 a:<\/p><p class=\"p4\">\uf0a7 La veracidad y licitud de las informaciones aportadas por el usuario en los formularios extendidos por CONSELL REGULADOR DE LA IGP VI DE LA TERRA MALLORCA para el acceso a ciertos contenidos o servicios ofrecidos por el web.<\/p><p class=\"p3\">\uf0a7 El uso de la informaci\u00f3n, servicios y datos ofrecidos por CONSELL REGULADOR DE LA IGP VI DE LA TERRA MALLORCA contrariamente a lo dispuesto por las presentes condiciones, la Ley, la moral, las buenas costumbres o el orden p\u00fablico, o que de cualquier otro modo puedan suponer lesi\u00f3n de los derechos de terceros o del mismo funcionamiento del sitio web.<\/p><p class=\"p3\"><b>Pol\u00edtica de enlaces y exenciones de responsabilidad <\/b><\/p><p class=\"p3\">CONSELL REGULADOR DE LA IGP VI DE LA TERRA MALLORCA no se hace responsable del contenido de los sitios web a los que el usuario pueda acceder a trav\u00e9s de los enlaces establecidos en su sitio web y declara que en ning\u00fan caso proceder\u00e1 a examinar o ejercitar ning\u00fan tipo de control sobre el contenido de otros sitios de la red. Asimismo, tampoco garantizar\u00e1 la disponibilidad t\u00e9cnica, exactitud, veracidad, validez o legalidad de sitios ajenos a su propiedad a los que se pueda acceder por medio de los enlaces.<\/p><p class=\"p3\">CONSELL REGULADOR DE LA IGP VI DE LA TERRA MALLORCA declara haber adoptado todas las medidas necesarias para evitar cualquier da\u00f1o a los usuarios de su sitio web, que pudieran derivarse de la navegaci\u00f3n por su sitio web. En consecuencia, CONSELL REGULADOR DE LA IGP VI DE LA TERRA MALLORCA no se hace responsable, en ning\u00fan caso, de los eventuales da\u00f1os que por la navegaci\u00f3n por Internet pudiera sufrir el usuario.<\/p><p class=\"p3\"><b>Modificaciones <\/b><\/p><p class=\"p3\">CONSELL REGULADOR DE LA IGP VI DE LA TERRA MALLORCA se reserva el derecho a realizar las modificaciones que considere oportunas, sin aviso previo, en el contenido de su sitio web. Tanto en lo referente a los contenidos del sitio web, como en las condiciones de uso del mismo. Dichas modificaciones podr\u00e1n realizarse a trav\u00e9s de su sitio web por cualquier forma admisible en derecho y ser\u00e1n de obligado cumplimiento durante el tiempo en que se encuentren publicadas en la web y hasta que no sean modificadas v\u00e1lidamente por otras posteriores.<\/p><p class=\"p3\"><b>Protecci\u00f3n de datos <\/b><\/p><p class=\"p1\">De conformidad con la normativa vigente y aplicable en protecci\u00f3n de datos de car\u00e1cter personal, le informamos que sus datos ser\u00e1n incorporados al sistema de tratamiento titularidad de CONSELL REGULADOR DE LA IGP VI DE LA TERRA MALLORCA con NIF Q0700718J y domicilio social sito en C\/ MARQUES DE LA FONTSANTA, 9,07320 SANTA MARIA DEL CAMI(ILLES BALEARS). A continuaci\u00f3n, se facilita la informaci\u00f3n de los tratamientos realizados:<\/p><table class=\"t1\" cellspacing=\"0\" cellpadding=\"0\"><tbody><tr><td class=\"td1\" valign=\"top\"><p class=\"p1\"><b>TRATAMIENTOS REALIZADOS <\/b><\/p><\/td><\/tr><tr><td class=\"td1\" valign=\"top\"><p class=\"p1\">Acciones comerciales formulario web<\/p><\/td><td class=\"td1\" valign=\"top\"><p class=\"p1\"><b>Finalidad: <\/b>Captaci\u00f3n, registro y tratamiento de datos con finalidades de atender sus consultas y\/o solicitudes, as\u00ed como de publicidad y prospecci\u00f3n comercial. <br \/><b>Plazo de conservaci\u00f3n: <\/b>mientras se mantenga el consentimiento prestado, salvo obligaci\u00f3n legal. <br \/><b>Base leg\u00edtima: <\/b>El consentimiento del interesado. <br \/><b>Tipolog\u00eda de Datos: Datos b\u00e1sicos: <\/b>Nombre y apellidos, Direcci\u00f3n electr\u00f3nica<\/p><\/td><\/tr><tr><td class=\"td1\" valign=\"top\"><p class=\"p2\">Gesti\u00f3n usuarios web<\/p><\/td><td class=\"td1\" valign=\"top\"><p class=\"p1\"><b>Finalidad: <\/b>Captaci\u00f3n, registro y tratamiento de datos del usuario. <br \/><b>Plazo de conservaci\u00f3n: <\/b>mientras se mantenga el consentimiento prestado, salvo obligaci\u00f3n legal. <br \/><b>Base leg\u00edtima: <\/b>El consentimiento del interesado. <br \/><b>Tipolog\u00eda de Datos: Datos b\u00e1sicos: <\/b>Nombre y apellidos, Direcci\u00f3n electr\u00f3nica<\/p><\/td><\/tr><tr><td class=\"td1\" valign=\"top\"><p class=\"p2\">Instalaci\u00f3n de cookies<\/p><\/td><td class=\"td1\" valign=\"top\"><p class=\"p1\"><b>Finalidad: <\/b>Gesti\u00f3n e instalaci\u00f3n de las cookies. <br \/><b>Plazo de conservaci\u00f3n: <\/b>mientras se mantenga el consentimiento prestado. <br \/><b>Base leg\u00edtima: <\/b>El consentimiento del interesado. <br \/><b>Tipolog\u00eda de Datos: Datos b\u00e1sicos: <\/b>Direcci\u00f3n electr\u00f3nica, Direcci\u00f3n IP<\/p><\/td><\/tr><tr><td class=\"td1\" valign=\"top\"><p class=\"p1\">Gesti\u00f3n Formulario web<\/p><\/td><td class=\"td1\" valign=\"top\"><p class=\"p1\"><b>Finalidad: <\/b>Atender sus consultas y\/o solicitudes. <br \/><b>Plazo de conservaci\u00f3n: <\/b>mientras se mantenga el consentimiento prestado. <br \/><b>Base leg\u00edtima: <\/b>El consentimiento del interesado. <br \/><b>Tipolog\u00eda de Datos: Datos b\u00e1sicos: <\/b>Nombre y apellidos, Direcci\u00f3n electr\u00f3nica, Direcci\u00f3n IP<\/p><\/td><\/tr><\/tbody><\/table><p class=\"p1\">A su vez, le informamos que puede contactar con el Delegado de Protecci\u00f3n de Datos, dirigi\u00e9ndose por escrito a la direcci\u00f3n de correo <a href=\"mailto:dpd.cliente@conversia.es\">dpd.cliente@conversia.es<\/a> o al tel\u00e9fono <a href=\"tel:34902877192\">902 877 192<\/a>.<\/p><p class=\"p3\"><b>Propiedad intelectual e industrial <\/b><\/p><p class=\"p3\">CONSELL REGULADOR DE LA IGP VI DE LA TERRA MALLORCA por s\u00ed misma o como cesionaria, es titular de todos los derechos de propiedad intelectual e industrial de su p\u00e1gina web, as\u00ed como de los elementos contenidos en la misma (a t\u00edtulo enunciativo, im\u00e1genes, sonido, audio, v\u00eddeo, software o textos; marcas o logotipos, combinaciones de colores, estructura y dise\u00f1o, selecci\u00f3n de materiales usados, programas de ordenador necesarios para su funcionamiento, acceso y uso, etc.), titularidad de CONSELL REGULADOR DE LA IGP VI DE LA TERRA MALLORCA.<\/p><p class=\"p3\">Ser\u00e1n, por consiguiente, obras protegidas como propiedad intelectual por el ordenamiento jur\u00eddico espa\u00f1ol, si\u00e9ndoles aplicables tanto la normativa espa\u00f1ola y comunitaria en este campo, como los tratados internacionales relativos a la materia y suscritos por Espa\u00f1a.<\/p><p class=\"p3\">Todos los derechos reservados. En virtud de lo dispuesto en la Ley de Propiedad Intelectual, quedan expresamente prohibidas la reproducci\u00f3n, la distribuci\u00f3n y la comunicaci\u00f3n p\u00fablica, incluida su modalidad de puesta a disposici\u00f3n, de la totalidad o parte de los contenidos de esta p\u00e1gina web, con fines comerciales, en cualquier soporte y por cualquier medio t\u00e9cnico, sin la autorizaci\u00f3n de CONSELL REGULADOR DE LA IGP VI DE LA TERRA MALLORCA.<\/p><p class=\"p3\">El usuario se compromete a respetar los derechos de Propiedad Intelectual e Industrial titularidad de CONSELL REGULADOR DE LA IGP VI DE LA TERRA MALLORCA. Podr\u00e1 visualizar los elementos del portal e incluso imprimirlos, copiarlos y almacenarlos en el disco duro de su ordenador o en cualquier otro soporte f\u00edsico siempre y cuando sea, \u00fanica y exclusivamente, para su uso personal y privado. El usuario deber\u00e1 abstenerse de suprimir, alterar, eludir o manipular cualquier dispositivo de protecci\u00f3n o sistema de seguridad que estuviera instalado en las p\u00e1ginas de CONSELL REGULADOR DE LA IGP VI DE LA TERRA MALLORCA.<\/p><p class=\"p3\"><b>Acciones legales, legislaci\u00f3n aplicable y jurisdicci\u00f3n <\/b><\/p><p class=\"p3\">CONSELL REGULADOR DE LA IGP VI DE LA TERRA MALLORCA se reserva, asimismo, la facultad de presentar las acciones civiles o penales que considere oportunas por la utilizaci\u00f3n indebida de su sitio web y contenidos, o por el incumplimiento de las presentes condiciones.<\/p><p class=\"p3\">La relaci\u00f3n entre el usuario y el prestador se regir\u00e1 por la normativa vigente y de aplicaci\u00f3n en el territorio espa\u00f1ol. De surgir cualquier controversia las partes podr\u00e1n someter sus conflictos a arbitraje o acudir a la jurisdicci\u00f3n ordinaria cumpliendo con las normas sobre jurisdicci\u00f3n y competencia al respecto. CONSELL REGULADOR DE LA IGP VI DE LA TERRA MALLORCA tiene su domicilio en ILLES BALEARS, Espa\u00f1a.<\/p>\t\t\t\t\t\t\t\t<\/div>\n\t\t\t\t<\/div>\n\t\t\t\t\t<\/div>\n\t\t<\/div>\n\t\t\t\t\t<\/div>\n\t\t<\/section>\n\t\t\t\t<\/div>\n\t\t","protected":false},"excerpt":{"rendered":"<p>Pol\u00edtica de Privacidad CONDICIONES DE USO En cumplimiento de la Ley 34\/2002, de 11 de julio, de Servicios de la Sociedad de la Informaci\u00f3n y de Comercio Electr\u00f3nico (LSSI-CE), CONSELL REGULADOR DE LA IGP VI DE LA TERRA MALLORCA informa que es titular del sitio web http:\/\/vtmallorca.com\/ . De acuerdo con la exigencia del art\u00edculo [&hellip;]<\/p>\n","protected":false},"author":2,"featured_media":0,"parent":0,"menu_order":0,"comment_status":"closed","ping_status":"closed","template":"","meta":{"_acf_changed":false,"footnotes":""},"class_list":["post-4590","page","type-page","status-publish","hentry"],"acf":[],"yoast_head":"<!-- This site is optimized with the Yoast SEO plugin v27.4 - https:\/\/yoast.com\/product\/yoast-seo-wordpress\/ -->\n<title>Pol\u00edtica de Privacidad - Vi de La Terra Mallorca<\/title>\n<meta name=\"robots\" content=\"index, follow, max-snippet:-1, max-image-preview:large, max-video-preview:-1\" \/>\n<link rel=\"canonical\" href=\"https:\/\/vtmallorca.com\/ca\/politica-de-privacidad\/\" \/>\n<meta property=\"og:locale\" content=\"ca_ES\" \/>\n<meta property=\"og:type\" content=\"article\" \/>\n<meta property=\"og:title\" content=\"Pol\u00edtica de Privacidad - Vi de La Terra Mallorca\" \/>\n<meta property=\"og:description\" content=\"Pol\u00edtica de Privacidad CONDICIONES DE USO En cumplimiento de la Ley 34\/2002, de 11 de julio, de Servicios de la Sociedad de la Informaci\u00f3n y de Comercio Electr\u00f3nico (LSSI-CE), CONSELL REGULADOR DE LA IGP VI DE LA TERRA MALLORCA informa que es titular del sitio web http:\/\/vtmallorca.com\/ . De acuerdo con la exigencia del art\u00edculo [&hellip;]\" \/>\n<meta property=\"og:url\" content=\"https:\/\/vtmallorca.com\/ca\/politica-de-privacidad\/\" \/>\n<meta property=\"og:site_name\" content=\"Vi de La Terra Mallorca\" \/>\n<meta property=\"article:modified_time\" content=\"2025-04-10T08:38:48+00:00\" \/>\n<meta name=\"twitter:card\" content=\"summary_large_image\" \/>\n<meta name=\"twitter:label1\" content=\"Temps estimat de lectura\" \/>\n\t<meta name=\"twitter:data1\" content=\"7 minuts\" \/>\n<script type=\"application\/ld+json\" class=\"yoast-schema-graph\">{\"@context\":\"https:\\\/\\\/schema.org\",\"@graph\":[{\"@type\":\"WebPage\",\"@id\":\"https:\\\/\\\/vtmallorca.com\\\/ca\\\/politica-de-privacidad\\\/\",\"url\":\"https:\\\/\\\/vtmallorca.com\\\/ca\\\/politica-de-privacidad\\\/\",\"name\":\"Pol\u00edtica de Privacidad - Vi de La Terra Mallorca\",\"isPartOf\":{\"@id\":\"https:\\\/\\\/vtmallorca.com\\\/#website\"},\"datePublished\":\"2022-10-05T17:15:51+00:00\",\"dateModified\":\"2025-04-10T08:38:48+00:00\",\"breadcrumb\":{\"@id\":\"https:\\\/\\\/vtmallorca.com\\\/ca\\\/politica-de-privacidad\\\/#breadcrumb\"},\"inLanguage\":\"ca\",\"potentialAction\":[{\"@type\":\"ReadAction\",\"target\":[\"https:\\\/\\\/vtmallorca.com\\\/ca\\\/politica-de-privacidad\\\/\"]}]},{\"@type\":\"BreadcrumbList\",\"@id\":\"https:\\\/\\\/vtmallorca.com\\\/ca\\\/politica-de-privacidad\\\/#breadcrumb\",\"itemListElement\":[{\"@type\":\"ListItem\",\"position\":1,\"name\":\"Portada\",\"item\":\"https:\\\/\\\/vtmallorca.com\\\/ca\\\/\"},{\"@type\":\"ListItem\",\"position\":2,\"name\":\"Pol\u00edtica de Privacidad\"}]},{\"@type\":\"WebSite\",\"@id\":\"https:\\\/\\\/vtmallorca.com\\\/#website\",\"url\":\"https:\\\/\\\/vtmallorca.com\\\/\",\"name\":\"Vi de La Terra Mallorca\",\"description\":\"Vi de La Terra Mallorca\",\"potentialAction\":[{\"@type\":\"SearchAction\",\"target\":{\"@type\":\"EntryPoint\",\"urlTemplate\":\"https:\\\/\\\/vtmallorca.com\\\/?s={search_term_string}\"},\"query-input\":{\"@type\":\"PropertyValueSpecification\",\"valueRequired\":true,\"valueName\":\"search_term_string\"}}],\"inLanguage\":\"ca\"}]}<\/script>\n<!-- \/ Yoast SEO plugin. -->","yoast_head_json":{"title":"Pol\u00edtica de Privacidad - Vi de La Terra Mallorca","robots":{"index":"index","follow":"follow","max-snippet":"max-snippet:-1","max-image-preview":"max-image-preview:large","max-video-preview":"max-video-preview:-1"},"canonical":"https:\/\/vtmallorca.com\/ca\/politica-de-privacidad\/","og_locale":"ca_ES","og_type":"article","og_title":"Pol\u00edtica de Privacidad - Vi de La Terra Mallorca","og_description":"Pol\u00edtica de Privacidad CONDICIONES DE USO En cumplimiento de la Ley 34\/2002, de 11 de julio, de Servicios de la Sociedad de la Informaci\u00f3n y de Comercio Electr\u00f3nico (LSSI-CE), CONSELL REGULADOR DE LA IGP VI DE LA TERRA MALLORCA informa que es titular del sitio web http:\/\/vtmallorca.com\/ . De acuerdo con la exigencia del art\u00edculo [&hellip;]","og_url":"https:\/\/vtmallorca.com\/ca\/politica-de-privacidad\/","og_site_name":"Vi de La Terra Mallorca","article_modified_time":"2025-04-10T08:38:48+00:00","twitter_card":"summary_large_image","twitter_misc":{"Temps estimat de lectura":"7 minuts"},"schema":{"@context":"https:\/\/schema.org","@graph":[{"@type":"WebPage","@id":"https:\/\/vtmallorca.com\/ca\/politica-de-privacidad\/","url":"https:\/\/vtmallorca.com\/ca\/politica-de-privacidad\/","name":"Pol\u00edtica de Privacidad - Vi de La Terra Mallorca","isPartOf":{"@id":"https:\/\/vtmallorca.com\/#website"},"datePublished":"2022-10-05T17:15:51+00:00","dateModified":"2025-04-10T08:38:48+00:00","breadcrumb":{"@id":"https:\/\/vtmallorca.com\/ca\/politica-de-privacidad\/#breadcrumb"},"inLanguage":"ca","potentialAction":[{"@type":"ReadAction","target":["https:\/\/vtmallorca.com\/ca\/politica-de-privacidad\/"]}]},{"@type":"BreadcrumbList","@id":"https:\/\/vtmallorca.com\/ca\/politica-de-privacidad\/#breadcrumb","itemListElement":[{"@type":"ListItem","position":1,"name":"Portada","item":"https:\/\/vtmallorca.com\/ca\/"},{"@type":"ListItem","position":2,"name":"Pol\u00edtica de Privacidad"}]},{"@type":"WebSite","@id":"https:\/\/vtmallorca.com\/#website","url":"https:\/\/vtmallorca.com\/","name":"Vi de La Terra Mallorca","description":"Vi de La Terra Mallorca","potentialAction":[{"@type":"SearchAction","target":{"@type":"EntryPoint","urlTemplate":"https:\/\/vtmallorca.com\/?s={search_term_string}"},"query-input":{"@type":"PropertyValueSpecification","valueRequired":true,"valueName":"search_term_string"}}],"inLanguage":"ca"}]}},"_links":{"self":[{"href":"https:\/\/vtmallorca.com\/ca\/wp-json\/wp\/v2\/pages\/4590","targetHints":{"allow":["GET"]}}],"collection":[{"href":"https:\/\/vtmallorca.com\/ca\/wp-json\/wp\/v2\/pages"}],"about":[{"href":"https:\/\/vtmallorca.com\/ca\/wp-json\/wp\/v2\/types\/page"}],"author":[{"embeddable":true,"href":"https:\/\/vtmallorca.com\/ca\/wp-json\/wp\/v2\/users\/2"}],"replies":[{"embeddable":true,"href":"https:\/\/vtmallorca.com\/ca\/wp-json\/wp\/v2\/comments?post=4590"}],"version-history":[{"count":0,"href":"https:\/\/vtmallorca.com\/ca\/wp-json\/wp\/v2\/pages\/4590\/revisions"}],"wp:attachment":[{"href":"https:\/\/vtmallorca.com\/ca\/wp-json\/wp\/v2\/media?parent=4590"}],"curies":[{"name":"wp","href":"https:\/\/api.w.org\/{rel}","templated":true}]}}