{"id":9650,"date":"2024-01-08T09:03:47","date_gmt":"2024-01-08T09:03:47","guid":{"rendered":"https:\/\/vtmallorca.com\/rwf-i-edicion-costitx\/"},"modified":"2024-03-22T08:04:33","modified_gmt":"2024-03-22T08:04:33","slug":"rwf-i-edicion-costitx","status":"publish","type":"page","link":"https:\/\/vtmallorca.com\/ca\/rwf-i-edicion-costitx\/","title":{"rendered":"RWF I EDICI\u00d3N: COSTITX"},"content":{"rendered":"\t\t<div data-elementor-type=\"wp-page\" data-elementor-id=\"9650\" class=\"elementor elementor-9650 elementor-8471\" data-elementor-post-type=\"page\">\n\t\t\t\t\t\t<section class=\"elementor-section elementor-top-section elementor-element elementor-element-e32b802 elementor-section-full_width elementor-section-height-default elementor-section-height-default\" data-id=\"e32b802\" data-element_type=\"section\" data-e-type=\"section\" data-settings=\"{&quot;background_background&quot;:&quot;classic&quot;}\">\n\t\t\t\t\t\t<div class=\"elementor-container elementor-column-gap-default\">\n\t\t\t\t\t<div class=\"elementor-column elementor-col-50 elementor-top-column elementor-element elementor-element-c8d26fa\" data-id=\"c8d26fa\" data-element_type=\"column\" data-e-type=\"column\" data-settings=\"{&quot;background_background&quot;:&quot;classic&quot;}\">\n\t\t\t<div class=\"elementor-widget-wrap elementor-element-populated\">\n\t\t\t\t\t\t<div class=\"elementor-element elementor-element-7b66daa elementor-widget elementor-widget-heading\" data-id=\"7b66daa\" data-element_type=\"widget\" data-e-type=\"widget\" data-widget_type=\"heading.default\">\n\t\t\t\t<div class=\"elementor-widget-container\">\n\t\t\t\t\t<h2 class=\"elementor-heading-title elementor-size-default\">1 de octubre 2022<\/h2>\t\t\t\t<\/div>\n\t\t\t\t<\/div>\n\t\t\t\t<div class=\"elementor-element elementor-element-d84bf0d elementor-widget elementor-widget-heading\" data-id=\"d84bf0d\" data-element_type=\"widget\" data-e-type=\"widget\" data-widget_type=\"heading.default\">\n\t\t\t\t<div class=\"elementor-widget-container\">\n\t\t\t\t\t<h1 class=\"elementor-heading-title elementor-size-default\">Ra\u00efm Wine Festival<\/h1>\t\t\t\t<\/div>\n\t\t\t\t<\/div>\n\t\t\t\t<div class=\"elementor-element elementor-element-f1f54ca elementor-widget elementor-widget-heading\" data-id=\"f1f54ca\" data-element_type=\"widget\" data-e-type=\"widget\" data-widget_type=\"heading.default\">\n\t\t\t\t<div class=\"elementor-widget-container\">\n\t\t\t\t\t<h2 class=\"elementor-heading-title elementor-size-default\">I EDICI\u00d3N: COSTITX<\/h2>\t\t\t\t<\/div>\n\t\t\t\t<\/div>\n\t\t\t\t<div class=\"elementor-element elementor-element-19fd9db elementor-align-left elementor-mobile-align-center elementor-widget elementor-widget-button\" data-id=\"19fd9db\" data-element_type=\"widget\" data-e-type=\"widget\" data-widget_type=\"button.default\">\n\t\t\t\t<div class=\"elementor-widget-container\">\n\t\t\t\t\t\t\t\t\t<div class=\"elementor-button-wrapper\">\n\t\t\t\t\t<a class=\"elementor-button elementor-button-link elementor-size-sm\" href=\"#galeria\">\n\t\t\t\t\t\t<span class=\"elementor-button-content-wrapper\">\n\t\t\t\t\t\t\t\t\t<span class=\"elementor-button-text\">Galeria de fotos<\/span>\n\t\t\t\t\t<\/span>\n\t\t\t\t\t<\/a>\n\t\t\t\t<\/div>\n\t\t\t\t\t\t\t\t<\/div>\n\t\t\t\t<\/div>\n\t\t\t\t\t<\/div>\n\t\t<\/div>\n\t\t\t\t<div class=\"elementor-column elementor-col-50 elementor-top-column elementor-element elementor-element-4c0f04c\" data-id=\"4c0f04c\" data-element_type=\"column\" data-e-type=\"column\" data-settings=\"{&quot;background_background&quot;:&quot;classic&quot;}\">\n\t\t\t<div class=\"elementor-widget-wrap elementor-element-populated\">\n\t\t\t\t\t<div class=\"elementor-background-overlay\"><\/div>\n\t\t\t\t\t\t<div class=\"elementor-element elementor-element-d6794a1 elementor-widget elementor-widget-image\" data-id=\"d6794a1\" data-element_type=\"widget\" data-e-type=\"widget\" data-widget_type=\"image.default\">\n\t\t\t\t<div class=\"elementor-widget-container\">\n\t\t\t\t\t\t\t\t\t\t\t\t\t\t\t<img fetchpriority=\"high\" decoding=\"async\" width=\"1097\" height=\"1600\" src=\"https:\/\/vtmallorca.com\/wp-content\/uploads\/2022\/09\/cartel-Rai\u0308m-Wine-Fest-1.jpg\" class=\"attachment-full size-full wp-image-3857\" alt=\"\" srcset=\"https:\/\/vtmallorca.com\/wp-content\/uploads\/2022\/09\/cartel-Rai\u0308m-Wine-Fest-1.jpg 1097w, https:\/\/vtmallorca.com\/wp-content\/uploads\/2022\/09\/cartel-Rai\u0308m-Wine-Fest-1-206x300.jpg 206w, https:\/\/vtmallorca.com\/wp-content\/uploads\/2022\/09\/cartel-Rai\u0308m-Wine-Fest-1-702x1024.jpg 702w, https:\/\/vtmallorca.com\/wp-content\/uploads\/2022\/09\/cartel-Rai\u0308m-Wine-Fest-1-768x1120.jpg 768w, https:\/\/vtmallorca.com\/wp-content\/uploads\/2022\/09\/cartel-Rai\u0308m-Wine-Fest-1-1053x1536.jpg 1053w\" sizes=\"(max-width: 1097px) 100vw, 1097px\" \/>\t\t\t\t\t\t\t\t\t\t\t\t\t\t\t<\/div>\n\t\t\t\t<\/div>\n\t\t\t\t\t<\/div>\n\t\t<\/div>\n\t\t\t\t\t<\/div>\n\t\t<\/section>\n\t\t\t\t<section class=\"elementor-section elementor-top-section elementor-element elementor-element-7af1a88 elementor-section-full_width elementor-section-height-default elementor-section-height-default\" data-id=\"7af1a88\" data-element_type=\"section\" data-e-type=\"section\" id=\"galeria\" data-settings=\"{&quot;background_background&quot;:&quot;classic&quot;}\">\n\t\t\t\t\t\t<div class=\"elementor-container elementor-column-gap-default\">\n\t\t\t\t\t<div class=\"elementor-column elementor-col-100 elementor-top-column elementor-element elementor-element-d1b8298\" data-id=\"d1b8298\" data-element_type=\"column\" data-e-type=\"column\">\n\t\t\t<div class=\"elementor-widget-wrap elementor-element-populated\">\n\t\t\t\t\t\t<div class=\"elementor-element elementor-element-f1e974b elementor-widget elementor-widget-heading\" data-id=\"f1e974b\" data-element_type=\"widget\" data-e-type=\"widget\" data-widget_type=\"heading.default\">\n\t\t\t\t<div class=\"elementor-widget-container\">\n\t\t\t\t\t<h2 class=\"elementor-heading-title elementor-size-default\">galeria de fotos Ra\u00efm Wine Fest - Costix<\/h2>\t\t\t\t<\/div>\n\t\t\t\t<\/div>\n\t\t\t\t<div class=\"elementor-element elementor-element-a0557ea elementor-widget elementor-widget-gallery\" data-id=\"a0557ea\" data-element_type=\"widget\" data-e-type=\"widget\" data-settings=\"{&quot;gap&quot;:{&quot;unit&quot;:&quot;px&quot;,&quot;size&quot;:2,&quot;sizes&quot;:[]},&quot;columns&quot;:3,&quot;columns_tablet&quot;:3,&quot;columns_mobile&quot;:2,&quot;gap_mobile&quot;:{&quot;unit&quot;:&quot;px&quot;,&quot;size&quot;:4,&quot;sizes&quot;:[]},&quot;lazyload&quot;:&quot;yes&quot;,&quot;gallery_layout&quot;:&quot;grid&quot;,&quot;gap_tablet&quot;:{&quot;unit&quot;:&quot;px&quot;,&quot;size&quot;:10,&quot;sizes&quot;:[]},&quot;link_to&quot;:&quot;file&quot;,&quot;aspect_ratio&quot;:&quot;3:2&quot;,&quot;overlay_background&quot;:&quot;yes&quot;,&quot;content_hover_animation&quot;:&quot;fade-in&quot;}\" data-widget_type=\"gallery.default\">\n\t\t\t\t<div class=\"elementor-widget-container\">\n\t\t\t\t\t\t\t<div class=\"elementor-gallery__container\">\n\t\t\t\t\t\t\t<a class=\"e-gallery-item elementor-gallery-item elementor-animated-content\" href=\"https:\/\/vtmallorca.com\/wp-content\/uploads\/2022\/10\/Rai\u0308mWineFest_Costitx_1.jpg\" data-elementor-open-lightbox=\"yes\" data-elementor-lightbox-slideshow=\"a0557ea\" data-elementor-lightbox-title=\"Rai\u0308mWineFest_Costitx_1\" data-e-action-hash=\"#elementor-action%3Aaction%3Dlightbox%26settings%3DeyJpZCI6NTAzMiwidXJsIjoiaHR0cHM6XC9cL3Z0bWFsbG9yY2EuY29tXC93cC1jb250ZW50XC91cGxvYWRzXC8yMDIyXC8xMFwvUmFpXHUwMzA4bVdpbmVGZXN0X0Nvc3RpdHhfMS5qcGciLCJzbGlkZXNob3ciOiJhMDU1N2VhIn0%3D\">\n\t\t\t\t\t<div class=\"e-gallery-image elementor-gallery-item__image\" data-thumbnail=\"https:\/\/vtmallorca.com\/wp-content\/uploads\/2022\/10\/Rai\u0308mWineFest_Costitx_1.jpg\" data-width=\"2560\" data-height=\"1707\" aria-label=\"\" role=\"img\" ><\/div>\n\t\t\t\t\t\t\t\t\t\t\t<div class=\"elementor-gallery-item__overlay\"><\/div>\n\t\t\t\t\t\t\t\t\t\t\t\t\t\t<\/a>\n\t\t\t\t\t\t\t<a class=\"e-gallery-item elementor-gallery-item elementor-animated-content\" href=\"https:\/\/vtmallorca.com\/wp-content\/uploads\/2022\/10\/Rai\u0308mWineFest_Costitx_10.jpg\" data-elementor-open-lightbox=\"yes\" data-elementor-lightbox-slideshow=\"a0557ea\" data-elementor-lightbox-title=\"Rai\u0308mWineFest_Costitx_10\" data-e-action-hash=\"#elementor-action%3Aaction%3Dlightbox%26settings%3DeyJpZCI6NTAzMSwidXJsIjoiaHR0cHM6XC9cL3Z0bWFsbG9yY2EuY29tXC93cC1jb250ZW50XC91cGxvYWRzXC8yMDIyXC8xMFwvUmFpXHUwMzA4bVdpbmVGZXN0X0Nvc3RpdHhfMTAuanBnIiwic2xpZGVzaG93IjoiYTA1NTdlYSJ9\">\n\t\t\t\t\t<div class=\"e-gallery-image elementor-gallery-item__image\" data-thumbnail=\"https:\/\/vtmallorca.com\/wp-content\/uploads\/2022\/10\/Rai\u0308mWineFest_Costitx_10.jpg\" data-width=\"2560\" data-height=\"1707\" aria-label=\"\" role=\"img\" ><\/div>\n\t\t\t\t\t\t\t\t\t\t\t<div class=\"elementor-gallery-item__overlay\"><\/div>\n\t\t\t\t\t\t\t\t\t\t\t\t\t\t<\/a>\n\t\t\t\t\t\t\t<a class=\"e-gallery-item elementor-gallery-item elementor-animated-content\" href=\"https:\/\/vtmallorca.com\/wp-content\/uploads\/2022\/10\/Rai\u0308mWineFest_Costitx_2.jpg\" data-elementor-open-lightbox=\"yes\" data-elementor-lightbox-slideshow=\"a0557ea\" data-elementor-lightbox-title=\"Rai\u0308mWineFest_Costitx_2\" data-e-action-hash=\"#elementor-action%3Aaction%3Dlightbox%26settings%3DeyJpZCI6NTAyMSwidXJsIjoiaHR0cHM6XC9cL3Z0bWFsbG9yY2EuY29tXC93cC1jb250ZW50XC91cGxvYWRzXC8yMDIyXC8xMFwvUmFpXHUwMzA4bVdpbmVGZXN0X0Nvc3RpdHhfMi5qcGciLCJzbGlkZXNob3ciOiJhMDU1N2VhIn0%3D\">\n\t\t\t\t\t<div class=\"e-gallery-image elementor-gallery-item__image\" data-thumbnail=\"https:\/\/vtmallorca.com\/wp-content\/uploads\/2022\/10\/Rai\u0308mWineFest_Costitx_2.jpg\" data-width=\"2560\" data-height=\"1707\" aria-label=\"\" role=\"img\" ><\/div>\n\t\t\t\t\t\t\t\t\t\t\t<div class=\"elementor-gallery-item__overlay\"><\/div>\n\t\t\t\t\t\t\t\t\t\t\t\t\t\t<\/a>\n\t\t\t\t\t\t\t<a class=\"e-gallery-item elementor-gallery-item elementor-animated-content\" href=\"https:\/\/vtmallorca.com\/wp-content\/uploads\/2022\/10\/Rai\u0308mWineFest_Costitx_45-scaled.jpg\" data-elementor-open-lightbox=\"yes\" data-elementor-lightbox-slideshow=\"a0557ea\" data-elementor-lightbox-title=\"Rai\u0308mWineFest_Costitx_45\" data-e-action-hash=\"#elementor-action%3Aaction%3Dlightbox%26settings%3DeyJpZCI6NDk5MywidXJsIjoiaHR0cHM6XC9cL3Z0bWFsbG9yY2EuY29tXC93cC1jb250ZW50XC91cGxvYWRzXC8yMDIyXC8xMFwvUmFpXHUwMzA4bVdpbmVGZXN0X0Nvc3RpdHhfNDUtc2NhbGVkLmpwZyIsInNsaWRlc2hvdyI6ImEwNTU3ZWEifQ%3D%3D\">\n\t\t\t\t\t<div class=\"e-gallery-image elementor-gallery-item__image\" data-thumbnail=\"https:\/\/vtmallorca.com\/wp-content\/uploads\/2022\/10\/Rai\u0308mWineFest_Costitx_45-scaled.jpg\" data-width=\"1707\" data-height=\"2560\" aria-label=\"\" role=\"img\" ><\/div>\n\t\t\t\t\t\t\t\t\t\t\t<div class=\"elementor-gallery-item__overlay\"><\/div>\n\t\t\t\t\t\t\t\t\t\t\t\t\t\t<\/a>\n\t\t\t\t\t\t\t<a class=\"e-gallery-item elementor-gallery-item elementor-animated-content\" href=\"https:\/\/vtmallorca.com\/wp-content\/uploads\/2022\/10\/Rai\u0308mWineFest_Costitx_37-scaled.jpg\" data-elementor-open-lightbox=\"yes\" data-elementor-lightbox-slideshow=\"a0557ea\" data-elementor-lightbox-title=\"Rai\u0308mWineFest_Costitx_37\" data-e-action-hash=\"#elementor-action%3Aaction%3Dlightbox%26settings%3DeyJpZCI6NTAwMiwidXJsIjoiaHR0cHM6XC9cL3Z0bWFsbG9yY2EuY29tXC93cC1jb250ZW50XC91cGxvYWRzXC8yMDIyXC8xMFwvUmFpXHUwMzA4bVdpbmVGZXN0X0Nvc3RpdHhfMzctc2NhbGVkLmpwZyIsInNsaWRlc2hvdyI6ImEwNTU3ZWEifQ%3D%3D\">\n\t\t\t\t\t<div class=\"e-gallery-image elementor-gallery-item__image\" data-thumbnail=\"https:\/\/vtmallorca.com\/wp-content\/uploads\/2022\/10\/Rai\u0308mWineFest_Costitx_37-scaled.jpg\" data-width=\"1707\" data-height=\"2560\" aria-label=\"\" role=\"img\" ><\/div>\n\t\t\t\t\t\t\t\t\t\t\t<div class=\"elementor-gallery-item__overlay\"><\/div>\n\t\t\t\t\t\t\t\t\t\t\t\t\t\t<\/a>\n\t\t\t\t\t\t\t<a class=\"e-gallery-item elementor-gallery-item elementor-animated-content\" href=\"https:\/\/vtmallorca.com\/wp-content\/uploads\/2022\/10\/Rai\u0308mWineFest_Costitx_53-scaled.jpg\" data-elementor-open-lightbox=\"yes\" data-elementor-lightbox-slideshow=\"a0557ea\" data-elementor-lightbox-title=\"Rai\u0308mWineFest_Costitx_53\" data-e-action-hash=\"#elementor-action%3Aaction%3Dlightbox%26settings%3DeyJpZCI6NDk4NCwidXJsIjoiaHR0cHM6XC9cL3Z0bWFsbG9yY2EuY29tXC93cC1jb250ZW50XC91cGxvYWRzXC8yMDIyXC8xMFwvUmFpXHUwMzA4bVdpbmVGZXN0X0Nvc3RpdHhfNTMtc2NhbGVkLmpwZyIsInNsaWRlc2hvdyI6ImEwNTU3ZWEifQ%3D%3D\">\n\t\t\t\t\t<div class=\"e-gallery-image elementor-gallery-item__image\" data-thumbnail=\"https:\/\/vtmallorca.com\/wp-content\/uploads\/2022\/10\/Rai\u0308mWineFest_Costitx_53-scaled.jpg\" data-width=\"1707\" data-height=\"2560\" aria-label=\"\" role=\"img\" ><\/div>\n\t\t\t\t\t\t\t\t\t\t\t<div class=\"elementor-gallery-item__overlay\"><\/div>\n\t\t\t\t\t\t\t\t\t\t\t\t\t\t<\/a>\n\t\t\t\t\t\t\t<a class=\"e-gallery-item elementor-gallery-item elementor-animated-content\" href=\"https:\/\/vtmallorca.com\/wp-content\/uploads\/2022\/10\/Rai\u0308mWineFest_Costitx_71.jpg\" data-elementor-open-lightbox=\"yes\" data-elementor-lightbox-slideshow=\"a0557ea\" data-elementor-lightbox-title=\"Rai\u0308mWineFest_Costitx_71\" data-e-action-hash=\"#elementor-action%3Aaction%3Dlightbox%26settings%3DeyJpZCI6NDk2MCwidXJsIjoiaHR0cHM6XC9cL3Z0bWFsbG9yY2EuY29tXC93cC1jb250ZW50XC91cGxvYWRzXC8yMDIyXC8xMFwvUmFpXHUwMzA4bVdpbmVGZXN0X0Nvc3RpdHhfNzEuanBnIiwic2xpZGVzaG93IjoiYTA1NTdlYSJ9\">\n\t\t\t\t\t<div class=\"e-gallery-image elementor-gallery-item__image\" data-thumbnail=\"https:\/\/vtmallorca.com\/wp-content\/uploads\/2022\/10\/Rai\u0308mWineFest_Costitx_71.jpg\" data-width=\"2560\" data-height=\"1707\" aria-label=\"\" role=\"img\" ><\/div>\n\t\t\t\t\t\t\t\t\t\t\t<div class=\"elementor-gallery-item__overlay\"><\/div>\n\t\t\t\t\t\t\t\t\t\t\t\t\t\t<\/a>\n\t\t\t\t\t\t\t<a class=\"e-gallery-item elementor-gallery-item elementor-animated-content\" href=\"https:\/\/vtmallorca.com\/wp-content\/uploads\/2022\/10\/Rai\u0308mWineFest_Costitx_80-scaled.jpg\" data-elementor-open-lightbox=\"yes\" data-elementor-lightbox-slideshow=\"a0557ea\" data-elementor-lightbox-title=\"Rai\u0308mWineFest_Costitx_80\" data-e-action-hash=\"#elementor-action%3Aaction%3Dlightbox%26settings%3DeyJpZCI6NDk1MCwidXJsIjoiaHR0cHM6XC9cL3Z0bWFsbG9yY2EuY29tXC93cC1jb250ZW50XC91cGxvYWRzXC8yMDIyXC8xMFwvUmFpXHUwMzA4bVdpbmVGZXN0X0Nvc3RpdHhfODAtc2NhbGVkLmpwZyIsInNsaWRlc2hvdyI6ImEwNTU3ZWEifQ%3D%3D\">\n\t\t\t\t\t<div class=\"e-gallery-image elementor-gallery-item__image\" data-thumbnail=\"https:\/\/vtmallorca.com\/wp-content\/uploads\/2022\/10\/Rai\u0308mWineFest_Costitx_80-scaled.jpg\" data-width=\"1707\" data-height=\"2560\" aria-label=\"\" role=\"img\" ><\/div>\n\t\t\t\t\t\t\t\t\t\t\t<div class=\"elementor-gallery-item__overlay\"><\/div>\n\t\t\t\t\t\t\t\t\t\t\t\t\t\t<\/a>\n\t\t\t\t\t\t\t<a class=\"e-gallery-item elementor-gallery-item elementor-animated-content\" href=\"https:\/\/vtmallorca.com\/wp-content\/uploads\/2022\/10\/Rai\u0308mWineFest_Costitx_72.jpg\" data-elementor-open-lightbox=\"yes\" data-elementor-lightbox-slideshow=\"a0557ea\" data-elementor-lightbox-title=\"Rai\u0308mWineFest_Costitx_72\" data-e-action-hash=\"#elementor-action%3Aaction%3Dlightbox%26settings%3DeyJpZCI6NDk1OSwidXJsIjoiaHR0cHM6XC9cL3Z0bWFsbG9yY2EuY29tXC93cC1jb250ZW50XC91cGxvYWRzXC8yMDIyXC8xMFwvUmFpXHUwMzA4bVdpbmVGZXN0X0Nvc3RpdHhfNzIuanBnIiwic2xpZGVzaG93IjoiYTA1NTdlYSJ9\">\n\t\t\t\t\t<div class=\"e-gallery-image elementor-gallery-item__image\" data-thumbnail=\"https:\/\/vtmallorca.com\/wp-content\/uploads\/2022\/10\/Rai\u0308mWineFest_Costitx_72.jpg\" data-width=\"2560\" data-height=\"1707\" aria-label=\"\" role=\"img\" ><\/div>\n\t\t\t\t\t\t\t\t\t\t\t<div class=\"elementor-gallery-item__overlay\"><\/div>\n\t\t\t\t\t\t\t\t\t\t\t\t\t\t<\/a>\n\t\t\t\t\t\t\t<a class=\"e-gallery-item elementor-gallery-item elementor-animated-content\" href=\"https:\/\/vtmallorca.com\/wp-content\/uploads\/2022\/10\/Rai\u0308mWineFest_Costitx_133.jpg\" data-elementor-open-lightbox=\"yes\" data-elementor-lightbox-slideshow=\"a0557ea\" data-elementor-lightbox-title=\"Rai\u0308mWineFest_Costitx_133\" data-e-action-hash=\"#elementor-action%3Aaction%3Dlightbox%26settings%3DeyJpZCI6NDkwNCwidXJsIjoiaHR0cHM6XC9cL3Z0bWFsbG9yY2EuY29tXC93cC1jb250ZW50XC91cGxvYWRzXC8yMDIyXC8xMFwvUmFpXHUwMzA4bVdpbmVGZXN0X0Nvc3RpdHhfMTMzLmpwZyIsInNsaWRlc2hvdyI6ImEwNTU3ZWEifQ%3D%3D\">\n\t\t\t\t\t<div class=\"e-gallery-image elementor-gallery-item__image\" data-thumbnail=\"https:\/\/vtmallorca.com\/wp-content\/uploads\/2022\/10\/Rai\u0308mWineFest_Costitx_133.jpg\" data-width=\"2560\" data-height=\"1707\" aria-label=\"\" role=\"img\" ><\/div>\n\t\t\t\t\t\t\t\t\t\t\t<div class=\"elementor-gallery-item__overlay\"><\/div>\n\t\t\t\t\t\t\t\t\t\t\t\t\t\t<\/a>\n\t\t\t\t\t\t\t<a class=\"e-gallery-item elementor-gallery-item elementor-animated-content\" href=\"https:\/\/vtmallorca.com\/wp-content\/uploads\/2022\/10\/Rai\u0308mWineFest_Costitx_132.jpg\" data-elementor-open-lightbox=\"yes\" data-elementor-lightbox-slideshow=\"a0557ea\" data-elementor-lightbox-title=\"Rai\u0308mWineFest_Costitx_132\" data-e-action-hash=\"#elementor-action%3Aaction%3Dlightbox%26settings%3DeyJpZCI6NDkwNSwidXJsIjoiaHR0cHM6XC9cL3Z0bWFsbG9yY2EuY29tXC93cC1jb250ZW50XC91cGxvYWRzXC8yMDIyXC8xMFwvUmFpXHUwMzA4bVdpbmVGZXN0X0Nvc3RpdHhfMTMyLmpwZyIsInNsaWRlc2hvdyI6ImEwNTU3ZWEifQ%3D%3D\">\n\t\t\t\t\t<div class=\"e-gallery-image elementor-gallery-item__image\" data-thumbnail=\"https:\/\/vtmallorca.com\/wp-content\/uploads\/2022\/10\/Rai\u0308mWineFest_Costitx_132.jpg\" data-width=\"2560\" data-height=\"1707\" aria-label=\"\" role=\"img\" ><\/div>\n\t\t\t\t\t\t\t\t\t\t\t<div class=\"elementor-gallery-item__overlay\"><\/div>\n\t\t\t\t\t\t\t\t\t\t\t\t\t\t<\/a>\n\t\t\t\t\t\t\t<a class=\"e-gallery-item elementor-gallery-item elementor-animated-content\" href=\"https:\/\/vtmallorca.com\/wp-content\/uploads\/2022\/10\/Rai\u0308mWineFest_Costitx_139.jpg\" data-elementor-open-lightbox=\"yes\" data-elementor-lightbox-slideshow=\"a0557ea\" data-elementor-lightbox-title=\"Rai\u0308mWineFest_Costitx_139\" data-e-action-hash=\"#elementor-action%3Aaction%3Dlightbox%26settings%3DeyJpZCI6NDg5OCwidXJsIjoiaHR0cHM6XC9cL3Z0bWFsbG9yY2EuY29tXC93cC1jb250ZW50XC91cGxvYWRzXC8yMDIyXC8xMFwvUmFpXHUwMzA4bVdpbmVGZXN0X0Nvc3RpdHhfMTM5LmpwZyIsInNsaWRlc2hvdyI6ImEwNTU3ZWEifQ%3D%3D\">\n\t\t\t\t\t<div class=\"e-gallery-image elementor-gallery-item__image\" data-thumbnail=\"https:\/\/vtmallorca.com\/wp-content\/uploads\/2022\/10\/Rai\u0308mWineFest_Costitx_139.jpg\" data-width=\"2560\" data-height=\"1707\" aria-label=\"\" role=\"img\" ><\/div>\n\t\t\t\t\t\t\t\t\t\t\t<div class=\"elementor-gallery-item__overlay\"><\/div>\n\t\t\t\t\t\t\t\t\t\t\t\t\t\t<\/a>\n\t\t\t\t\t<\/div>\n\t\t\t\t\t<\/div>\n\t\t\t\t<\/div>\n\t\t\t\t\t<\/div>\n\t\t<\/div>\n\t\t\t\t\t<\/div>\n\t\t<\/section>\n\t\t\t\t<\/div>\n\t\t","protected":false},"excerpt":{"rendered":"<p>1 de octubre 2022 Ra\u00efm Wine Festival I EDICI\u00d3N: COSTITX Galeria de fotos galeria de fotos Ra\u00efm Wine Fest &#8211; Costix<\/p>\n","protected":false},"author":62,"featured_media":0,"parent":0,"menu_order":0,"comment_status":"closed","ping_status":"closed","template":"","meta":{"_acf_changed":false,"footnotes":""},"class_list":["post-9650","page","type-page","status-publish","hentry"],"acf":[],"yoast_head":"<!-- This site is optimized with the Yoast SEO plugin v27.4 - https:\/\/yoast.com\/product\/yoast-seo-wordpress\/ -->\n<title>RWF I EDICI\u00d3N: COSTITX - Vi de La Terra Mallorca<\/title>\n<meta name=\"robots\" content=\"index, follow, max-snippet:-1, max-image-preview:large, max-video-preview:-1\" \/>\n<link rel=\"canonical\" href=\"https:\/\/vtmallorca.com\/ca\/rwf-i-edicion-costitx\/\" \/>\n<meta property=\"og:locale\" content=\"ca_ES\" \/>\n<meta property=\"og:type\" content=\"article\" \/>\n<meta property=\"og:title\" content=\"RWF I EDICI\u00d3N: COSTITX - Vi de La Terra Mallorca\" \/>\n<meta property=\"og:description\" content=\"1 de octubre 2022 Ra\u00efm Wine Festival I EDICI\u00d3N: COSTITX Galeria de fotos galeria de fotos Ra\u00efm Wine Fest &#8211; Costix\" \/>\n<meta property=\"og:url\" content=\"https:\/\/vtmallorca.com\/ca\/rwf-i-edicion-costitx\/\" \/>\n<meta property=\"og:site_name\" content=\"Vi de La Terra Mallorca\" \/>\n<meta property=\"article:modified_time\" content=\"2024-03-22T08:04:33+00:00\" \/>\n<meta name=\"twitter:card\" content=\"summary_large_image\" \/>\n<meta name=\"twitter:label1\" content=\"Temps estimat de lectura\" \/>\n\t<meta name=\"twitter:data1\" content=\"1 minut\" \/>\n<script type=\"application\/ld+json\" class=\"yoast-schema-graph\">{\"@context\":\"https:\\\/\\\/schema.org\",\"@graph\":[{\"@type\":\"WebPage\",\"@id\":\"https:\\\/\\\/vtmallorca.com\\\/ca\\\/rwf-i-edicion-costitx\\\/\",\"url\":\"https:\\\/\\\/vtmallorca.com\\\/ca\\\/rwf-i-edicion-costitx\\\/\",\"name\":\"RWF I EDICI\u00d3N: COSTITX - Vi de La Terra Mallorca\",\"isPartOf\":{\"@id\":\"https:\\\/\\\/vtmallorca.com\\\/#website\"},\"datePublished\":\"2024-01-08T09:03:47+00:00\",\"dateModified\":\"2024-03-22T08:04:33+00:00\",\"breadcrumb\":{\"@id\":\"https:\\\/\\\/vtmallorca.com\\\/ca\\\/rwf-i-edicion-costitx\\\/#breadcrumb\"},\"inLanguage\":\"ca\",\"potentialAction\":[{\"@type\":\"ReadAction\",\"target\":[\"https:\\\/\\\/vtmallorca.com\\\/ca\\\/rwf-i-edicion-costitx\\\/\"]}]},{\"@type\":\"BreadcrumbList\",\"@id\":\"https:\\\/\\\/vtmallorca.com\\\/ca\\\/rwf-i-edicion-costitx\\\/#breadcrumb\",\"itemListElement\":[{\"@type\":\"ListItem\",\"position\":1,\"name\":\"Portada\",\"item\":\"https:\\\/\\\/vtmallorca.com\\\/ca\\\/\"},{\"@type\":\"ListItem\",\"position\":2,\"name\":\"RWF I EDICI\u00d3N: COSTITX\"}]},{\"@type\":\"WebSite\",\"@id\":\"https:\\\/\\\/vtmallorca.com\\\/#website\",\"url\":\"https:\\\/\\\/vtmallorca.com\\\/\",\"name\":\"Vi de La Terra Mallorca\",\"description\":\"Vi de La Terra Mallorca\",\"potentialAction\":[{\"@type\":\"SearchAction\",\"target\":{\"@type\":\"EntryPoint\",\"urlTemplate\":\"https:\\\/\\\/vtmallorca.com\\\/?s={search_term_string}\"},\"query-input\":{\"@type\":\"PropertyValueSpecification\",\"valueRequired\":true,\"valueName\":\"search_term_string\"}}],\"inLanguage\":\"ca\"}]}<\/script>\n<!-- \/ Yoast SEO plugin. -->","yoast_head_json":{"title":"RWF I EDICI\u00d3N: COSTITX - Vi de La Terra Mallorca","robots":{"index":"index","follow":"follow","max-snippet":"max-snippet:-1","max-image-preview":"max-image-preview:large","max-video-preview":"max-video-preview:-1"},"canonical":"https:\/\/vtmallorca.com\/ca\/rwf-i-edicion-costitx\/","og_locale":"ca_ES","og_type":"article","og_title":"RWF I EDICI\u00d3N: COSTITX - Vi de La Terra Mallorca","og_description":"1 de octubre 2022 Ra\u00efm Wine Festival I EDICI\u00d3N: COSTITX Galeria de fotos galeria de fotos Ra\u00efm Wine Fest &#8211; Costix","og_url":"https:\/\/vtmallorca.com\/ca\/rwf-i-edicion-costitx\/","og_site_name":"Vi de La Terra Mallorca","article_modified_time":"2024-03-22T08:04:33+00:00","twitter_card":"summary_large_image","twitter_misc":{"Temps estimat de lectura":"1 minut"},"schema":{"@context":"https:\/\/schema.org","@graph":[{"@type":"WebPage","@id":"https:\/\/vtmallorca.com\/ca\/rwf-i-edicion-costitx\/","url":"https:\/\/vtmallorca.com\/ca\/rwf-i-edicion-costitx\/","name":"RWF I EDICI\u00d3N: COSTITX - Vi de La Terra Mallorca","isPartOf":{"@id":"https:\/\/vtmallorca.com\/#website"},"datePublished":"2024-01-08T09:03:47+00:00","dateModified":"2024-03-22T08:04:33+00:00","breadcrumb":{"@id":"https:\/\/vtmallorca.com\/ca\/rwf-i-edicion-costitx\/#breadcrumb"},"inLanguage":"ca","potentialAction":[{"@type":"ReadAction","target":["https:\/\/vtmallorca.com\/ca\/rwf-i-edicion-costitx\/"]}]},{"@type":"BreadcrumbList","@id":"https:\/\/vtmallorca.com\/ca\/rwf-i-edicion-costitx\/#breadcrumb","itemListElement":[{"@type":"ListItem","position":1,"name":"Portada","item":"https:\/\/vtmallorca.com\/ca\/"},{"@type":"ListItem","position":2,"name":"RWF I EDICI\u00d3N: COSTITX"}]},{"@type":"WebSite","@id":"https:\/\/vtmallorca.com\/#website","url":"https:\/\/vtmallorca.com\/","name":"Vi de La Terra Mallorca","description":"Vi de La Terra Mallorca","potentialAction":[{"@type":"SearchAction","target":{"@type":"EntryPoint","urlTemplate":"https:\/\/vtmallorca.com\/?s={search_term_string}"},"query-input":{"@type":"PropertyValueSpecification","valueRequired":true,"valueName":"search_term_string"}}],"inLanguage":"ca"}]}},"_links":{"self":[{"href":"https:\/\/vtmallorca.com\/ca\/wp-json\/wp\/v2\/pages\/9650","targetHints":{"allow":["GET"]}}],"collection":[{"href":"https:\/\/vtmallorca.com\/ca\/wp-json\/wp\/v2\/pages"}],"about":[{"href":"https:\/\/vtmallorca.com\/ca\/wp-json\/wp\/v2\/types\/page"}],"author":[{"embeddable":true,"href":"https:\/\/vtmallorca.com\/ca\/wp-json\/wp\/v2\/users\/62"}],"replies":[{"embeddable":true,"href":"https:\/\/vtmallorca.com\/ca\/wp-json\/wp\/v2\/comments?post=9650"}],"version-history":[{"count":0,"href":"https:\/\/vtmallorca.com\/ca\/wp-json\/wp\/v2\/pages\/9650\/revisions"}],"wp:attachment":[{"href":"https:\/\/vtmallorca.com\/ca\/wp-json\/wp\/v2\/media?parent=9650"}],"curies":[{"name":"wp","href":"https:\/\/api.w.org\/{rel}","templated":true}]}}