{"id":9653,"date":"2024-01-08T09:46:23","date_gmt":"2024-01-08T09:46:23","guid":{"rendered":"https:\/\/vtmallorca.com\/rwf-ii-edicion-deia\/"},"modified":"2024-01-08T09:46:23","modified_gmt":"2024-01-08T09:46:23","slug":"rwf-ii-edicion-deia","status":"publish","type":"page","link":"https:\/\/vtmallorca.com\/ca\/rwf-ii-edicion-deia\/","title":{"rendered":"RWF II EDICI\u00d3N: DEI\u00c0"},"content":{"rendered":"\t\t<div data-elementor-type=\"wp-page\" data-elementor-id=\"9653\" class=\"elementor elementor-9653 elementor-8520\" data-elementor-post-type=\"page\">\n\t\t\t\t\t\t<section class=\"elementor-section elementor-top-section elementor-element elementor-element-b969d7d elementor-section-full_width elementor-section-height-default elementor-section-height-default\" data-id=\"b969d7d\" data-element_type=\"section\" data-e-type=\"section\" data-settings=\"{&quot;background_background&quot;:&quot;classic&quot;}\">\n\t\t\t\t\t\t<div class=\"elementor-container elementor-column-gap-default\">\n\t\t\t\t\t<div class=\"elementor-column elementor-col-50 elementor-top-column elementor-element elementor-element-e6998f8\" data-id=\"e6998f8\" data-element_type=\"column\" data-e-type=\"column\" data-settings=\"{&quot;background_background&quot;:&quot;classic&quot;}\">\n\t\t\t<div class=\"elementor-widget-wrap elementor-element-populated\">\n\t\t\t\t\t\t<div class=\"elementor-element elementor-element-2e8d930 elementor-widget elementor-widget-heading\" data-id=\"2e8d930\" data-element_type=\"widget\" data-e-type=\"widget\" data-widget_type=\"heading.default\">\n\t\t\t\t<div class=\"elementor-widget-container\">\n\t\t\t\t\t<h2 class=\"elementor-heading-title elementor-size-default\">22 de abril 2023<\/h2>\t\t\t\t<\/div>\n\t\t\t\t<\/div>\n\t\t\t\t<div class=\"elementor-element elementor-element-6d5ae74 elementor-widget elementor-widget-heading\" data-id=\"6d5ae74\" data-element_type=\"widget\" data-e-type=\"widget\" data-widget_type=\"heading.default\">\n\t\t\t\t<div class=\"elementor-widget-container\">\n\t\t\t\t\t<h1 class=\"elementor-heading-title elementor-size-default\">Ra\u00efm Wine Festival<\/h1>\t\t\t\t<\/div>\n\t\t\t\t<\/div>\n\t\t\t\t<div class=\"elementor-element elementor-element-21bc22c elementor-widget elementor-widget-heading\" data-id=\"21bc22c\" data-element_type=\"widget\" data-e-type=\"widget\" data-widget_type=\"heading.default\">\n\t\t\t\t<div class=\"elementor-widget-container\">\n\t\t\t\t\t<h2 class=\"elementor-heading-title elementor-size-default\">II EDICI\u00d3N: DEI\u00c0<\/h2>\t\t\t\t<\/div>\n\t\t\t\t<\/div>\n\t\t\t\t<div class=\"elementor-element elementor-element-d52e113 elementor-align-left elementor-mobile-align-center elementor-widget elementor-widget-button\" data-id=\"d52e113\" data-element_type=\"widget\" data-e-type=\"widget\" data-widget_type=\"button.default\">\n\t\t\t\t<div class=\"elementor-widget-container\">\n\t\t\t\t\t\t\t\t\t<div class=\"elementor-button-wrapper\">\n\t\t\t\t\t<a class=\"elementor-button elementor-button-link elementor-size-sm\" href=\"#galeria\">\n\t\t\t\t\t\t<span class=\"elementor-button-content-wrapper\">\n\t\t\t\t\t\t\t\t\t<span class=\"elementor-button-text\">Galeria de fotos<\/span>\n\t\t\t\t\t<\/span>\n\t\t\t\t\t<\/a>\n\t\t\t\t<\/div>\n\t\t\t\t\t\t\t\t<\/div>\n\t\t\t\t<\/div>\n\t\t\t\t\t<\/div>\n\t\t<\/div>\n\t\t\t\t<div class=\"elementor-column elementor-col-50 elementor-top-column elementor-element elementor-element-6c92dae\" data-id=\"6c92dae\" data-element_type=\"column\" data-e-type=\"column\" data-settings=\"{&quot;background_background&quot;:&quot;classic&quot;}\">\n\t\t\t<div class=\"elementor-widget-wrap elementor-element-populated\">\n\t\t\t\t\t\t<div class=\"elementor-element elementor-element-4dcbd13 elementor-widget elementor-widget-image\" data-id=\"4dcbd13\" data-element_type=\"widget\" data-e-type=\"widget\" data-widget_type=\"image.default\">\n\t\t\t\t<div class=\"elementor-widget-container\">\n\t\t\t\t\t\t\t\t\t\t\t\t\t\t\t\t<a href=\"https:\/\/vtmallorca.com\/wp-content\/uploads\/2023\/04\/RAIM-WINE-FEST-DEIA_VF-scaled.jpg\" data-elementor-open-lightbox=\"yes\" data-elementor-lightbox-title=\"RAIM WINE FEST DEIA_VF\" data-e-action-hash=\"#elementor-action%3Aaction%3Dlightbox%26settings%3DeyJpZCI6Njc2MSwidXJsIjoiaHR0cHM6XC9cL3Z0bWFsbG9yY2EuY29tXC93cC1jb250ZW50XC91cGxvYWRzXC8yMDIzXC8wNFwvUkFJTS1XSU5FLUZFU1QtREVJQV9WRi1zY2FsZWQuanBnIn0%3D\">\n\t\t\t\t\t\t\t<img fetchpriority=\"high\" decoding=\"async\" width=\"1810\" height=\"2560\" src=\"https:\/\/vtmallorca.com\/wp-content\/uploads\/2023\/04\/RAIM-WINE-FEST-DEIA_VF-scaled.jpg\" class=\"attachment-full size-full wp-image-6761\" alt=\"\" srcset=\"https:\/\/vtmallorca.com\/wp-content\/uploads\/2023\/04\/RAIM-WINE-FEST-DEIA_VF-scaled.jpg 1810w, https:\/\/vtmallorca.com\/wp-content\/uploads\/2023\/04\/RAIM-WINE-FEST-DEIA_VF-212x300.jpg 212w, https:\/\/vtmallorca.com\/wp-content\/uploads\/2023\/04\/RAIM-WINE-FEST-DEIA_VF-724x1024.jpg 724w, https:\/\/vtmallorca.com\/wp-content\/uploads\/2023\/04\/RAIM-WINE-FEST-DEIA_VF-768x1086.jpg 768w, https:\/\/vtmallorca.com\/wp-content\/uploads\/2023\/04\/RAIM-WINE-FEST-DEIA_VF-1086x1536.jpg 1086w, https:\/\/vtmallorca.com\/wp-content\/uploads\/2023\/04\/RAIM-WINE-FEST-DEIA_VF-1448x2048.jpg 1448w\" sizes=\"(max-width: 1810px) 100vw, 1810px\" \/>\t\t\t\t\t\t\t\t<\/a>\n\t\t\t\t\t\t\t\t\t\t\t\t\t\t\t<\/div>\n\t\t\t\t<\/div>\n\t\t\t\t\t<\/div>\n\t\t<\/div>\n\t\t\t\t\t<\/div>\n\t\t<\/section>\n\t\t\t\t<section class=\"elementor-section elementor-top-section elementor-element elementor-element-cbd6353 elementor-section-full_width elementor-section-height-default elementor-section-height-default\" data-id=\"cbd6353\" data-element_type=\"section\" data-e-type=\"section\" data-settings=\"{&quot;background_background&quot;:&quot;classic&quot;}\">\n\t\t\t\t\t\t<div class=\"elementor-container elementor-column-gap-default\">\n\t\t\t\t\t<div class=\"elementor-column elementor-col-100 elementor-top-column elementor-element elementor-element-393fc8e\" data-id=\"393fc8e\" data-element_type=\"column\" data-e-type=\"column\">\n\t\t\t<div class=\"elementor-widget-wrap elementor-element-populated\">\n\t\t\t\t\t\t<div class=\"elementor-element elementor-element-2687c3a elementor-widget elementor-widget-heading\" data-id=\"2687c3a\" data-element_type=\"widget\" data-e-type=\"widget\" data-widget_type=\"heading.default\">\n\t\t\t\t<div class=\"elementor-widget-container\">\n\t\t\t\t\t<h2 class=\"elementor-heading-title elementor-size-default\">galeria de fotos Ra\u00efm Wine Fest - II EDICI\u00d3N: DEI\u00c0<\/h2>\t\t\t\t<\/div>\n\t\t\t\t<\/div>\n\t\t\t\t<div class=\"elementor-element elementor-element-c1b48db elementor-widget elementor-widget-gallery\" data-id=\"c1b48db\" data-element_type=\"widget\" data-e-type=\"widget\" data-settings=\"{&quot;gap&quot;:{&quot;unit&quot;:&quot;px&quot;,&quot;size&quot;:2,&quot;sizes&quot;:[]},&quot;columns&quot;:3,&quot;columns_tablet&quot;:3,&quot;columns_mobile&quot;:2,&quot;gap_mobile&quot;:{&quot;unit&quot;:&quot;px&quot;,&quot;size&quot;:4,&quot;sizes&quot;:[]},&quot;gap_tablet&quot;:{&quot;unit&quot;:&quot;px&quot;,&quot;size&quot;:3,&quot;sizes&quot;:[]},&quot;aspect_ratio&quot;:&quot;4:3&quot;,&quot;lazyload&quot;:&quot;yes&quot;,&quot;gallery_layout&quot;:&quot;grid&quot;,&quot;link_to&quot;:&quot;file&quot;,&quot;overlay_background&quot;:&quot;yes&quot;,&quot;content_hover_animation&quot;:&quot;fade-in&quot;}\" data-widget_type=\"gallery.default\">\n\t\t\t\t<div class=\"elementor-widget-container\">\n\t\t\t\t\t\t\t<div class=\"elementor-gallery__container\">\n\t\t\t\t\t\t\t<a class=\"e-gallery-item elementor-gallery-item elementor-animated-content\" href=\"https:\/\/vtmallorca.com\/wp-content\/uploads\/2024\/01\/NW_RAIM_DEIA-28.jpg\" data-elementor-open-lightbox=\"yes\" data-elementor-lightbox-slideshow=\"c1b48db\" data-elementor-lightbox-title=\"NW_RAIM_DEIA\u0300-28\" data-e-action-hash=\"#elementor-action%3Aaction%3Dlightbox%26settings%3DeyJpZCI6ODg1NiwidXJsIjoiaHR0cHM6XC9cL3Z0bWFsbG9yY2EuY29tXC93cC1jb250ZW50XC91cGxvYWRzXC8yMDI0XC8wMVwvTldfUkFJTV9ERUlBLTI4LmpwZyIsInNsaWRlc2hvdyI6ImMxYjQ4ZGIifQ%3D%3D\">\n\t\t\t\t\t<div class=\"e-gallery-image elementor-gallery-item__image\" data-thumbnail=\"https:\/\/vtmallorca.com\/wp-content\/uploads\/2024\/01\/NW_RAIM_DEIA-28.jpg\" data-width=\"1684\" data-height=\"1263\" aria-label=\"\" role=\"img\" ><\/div>\n\t\t\t\t\t\t\t\t\t\t\t<div class=\"elementor-gallery-item__overlay\"><\/div>\n\t\t\t\t\t\t\t\t\t\t\t\t\t\t<\/a>\n\t\t\t\t\t\t\t<a class=\"e-gallery-item elementor-gallery-item elementor-animated-content\" href=\"https:\/\/vtmallorca.com\/wp-content\/uploads\/2024\/01\/NW_RAIM_DEIA-6.jpg\" data-elementor-open-lightbox=\"yes\" data-elementor-lightbox-slideshow=\"c1b48db\" data-elementor-lightbox-title=\"NW_RAIM_DEIA\u0300-6\" data-e-action-hash=\"#elementor-action%3Aaction%3Dlightbox%26settings%3DeyJpZCI6ODgzMiwidXJsIjoiaHR0cHM6XC9cL3Z0bWFsbG9yY2EuY29tXC93cC1jb250ZW50XC91cGxvYWRzXC8yMDI0XC8wMVwvTldfUkFJTV9ERUlBLTYuanBnIiwic2xpZGVzaG93IjoiYzFiNDhkYiJ9\">\n\t\t\t\t\t<div class=\"e-gallery-image elementor-gallery-item__image\" data-thumbnail=\"https:\/\/vtmallorca.com\/wp-content\/uploads\/2024\/01\/NW_RAIM_DEIA-6.jpg\" data-width=\"1284\" data-height=\"963\" aria-label=\"\" role=\"img\" ><\/div>\n\t\t\t\t\t\t\t\t\t\t\t<div class=\"elementor-gallery-item__overlay\"><\/div>\n\t\t\t\t\t\t\t\t\t\t\t\t\t\t<\/a>\n\t\t\t\t\t\t\t<a class=\"e-gallery-item elementor-gallery-item elementor-animated-content\" href=\"https:\/\/vtmallorca.com\/wp-content\/uploads\/2024\/01\/NW_RAIM_DEIA-2.jpg\" data-elementor-open-lightbox=\"yes\" data-elementor-lightbox-slideshow=\"c1b48db\" data-elementor-lightbox-title=\"NW_RAIM_DEIA\u0300-2\" data-e-action-hash=\"#elementor-action%3Aaction%3Dlightbox%26settings%3DeyJpZCI6ODgyNCwidXJsIjoiaHR0cHM6XC9cL3Z0bWFsbG9yY2EuY29tXC93cC1jb250ZW50XC91cGxvYWRzXC8yMDI0XC8wMVwvTldfUkFJTV9ERUlBLTIuanBnIiwic2xpZGVzaG93IjoiYzFiNDhkYiJ9\">\n\t\t\t\t\t<div class=\"e-gallery-image elementor-gallery-item__image\" data-thumbnail=\"https:\/\/vtmallorca.com\/wp-content\/uploads\/2024\/01\/NW_RAIM_DEIA-2.jpg\" data-width=\"1284\" data-height=\"856\" aria-label=\"\" role=\"img\" ><\/div>\n\t\t\t\t\t\t\t\t\t\t\t<div class=\"elementor-gallery-item__overlay\"><\/div>\n\t\t\t\t\t\t\t\t\t\t\t\t\t\t<\/a>\n\t\t\t\t\t\t\t<a class=\"e-gallery-item elementor-gallery-item elementor-animated-content\" href=\"https:\/\/vtmallorca.com\/wp-content\/uploads\/2024\/01\/NW_RAIM_DEIA-3.jpg\" data-elementor-open-lightbox=\"yes\" data-elementor-lightbox-slideshow=\"c1b48db\" data-elementor-lightbox-title=\"NW_RAIM_DEIA\u0300-3\" data-e-action-hash=\"#elementor-action%3Aaction%3Dlightbox%26settings%3DeyJpZCI6ODgyOCwidXJsIjoiaHR0cHM6XC9cL3Z0bWFsbG9yY2EuY29tXC93cC1jb250ZW50XC91cGxvYWRzXC8yMDI0XC8wMVwvTldfUkFJTV9ERUlBLTMuanBnIiwic2xpZGVzaG93IjoiYzFiNDhkYiJ9\">\n\t\t\t\t\t<div class=\"e-gallery-image elementor-gallery-item__image\" data-thumbnail=\"https:\/\/vtmallorca.com\/wp-content\/uploads\/2024\/01\/NW_RAIM_DEIA-3.jpg\" data-width=\"1256\" data-height=\"1884\" aria-label=\"\" role=\"img\" ><\/div>\n\t\t\t\t\t\t\t\t\t\t\t<div class=\"elementor-gallery-item__overlay\"><\/div>\n\t\t\t\t\t\t\t\t\t\t\t\t\t\t<\/a>\n\t\t\t\t\t\t\t<a class=\"e-gallery-item elementor-gallery-item elementor-animated-content\" href=\"https:\/\/vtmallorca.com\/wp-content\/uploads\/2024\/01\/NW_RAIM_DEIA-8.jpg\" data-elementor-open-lightbox=\"yes\" data-elementor-lightbox-slideshow=\"c1b48db\" data-elementor-lightbox-title=\"NW_RAIM_DEIA\u0300-8\" data-e-action-hash=\"#elementor-action%3Aaction%3Dlightbox%26settings%3DeyJpZCI6ODgzNiwidXJsIjoiaHR0cHM6XC9cL3Z0bWFsbG9yY2EuY29tXC93cC1jb250ZW50XC91cGxvYWRzXC8yMDI0XC8wMVwvTldfUkFJTV9ERUlBLTguanBnIiwic2xpZGVzaG93IjoiYzFiNDhkYiJ9\">\n\t\t\t\t\t<div class=\"e-gallery-image elementor-gallery-item__image\" data-thumbnail=\"https:\/\/vtmallorca.com\/wp-content\/uploads\/2024\/01\/NW_RAIM_DEIA-8.jpg\" data-width=\"1284\" data-height=\"963\" aria-label=\"\" role=\"img\" ><\/div>\n\t\t\t\t\t\t\t\t\t\t\t<div class=\"elementor-gallery-item__overlay\"><\/div>\n\t\t\t\t\t\t\t\t\t\t\t\t\t\t<\/a>\n\t\t\t\t\t\t\t<a class=\"e-gallery-item elementor-gallery-item elementor-animated-content\" href=\"https:\/\/vtmallorca.com\/wp-content\/uploads\/2024\/01\/NW_RAIM_DEIA-15.jpg\" data-elementor-open-lightbox=\"yes\" data-elementor-lightbox-slideshow=\"c1b48db\" data-elementor-lightbox-title=\"NW_RAIM_DEIA\u0300-15\" data-e-action-hash=\"#elementor-action%3Aaction%3Dlightbox%26settings%3DeyJpZCI6ODg0MCwidXJsIjoiaHR0cHM6XC9cL3Z0bWFsbG9yY2EuY29tXC93cC1jb250ZW50XC91cGxvYWRzXC8yMDI0XC8wMVwvTldfUkFJTV9ERUlBLTE1LmpwZyIsInNsaWRlc2hvdyI6ImMxYjQ4ZGIifQ%3D%3D\">\n\t\t\t\t\t<div class=\"e-gallery-image elementor-gallery-item__image\" data-thumbnail=\"https:\/\/vtmallorca.com\/wp-content\/uploads\/2024\/01\/NW_RAIM_DEIA-15.jpg\" data-width=\"1559\" data-height=\"2338\" aria-label=\"\" role=\"img\" ><\/div>\n\t\t\t\t\t\t\t\t\t\t\t<div class=\"elementor-gallery-item__overlay\"><\/div>\n\t\t\t\t\t\t\t\t\t\t\t\t\t\t<\/a>\n\t\t\t\t\t\t\t<a class=\"e-gallery-item elementor-gallery-item elementor-animated-content\" href=\"https:\/\/vtmallorca.com\/wp-content\/uploads\/2024\/01\/NW_RAIM_DEIA-16.jpg\" data-elementor-open-lightbox=\"yes\" data-elementor-lightbox-slideshow=\"c1b48db\" data-elementor-lightbox-title=\"NW_RAIM_DEIA\u0300-16\" data-e-action-hash=\"#elementor-action%3Aaction%3Dlightbox%26settings%3DeyJpZCI6ODg0NCwidXJsIjoiaHR0cHM6XC9cL3Z0bWFsbG9yY2EuY29tXC93cC1jb250ZW50XC91cGxvYWRzXC8yMDI0XC8wMVwvTldfUkFJTV9ERUlBLTE2LmpwZyIsInNsaWRlc2hvdyI6ImMxYjQ4ZGIifQ%3D%3D\">\n\t\t\t\t\t<div class=\"e-gallery-image elementor-gallery-item__image\" data-thumbnail=\"https:\/\/vtmallorca.com\/wp-content\/uploads\/2024\/01\/NW_RAIM_DEIA-16.jpg\" data-width=\"1584\" data-height=\"1188\" aria-label=\"\" role=\"img\" ><\/div>\n\t\t\t\t\t\t\t\t\t\t\t<div class=\"elementor-gallery-item__overlay\"><\/div>\n\t\t\t\t\t\t\t\t\t\t\t\t\t\t<\/a>\n\t\t\t\t\t\t\t<a class=\"e-gallery-item elementor-gallery-item elementor-animated-content\" href=\"https:\/\/vtmallorca.com\/wp-content\/uploads\/2024\/01\/NW_RAIM_DEIA-19.jpg\" data-elementor-open-lightbox=\"yes\" data-elementor-lightbox-slideshow=\"c1b48db\" data-elementor-lightbox-title=\"NW_RAIM_DEIA\u0300-19\" data-e-action-hash=\"#elementor-action%3Aaction%3Dlightbox%26settings%3DeyJpZCI6ODg0OCwidXJsIjoiaHR0cHM6XC9cL3Z0bWFsbG9yY2EuY29tXC93cC1jb250ZW50XC91cGxvYWRzXC8yMDI0XC8wMVwvTldfUkFJTV9ERUlBLTE5LmpwZyIsInNsaWRlc2hvdyI6ImMxYjQ4ZGIifQ%3D%3D\">\n\t\t\t\t\t<div class=\"e-gallery-image elementor-gallery-item__image\" data-thumbnail=\"https:\/\/vtmallorca.com\/wp-content\/uploads\/2024\/01\/NW_RAIM_DEIA-19.jpg\" data-width=\"1584\" data-height=\"1188\" aria-label=\"\" role=\"img\" ><\/div>\n\t\t\t\t\t\t\t\t\t\t\t<div class=\"elementor-gallery-item__overlay\"><\/div>\n\t\t\t\t\t\t\t\t\t\t\t\t\t\t<\/a>\n\t\t\t\t\t\t\t<a class=\"e-gallery-item elementor-gallery-item elementor-animated-content\" href=\"https:\/\/vtmallorca.com\/wp-content\/uploads\/2024\/01\/NW_RAIM_DEIA-25.jpg\" data-elementor-open-lightbox=\"yes\" data-elementor-lightbox-slideshow=\"c1b48db\" data-elementor-lightbox-title=\"NW_RAIM_DEIA\u0300-25\" data-e-action-hash=\"#elementor-action%3Aaction%3Dlightbox%26settings%3DeyJpZCI6ODg1MiwidXJsIjoiaHR0cHM6XC9cL3Z0bWFsbG9yY2EuY29tXC93cC1jb250ZW50XC91cGxvYWRzXC8yMDI0XC8wMVwvTldfUkFJTV9ERUlBLTI1LmpwZyIsInNsaWRlc2hvdyI6ImMxYjQ4ZGIifQ%3D%3D\">\n\t\t\t\t\t<div class=\"e-gallery-image elementor-gallery-item__image\" data-thumbnail=\"https:\/\/vtmallorca.com\/wp-content\/uploads\/2024\/01\/NW_RAIM_DEIA-25.jpg\" data-width=\"1098\" data-height=\"1464\" aria-label=\"\" role=\"img\" ><\/div>\n\t\t\t\t\t\t\t\t\t\t\t<div class=\"elementor-gallery-item__overlay\"><\/div>\n\t\t\t\t\t\t\t\t\t\t\t\t\t\t<\/a>\n\t\t\t\t\t<\/div>\n\t\t\t\t\t<\/div>\n\t\t\t\t<\/div>\n\t\t\t\t\t<\/div>\n\t\t<\/div>\n\t\t\t\t\t<\/div>\n\t\t<\/section>\n\t\t\t\t<\/div>\n\t\t","protected":false},"excerpt":{"rendered":"<p>22 de abril 2023 Ra\u00efm Wine Festival II EDICI\u00d3N: DEI\u00c0 Galeria de fotos galeria de fotos Ra\u00efm Wine Fest &#8211; II EDICI\u00d3N: DEI\u00c0<\/p>\n","protected":false},"author":62,"featured_media":0,"parent":0,"menu_order":0,"comment_status":"closed","ping_status":"closed","template":"","meta":{"_acf_changed":false,"footnotes":""},"class_list":["post-9653","page","type-page","status-publish","hentry"],"acf":[],"yoast_head":"<!-- This site is optimized with the Yoast SEO plugin v27.4 - https:\/\/yoast.com\/product\/yoast-seo-wordpress\/ -->\n<title>RWF II EDICI\u00d3N: DEI\u00c0 - Vi de La Terra Mallorca<\/title>\n<meta name=\"robots\" content=\"index, follow, max-snippet:-1, max-image-preview:large, max-video-preview:-1\" \/>\n<link rel=\"canonical\" href=\"https:\/\/vtmallorca.com\/ca\/rwf-ii-edicion-deia\/\" \/>\n<meta property=\"og:locale\" content=\"ca_ES\" \/>\n<meta property=\"og:type\" content=\"article\" \/>\n<meta property=\"og:title\" content=\"RWF II EDICI\u00d3N: DEI\u00c0 - Vi de La Terra Mallorca\" \/>\n<meta property=\"og:description\" content=\"22 de abril 2023 Ra\u00efm Wine Festival II EDICI\u00d3N: DEI\u00c0 Galeria de fotos galeria de fotos Ra\u00efm Wine Fest &#8211; II EDICI\u00d3N: DEI\u00c0\" \/>\n<meta property=\"og:url\" content=\"https:\/\/vtmallorca.com\/ca\/rwf-ii-edicion-deia\/\" \/>\n<meta property=\"og:site_name\" content=\"Vi de La Terra Mallorca\" \/>\n<meta property=\"og:image\" content=\"https:\/\/vtmallorca.com\/wp-content\/uploads\/2023\/04\/RAIM-WINE-FEST-DEIA_VF-scaled.jpg\" \/>\n<meta name=\"twitter:card\" content=\"summary_large_image\" \/>\n<script type=\"application\/ld+json\" class=\"yoast-schema-graph\">{\"@context\":\"https:\\\/\\\/schema.org\",\"@graph\":[{\"@type\":\"WebPage\",\"@id\":\"https:\\\/\\\/vtmallorca.com\\\/ca\\\/rwf-ii-edicion-deia\\\/\",\"url\":\"https:\\\/\\\/vtmallorca.com\\\/ca\\\/rwf-ii-edicion-deia\\\/\",\"name\":\"RWF II EDICI\u00d3N: DEI\u00c0 - Vi de La Terra Mallorca\",\"isPartOf\":{\"@id\":\"https:\\\/\\\/vtmallorca.com\\\/#website\"},\"primaryImageOfPage\":{\"@id\":\"https:\\\/\\\/vtmallorca.com\\\/ca\\\/rwf-ii-edicion-deia\\\/#primaryimage\"},\"image\":{\"@id\":\"https:\\\/\\\/vtmallorca.com\\\/ca\\\/rwf-ii-edicion-deia\\\/#primaryimage\"},\"thumbnailUrl\":\"https:\\\/\\\/vtmallorca.com\\\/wp-content\\\/uploads\\\/2023\\\/04\\\/RAIM-WINE-FEST-DEIA_VF-scaled.jpg\",\"datePublished\":\"2024-01-08T09:46:23+00:00\",\"breadcrumb\":{\"@id\":\"https:\\\/\\\/vtmallorca.com\\\/ca\\\/rwf-ii-edicion-deia\\\/#breadcrumb\"},\"inLanguage\":\"ca\",\"potentialAction\":[{\"@type\":\"ReadAction\",\"target\":[\"https:\\\/\\\/vtmallorca.com\\\/ca\\\/rwf-ii-edicion-deia\\\/\"]}]},{\"@type\":\"ImageObject\",\"inLanguage\":\"ca\",\"@id\":\"https:\\\/\\\/vtmallorca.com\\\/ca\\\/rwf-ii-edicion-deia\\\/#primaryimage\",\"url\":\"https:\\\/\\\/vtmallorca.com\\\/wp-content\\\/uploads\\\/2023\\\/04\\\/RAIM-WINE-FEST-DEIA_VF-scaled.jpg\",\"contentUrl\":\"https:\\\/\\\/vtmallorca.com\\\/wp-content\\\/uploads\\\/2023\\\/04\\\/RAIM-WINE-FEST-DEIA_VF-scaled.jpg\"},{\"@type\":\"BreadcrumbList\",\"@id\":\"https:\\\/\\\/vtmallorca.com\\\/ca\\\/rwf-ii-edicion-deia\\\/#breadcrumb\",\"itemListElement\":[{\"@type\":\"ListItem\",\"position\":1,\"name\":\"Portada\",\"item\":\"https:\\\/\\\/vtmallorca.com\\\/ca\\\/\"},{\"@type\":\"ListItem\",\"position\":2,\"name\":\"RWF II EDICI\u00d3N: DEI\u00c0\"}]},{\"@type\":\"WebSite\",\"@id\":\"https:\\\/\\\/vtmallorca.com\\\/#website\",\"url\":\"https:\\\/\\\/vtmallorca.com\\\/\",\"name\":\"Vi de La Terra Mallorca\",\"description\":\"Vi de La Terra Mallorca\",\"potentialAction\":[{\"@type\":\"SearchAction\",\"target\":{\"@type\":\"EntryPoint\",\"urlTemplate\":\"https:\\\/\\\/vtmallorca.com\\\/?s={search_term_string}\"},\"query-input\":{\"@type\":\"PropertyValueSpecification\",\"valueRequired\":true,\"valueName\":\"search_term_string\"}}],\"inLanguage\":\"ca\"}]}<\/script>\n<!-- \/ Yoast SEO plugin. -->","yoast_head_json":{"title":"RWF II EDICI\u00d3N: DEI\u00c0 - Vi de La Terra Mallorca","robots":{"index":"index","follow":"follow","max-snippet":"max-snippet:-1","max-image-preview":"max-image-preview:large","max-video-preview":"max-video-preview:-1"},"canonical":"https:\/\/vtmallorca.com\/ca\/rwf-ii-edicion-deia\/","og_locale":"ca_ES","og_type":"article","og_title":"RWF II EDICI\u00d3N: DEI\u00c0 - Vi de La Terra Mallorca","og_description":"22 de abril 2023 Ra\u00efm Wine Festival II EDICI\u00d3N: DEI\u00c0 Galeria de fotos galeria de fotos Ra\u00efm Wine Fest &#8211; II EDICI\u00d3N: DEI\u00c0","og_url":"https:\/\/vtmallorca.com\/ca\/rwf-ii-edicion-deia\/","og_site_name":"Vi de La Terra Mallorca","og_image":[{"url":"https:\/\/vtmallorca.com\/wp-content\/uploads\/2023\/04\/RAIM-WINE-FEST-DEIA_VF-scaled.jpg","type":"","width":"","height":""}],"twitter_card":"summary_large_image","schema":{"@context":"https:\/\/schema.org","@graph":[{"@type":"WebPage","@id":"https:\/\/vtmallorca.com\/ca\/rwf-ii-edicion-deia\/","url":"https:\/\/vtmallorca.com\/ca\/rwf-ii-edicion-deia\/","name":"RWF II EDICI\u00d3N: DEI\u00c0 - Vi de La Terra Mallorca","isPartOf":{"@id":"https:\/\/vtmallorca.com\/#website"},"primaryImageOfPage":{"@id":"https:\/\/vtmallorca.com\/ca\/rwf-ii-edicion-deia\/#primaryimage"},"image":{"@id":"https:\/\/vtmallorca.com\/ca\/rwf-ii-edicion-deia\/#primaryimage"},"thumbnailUrl":"https:\/\/vtmallorca.com\/wp-content\/uploads\/2023\/04\/RAIM-WINE-FEST-DEIA_VF-scaled.jpg","datePublished":"2024-01-08T09:46:23+00:00","breadcrumb":{"@id":"https:\/\/vtmallorca.com\/ca\/rwf-ii-edicion-deia\/#breadcrumb"},"inLanguage":"ca","potentialAction":[{"@type":"ReadAction","target":["https:\/\/vtmallorca.com\/ca\/rwf-ii-edicion-deia\/"]}]},{"@type":"ImageObject","inLanguage":"ca","@id":"https:\/\/vtmallorca.com\/ca\/rwf-ii-edicion-deia\/#primaryimage","url":"https:\/\/vtmallorca.com\/wp-content\/uploads\/2023\/04\/RAIM-WINE-FEST-DEIA_VF-scaled.jpg","contentUrl":"https:\/\/vtmallorca.com\/wp-content\/uploads\/2023\/04\/RAIM-WINE-FEST-DEIA_VF-scaled.jpg"},{"@type":"BreadcrumbList","@id":"https:\/\/vtmallorca.com\/ca\/rwf-ii-edicion-deia\/#breadcrumb","itemListElement":[{"@type":"ListItem","position":1,"name":"Portada","item":"https:\/\/vtmallorca.com\/ca\/"},{"@type":"ListItem","position":2,"name":"RWF II EDICI\u00d3N: DEI\u00c0"}]},{"@type":"WebSite","@id":"https:\/\/vtmallorca.com\/#website","url":"https:\/\/vtmallorca.com\/","name":"Vi de La Terra Mallorca","description":"Vi de La Terra Mallorca","potentialAction":[{"@type":"SearchAction","target":{"@type":"EntryPoint","urlTemplate":"https:\/\/vtmallorca.com\/?s={search_term_string}"},"query-input":{"@type":"PropertyValueSpecification","valueRequired":true,"valueName":"search_term_string"}}],"inLanguage":"ca"}]}},"_links":{"self":[{"href":"https:\/\/vtmallorca.com\/ca\/wp-json\/wp\/v2\/pages\/9653","targetHints":{"allow":["GET"]}}],"collection":[{"href":"https:\/\/vtmallorca.com\/ca\/wp-json\/wp\/v2\/pages"}],"about":[{"href":"https:\/\/vtmallorca.com\/ca\/wp-json\/wp\/v2\/types\/page"}],"author":[{"embeddable":true,"href":"https:\/\/vtmallorca.com\/ca\/wp-json\/wp\/v2\/users\/62"}],"replies":[{"embeddable":true,"href":"https:\/\/vtmallorca.com\/ca\/wp-json\/wp\/v2\/comments?post=9653"}],"version-history":[{"count":0,"href":"https:\/\/vtmallorca.com\/ca\/wp-json\/wp\/v2\/pages\/9653\/revisions"}],"wp:attachment":[{"href":"https:\/\/vtmallorca.com\/ca\/wp-json\/wp\/v2\/media?parent=9653"}],"curies":[{"name":"wp","href":"https:\/\/api.w.org\/{rel}","templated":true}]}}