{"id":7599,"date":"2022-09-30T07:41:17","date_gmt":"2022-09-30T07:41:17","guid":{"rendered":"https:\/\/vtmallorca.com\/intranet\/"},"modified":"2023-05-24T21:26:15","modified_gmt":"2023-05-24T21:26:15","slug":"intranet","status":"publish","type":"page","link":"https:\/\/vtmallorca.com\/de\/intranet\/","title":{"rendered":"Intranet"},"content":{"rendered":"\t\t<div data-elementor-type=\"wp-page\" data-elementor-id=\"7599\" class=\"elementor elementor-7599 elementor-4112\" data-elementor-post-type=\"page\">\n\t\t\t\t\t\t<section class=\"elementor-section elementor-top-section elementor-element elementor-element-086b9a7 elementor-section-boxed elementor-section-height-default elementor-section-height-default\" data-id=\"086b9a7\" data-element_type=\"section\" data-e-type=\"section\" data-settings=\"{&quot;background_background&quot;:&quot;classic&quot;}\">\n\t\t\t\t\t\t<div class=\"elementor-container elementor-column-gap-default\">\n\t\t\t\t\t<div class=\"elementor-column elementor-col-100 elementor-top-column elementor-element elementor-element-489c62e\" data-id=\"489c62e\" data-element_type=\"column\" data-e-type=\"column\">\n\t\t\t<div class=\"elementor-widget-wrap elementor-element-populated\">\n\t\t\t\t\t\t<div class=\"elementor-element elementor-element-8c9a7e5 elementor-tabs-view-horizontal elementor-widget elementor-widget-tabs\" data-id=\"8c9a7e5\" data-element_type=\"widget\" data-e-type=\"widget\" data-widget_type=\"tabs.default\">\n\t\t\t\t<div class=\"elementor-widget-container\">\n\t\t\t\t\t\t\t<div class=\"elementor-tabs\">\n\t\t\t<div class=\"elementor-tabs-wrapper\" role=\"tablist\" >\n\t\t\t\t\t\t\t\t\t<div id=\"elementor-tab-title-1471\" class=\"elementor-tab-title elementor-tab-desktop-title\" aria-selected=\"true\" data-tab=\"1\" role=\"tab\" tabindex=\"0\" aria-controls=\"elementor-tab-content-1471\" aria-expanded=\"false\">Mein Konto<\/div>\n\t\t\t\t\t\t\t\t\t<div id=\"elementor-tab-title-1472\" class=\"elementor-tab-title elementor-tab-desktop-title\" aria-selected=\"false\" data-tab=\"2\" role=\"tab\" tabindex=\"-1\" aria-controls=\"elementor-tab-content-1472\" aria-expanded=\"false\">Intranet-Neuigkeiten<\/div>\n\t\t\t\t\t\t\t\t\t<div id=\"elementor-tab-title-1473\" class=\"elementor-tab-title elementor-tab-desktop-title\" aria-selected=\"false\" data-tab=\"3\" role=\"tab\" tabindex=\"-1\" aria-controls=\"elementor-tab-content-1473\" aria-expanded=\"false\">Unterlagen <\/div>\n\t\t\t\t\t\t\t\t\t<div id=\"elementor-tab-title-1474\" class=\"elementor-tab-title elementor-tab-desktop-title\" aria-selected=\"false\" data-tab=\"4\" role=\"tab\" tabindex=\"-1\" aria-controls=\"elementor-tab-content-1474\" aria-expanded=\"false\">Dokumente hochladen<\/div>\n\t\t\t\t\t\t\t<\/div>\n\t\t\t<div class=\"elementor-tabs-content-wrapper\" role=\"tablist\" aria-orientation=\"vertical\">\n\t\t\t\t\t\t\t\t\t<div class=\"elementor-tab-title elementor-tab-mobile-title\" aria-selected=\"true\" data-tab=\"1\" role=\"tab\" tabindex=\"0\" aria-controls=\"elementor-tab-content-1471\" aria-expanded=\"false\">Mein Konto<\/div>\n\t\t\t\t\t<div id=\"elementor-tab-content-1471\" class=\"elementor-tab-content elementor-clearfix\" data-tab=\"1\" role=\"tabpanel\" aria-labelledby=\"elementor-tab-title-1471\" tabindex=\"0\" hidden=\"false\"><p>\n\n\t\n\t<form id=\"rcp_login_form\"  class=\"rcp_form\" method=\"POST\" action=\"https:\/\/vtmallorca.com\/de\/intranet\/\">\n\n\t\t\n\t\t<fieldset class=\"rcp_login_data\">\n\t\t\t<p>\n\t\t\t\t<label for=\"rcp_user_login\">Username or Email<\/label>\n\t\t\t\t<input name=\"rcp_user_login\" id=\"rcp_user_login\" class=\"required\" type=\"text\"\/>\n\t\t\t<\/p>\n\t\t\t<p>\n\t\t\t\t<label for=\"rcp_user_pass\">Password<\/label>\n\t\t\t\t<input name=\"rcp_user_pass\" id=\"rcp_user_pass\" class=\"required\" type=\"password\"\/>\n\t\t\t<\/p>\n\t\t\t\t\t\t<p>\n\t\t\t\t<input type=\"checkbox\" name=\"rcp_user_remember\" id=\"rcp_user_remember\" value=\"1\"\/>\n\t\t\t\t<label for=\"rcp_user_remember\">Remember me<\/label>\n\t\t\t<\/p>\n\t\t\t<p class=\"rcp_lost_password\"><a href=\"\/de\/intranet\/?rcp_action=lostpassword\">Lost your password?<\/a><\/p>\n\t\t\t<p>\n\t\t\t\t<input type=\"hidden\" name=\"rcp_action\" value=\"login\"\/>\n\t\t\t\t\t\t\t\t\t<input type=\"hidden\" name=\"rcp_redirect\" value=\"https:\/\/vtmallorca.com\/de\/intranet\/\"\/>\n\t\t\t\t\t\t\t\t<input type=\"hidden\" name=\"rcp_login_nonce\" value=\"3df3edf22e\"\/>\n\t\t\t\t<input id=\"rcp_login_submit\" class=\"rcp-button\" type=\"submit\" value=\"Login\"\/>\n\t\t\t<\/p>\n\t\t\t\t\t<\/fieldset>\n\n\t\t\n\t<\/form>\n<\/p>\n<\/div>\n\t\t\t\t\t\t\t\t\t<div class=\"elementor-tab-title elementor-tab-mobile-title\" aria-selected=\"false\" data-tab=\"2\" role=\"tab\" tabindex=\"-1\" aria-controls=\"elementor-tab-content-1472\" aria-expanded=\"false\">Intranet-Neuigkeiten<\/div>\n\t\t\t\t\t<div id=\"elementor-tab-content-1472\" class=\"elementor-tab-content elementor-clearfix\" data-tab=\"2\" role=\"tabpanel\" aria-labelledby=\"elementor-tab-title-1472\" tabindex=\"0\" hidden=\"hidden\"><p>\t\t<div data-elementor-type=\"section\" data-elementor-id=\"4419\" class=\"elementor elementor-4419\" data-elementor-post-type=\"elementor_library\">\n\t\t\t\t\t<section class=\"elementor-section elementor-top-section elementor-element elementor-element-2e3e0348 elementor-section-boxed elementor-section-height-default elementor-section-height-default\" data-id=\"2e3e0348\" data-element_type=\"section\" data-e-type=\"section\">\n\t\t\t\t\t\t<div class=\"elementor-container elementor-column-gap-default\">\n\t\t\t\t\t<div class=\"elementor-column elementor-col-100 elementor-top-column elementor-element elementor-element-393d8638\" data-id=\"393d8638\" data-element_type=\"column\" data-e-type=\"column\">\n\t\t\t<div class=\"elementor-widget-wrap elementor-element-populated\">\n\t\t\t\t\t\t\t<\/div>\n\t\t<\/div>\n\t\t\t\t\t<\/div>\n\t\t<\/section>\n\t\t\t\t<\/div>\n\t\t<\/p>\n<\/div>\n\t\t\t\t\t\t\t\t\t<div class=\"elementor-tab-title elementor-tab-mobile-title\" aria-selected=\"false\" data-tab=\"3\" role=\"tab\" tabindex=\"-1\" aria-controls=\"elementor-tab-content-1473\" aria-expanded=\"false\">Unterlagen <\/div>\n\t\t\t\t\t<div id=\"elementor-tab-content-1473\" class=\"elementor-tab-content elementor-clearfix\" data-tab=\"3\" role=\"tabpanel\" aria-labelledby=\"elementor-tab-title-1473\" tabindex=\"0\" hidden=\"hidden\"><p>\t\t<div data-elementor-type=\"section\" data-elementor-id=\"4374\" class=\"elementor elementor-4374\" data-elementor-post-type=\"elementor_library\">\n\t\t\t\t\t<section class=\"elementor-section elementor-top-section elementor-element elementor-element-6555381 elementor-section-boxed elementor-section-height-default elementor-section-height-default\" data-id=\"6555381\" data-element_type=\"section\" data-e-type=\"section\">\n\t\t\t\t\t\t<div class=\"elementor-container elementor-column-gap-default\">\n\t\t\t\t\t<div class=\"elementor-column elementor-col-100 elementor-top-column elementor-element elementor-element-bdbfbd1\" data-id=\"bdbfbd1\" data-element_type=\"column\" data-e-type=\"column\">\n\t\t\t<div class=\"elementor-widget-wrap elementor-element-populated\">\n\t\t\t\t\t\t\t<\/div>\n\t\t<\/div>\n\t\t\t\t\t<\/div>\n\t\t<\/section>\n\t\t\t\t<\/div>\n\t\t<\/p>\n<\/div>\n\t\t\t\t\t\t\t\t\t<div class=\"elementor-tab-title elementor-tab-mobile-title\" aria-selected=\"false\" data-tab=\"4\" role=\"tab\" tabindex=\"-1\" aria-controls=\"elementor-tab-content-1474\" aria-expanded=\"false\">Dokumente hochladen<\/div>\n\t\t\t\t\t<div id=\"elementor-tab-content-1474\" class=\"elementor-tab-content elementor-clearfix\" data-tab=\"4\" role=\"tabpanel\" aria-labelledby=\"elementor-tab-title-1474\" tabindex=\"0\" hidden=\"hidden\"><p>[gravityform id=&#8220;1&#8243; title=&#8220;falsch&#8220;]<\/p>\n<\/div>\n\t\t\t\t\t\t\t<\/div>\n\t\t<\/div>\n\t\t\t\t\t\t<\/div>\n\t\t\t\t<\/div>\n\t\t\t\t\t<\/div>\n\t\t<\/div>\n\t\t\t\t\t<\/div>\n\t\t<\/section>\n\t\t\t\t<\/div>\n\t\t","protected":false},"excerpt":{"rendered":"<p>Mein Konto Intranet-Neuigkeiten Unterlagen Dokumente hochladen Mein Konto Ver la ficha de mi bodega Galer\u00eda de la bodega Image Tu perfil Nombre Apellidos Nombre a mostrar RomguillermoFulRom FulFul Rom Direcci\u00f3n de correo electr\u00f3nico Imagen de portada Descripci\u00f3n Elaboramos vinos de la m\u00e1xima calidad posible con nuestros vi\u00f1edos plantados en los a\u00f1os noventa. Actualmente, siguiendo un [&hellip;]<\/p>\n","protected":false},"author":2,"featured_media":0,"parent":0,"menu_order":0,"comment_status":"closed","ping_status":"closed","template":"","meta":{"_acf_changed":false,"footnotes":""},"class_list":["post-7599","page","type-page","status-publish","hentry"],"acf":[],"yoast_head":"<!-- This site is optimized with the Yoast SEO plugin v27.4 - https:\/\/yoast.com\/product\/yoast-seo-wordpress\/ -->\n<title>Intranet - Vi de La Terra Mallorca<\/title>\n<meta name=\"robots\" content=\"index, follow, max-snippet:-1, max-image-preview:large, max-video-preview:-1\" \/>\n<link rel=\"canonical\" href=\"https:\/\/vtmallorca.com\/de\/intranet\/\" \/>\n<meta property=\"og:locale\" content=\"de_DE\" \/>\n<meta property=\"og:type\" content=\"article\" \/>\n<meta property=\"og:title\" content=\"Intranet - Vi de La Terra Mallorca\" \/>\n<meta property=\"og:description\" content=\"Mein Konto Intranet-Neuigkeiten Unterlagen Dokumente hochladen Mein Konto Ver la ficha de mi bodega Galer\u00eda de la bodega Image Tu perfil Nombre Apellidos Nombre a mostrar RomguillermoFulRom FulFul Rom Direcci\u00f3n de correo electr\u00f3nico Imagen de portada Descripci\u00f3n Elaboramos vinos de la m\u00e1xima calidad posible con nuestros vi\u00f1edos plantados en los a\u00f1os noventa. Actualmente, siguiendo un [&hellip;]\" \/>\n<meta property=\"og:url\" content=\"https:\/\/vtmallorca.com\/de\/intranet\/\" \/>\n<meta property=\"og:site_name\" content=\"Vi de La Terra Mallorca\" \/>\n<meta property=\"article:modified_time\" content=\"2023-05-24T21:26:15+00:00\" \/>\n<meta property=\"og:image\" content=\"https:\/\/vtmallorca.com\/wp-content\/uploads\/2022\/10\/SON_PRIM-2-1-1024x768.jpg\" \/>\n<meta name=\"twitter:card\" content=\"summary_large_image\" \/>\n<meta name=\"twitter:label1\" content=\"Gesch\u00e4tzte Lesezeit\" \/>\n\t<meta name=\"twitter:data1\" content=\"1\u00a0Minute\" \/>\n<script type=\"application\/ld+json\" class=\"yoast-schema-graph\">{\"@context\":\"https:\\\/\\\/schema.org\",\"@graph\":[{\"@type\":\"WebPage\",\"@id\":\"https:\\\/\\\/vtmallorca.com\\\/de\\\/intranet\\\/\",\"url\":\"https:\\\/\\\/vtmallorca.com\\\/de\\\/intranet\\\/\",\"name\":\"Intranet - Vi de La Terra Mallorca\",\"isPartOf\":{\"@id\":\"https:\\\/\\\/vtmallorca.com\\\/#website\"},\"primaryImageOfPage\":{\"@id\":\"https:\\\/\\\/vtmallorca.com\\\/de\\\/intranet\\\/#primaryimage\"},\"image\":{\"@id\":\"https:\\\/\\\/vtmallorca.com\\\/de\\\/intranet\\\/#primaryimage\"},\"thumbnailUrl\":\"https:\\\/\\\/vtmallorca.com\\\/wp-content\\\/uploads\\\/2022\\\/10\\\/SON_PRIM-2-1-1024x768.jpg\",\"datePublished\":\"2022-09-30T07:41:17+00:00\",\"dateModified\":\"2023-05-24T21:26:15+00:00\",\"breadcrumb\":{\"@id\":\"https:\\\/\\\/vtmallorca.com\\\/de\\\/intranet\\\/#breadcrumb\"},\"inLanguage\":\"de\",\"potentialAction\":[{\"@type\":\"ReadAction\",\"target\":[\"https:\\\/\\\/vtmallorca.com\\\/de\\\/intranet\\\/\"]}]},{\"@type\":\"ImageObject\",\"inLanguage\":\"de\",\"@id\":\"https:\\\/\\\/vtmallorca.com\\\/de\\\/intranet\\\/#primaryimage\",\"url\":\"https:\\\/\\\/vtmallorca.com\\\/wp-content\\\/uploads\\\/2022\\\/10\\\/SON_PRIM-2-1-1024x768.jpg\",\"contentUrl\":\"https:\\\/\\\/vtmallorca.com\\\/wp-content\\\/uploads\\\/2022\\\/10\\\/SON_PRIM-2-1-1024x768.jpg\"},{\"@type\":\"BreadcrumbList\",\"@id\":\"https:\\\/\\\/vtmallorca.com\\\/de\\\/intranet\\\/#breadcrumb\",\"itemListElement\":[{\"@type\":\"ListItem\",\"position\":1,\"name\":\"Portada\",\"item\":\"https:\\\/\\\/vtmallorca.com\\\/ca\\\/\"},{\"@type\":\"ListItem\",\"position\":2,\"name\":\"Intranet\"}]},{\"@type\":\"WebSite\",\"@id\":\"https:\\\/\\\/vtmallorca.com\\\/#website\",\"url\":\"https:\\\/\\\/vtmallorca.com\\\/\",\"name\":\"Vi de La Terra Mallorca\",\"description\":\"Vi de La Terra Mallorca\",\"potentialAction\":[{\"@type\":\"SearchAction\",\"target\":{\"@type\":\"EntryPoint\",\"urlTemplate\":\"https:\\\/\\\/vtmallorca.com\\\/?s={search_term_string}\"},\"query-input\":{\"@type\":\"PropertyValueSpecification\",\"valueRequired\":true,\"valueName\":\"search_term_string\"}}],\"inLanguage\":\"de\"}]}<\/script>\n<!-- \/ Yoast SEO plugin. -->","yoast_head_json":{"title":"Intranet - Vi de La Terra Mallorca","robots":{"index":"index","follow":"follow","max-snippet":"max-snippet:-1","max-image-preview":"max-image-preview:large","max-video-preview":"max-video-preview:-1"},"canonical":"https:\/\/vtmallorca.com\/de\/intranet\/","og_locale":"de_DE","og_type":"article","og_title":"Intranet - Vi de La Terra Mallorca","og_description":"Mein Konto Intranet-Neuigkeiten Unterlagen Dokumente hochladen Mein Konto Ver la ficha de mi bodega Galer\u00eda de la bodega Image Tu perfil Nombre Apellidos Nombre a mostrar RomguillermoFulRom FulFul Rom Direcci\u00f3n de correo electr\u00f3nico Imagen de portada Descripci\u00f3n Elaboramos vinos de la m\u00e1xima calidad posible con nuestros vi\u00f1edos plantados en los a\u00f1os noventa. Actualmente, siguiendo un [&hellip;]","og_url":"https:\/\/vtmallorca.com\/de\/intranet\/","og_site_name":"Vi de La Terra Mallorca","article_modified_time":"2023-05-24T21:26:15+00:00","og_image":[{"url":"https:\/\/vtmallorca.com\/wp-content\/uploads\/2022\/10\/SON_PRIM-2-1-1024x768.jpg","type":"","width":"","height":""}],"twitter_card":"summary_large_image","twitter_misc":{"Gesch\u00e4tzte Lesezeit":"1\u00a0Minute"},"schema":{"@context":"https:\/\/schema.org","@graph":[{"@type":"WebPage","@id":"https:\/\/vtmallorca.com\/de\/intranet\/","url":"https:\/\/vtmallorca.com\/de\/intranet\/","name":"Intranet - Vi de La Terra Mallorca","isPartOf":{"@id":"https:\/\/vtmallorca.com\/#website"},"primaryImageOfPage":{"@id":"https:\/\/vtmallorca.com\/de\/intranet\/#primaryimage"},"image":{"@id":"https:\/\/vtmallorca.com\/de\/intranet\/#primaryimage"},"thumbnailUrl":"https:\/\/vtmallorca.com\/wp-content\/uploads\/2022\/10\/SON_PRIM-2-1-1024x768.jpg","datePublished":"2022-09-30T07:41:17+00:00","dateModified":"2023-05-24T21:26:15+00:00","breadcrumb":{"@id":"https:\/\/vtmallorca.com\/de\/intranet\/#breadcrumb"},"inLanguage":"de","potentialAction":[{"@type":"ReadAction","target":["https:\/\/vtmallorca.com\/de\/intranet\/"]}]},{"@type":"ImageObject","inLanguage":"de","@id":"https:\/\/vtmallorca.com\/de\/intranet\/#primaryimage","url":"https:\/\/vtmallorca.com\/wp-content\/uploads\/2022\/10\/SON_PRIM-2-1-1024x768.jpg","contentUrl":"https:\/\/vtmallorca.com\/wp-content\/uploads\/2022\/10\/SON_PRIM-2-1-1024x768.jpg"},{"@type":"BreadcrumbList","@id":"https:\/\/vtmallorca.com\/de\/intranet\/#breadcrumb","itemListElement":[{"@type":"ListItem","position":1,"name":"Portada","item":"https:\/\/vtmallorca.com\/ca\/"},{"@type":"ListItem","position":2,"name":"Intranet"}]},{"@type":"WebSite","@id":"https:\/\/vtmallorca.com\/#website","url":"https:\/\/vtmallorca.com\/","name":"Vi de La Terra Mallorca","description":"Vi de La Terra Mallorca","potentialAction":[{"@type":"SearchAction","target":{"@type":"EntryPoint","urlTemplate":"https:\/\/vtmallorca.com\/?s={search_term_string}"},"query-input":{"@type":"PropertyValueSpecification","valueRequired":true,"valueName":"search_term_string"}}],"inLanguage":"de"}]}},"_links":{"self":[{"href":"https:\/\/vtmallorca.com\/de\/wp-json\/wp\/v2\/pages\/7599","targetHints":{"allow":["GET"]}}],"collection":[{"href":"https:\/\/vtmallorca.com\/de\/wp-json\/wp\/v2\/pages"}],"about":[{"href":"https:\/\/vtmallorca.com\/de\/wp-json\/wp\/v2\/types\/page"}],"author":[{"embeddable":true,"href":"https:\/\/vtmallorca.com\/de\/wp-json\/wp\/v2\/users\/2"}],"replies":[{"embeddable":true,"href":"https:\/\/vtmallorca.com\/de\/wp-json\/wp\/v2\/comments?post=7599"}],"version-history":[{"count":0,"href":"https:\/\/vtmallorca.com\/de\/wp-json\/wp\/v2\/pages\/7599\/revisions"}],"wp:attachment":[{"href":"https:\/\/vtmallorca.com\/de\/wp-json\/wp\/v2\/media?parent=7599"}],"curies":[{"name":"wp","href":"https:\/\/api.w.org\/{rel}","templated":true}]}}