{"id":7603,"date":"2022-10-03T16:43:36","date_gmt":"2022-10-03T16:43:36","guid":{"rendered":"https:\/\/vtmallorca.com\/mallorca\/"},"modified":"2023-05-24T21:34:41","modified_gmt":"2023-05-24T21:34:41","slug":"mallorca","status":"publish","type":"page","link":"https:\/\/vtmallorca.com\/de\/mallorca\/","title":{"rendered":"Mallorca"},"content":{"rendered":"\t\t<div data-elementor-type=\"wp-page\" data-elementor-id=\"7603\" class=\"elementor elementor-7603 elementor-4154\" data-elementor-settings=\"{&quot;scroll_snap&quot;:&quot;yes&quot;}\" data-elementor-post-type=\"page\">\n\t\t\t\t\t\t<section class=\"elementor-section elementor-top-section elementor-element elementor-element-d53b4b5 elementor-section-full_width elementor-section-height-full elementor-section-items-stretch elementor-section-height-default\" data-id=\"d53b4b5\" data-element_type=\"section\" data-e-type=\"section\">\n\t\t\t\t\t\t<div class=\"elementor-container elementor-column-gap-default\">\n\t\t\t\t\t<div class=\"elementor-column elementor-col-50 elementor-top-column elementor-element elementor-element-89ce8ef\" data-id=\"89ce8ef\" data-element_type=\"column\" data-e-type=\"column\" data-settings=\"{&quot;background_background&quot;:&quot;slideshow&quot;,&quot;background_slideshow_gallery&quot;:[{&quot;id&quot;:4178,&quot;url&quot;:&quot;https:\\\/\\\/vtmallorca.com\\\/wp-content\\\/uploads\\\/2022\\\/10\\\/vi-de-la-terra-2.jpeg&quot;}],&quot;background_slideshow_slide_duration&quot;:5000,&quot;background_slideshow_slide_transition&quot;:&quot;fade&quot;,&quot;background_slideshow_transition_duration&quot;:500}\">\n\t\t\t<div class=\"elementor-widget-wrap elementor-element-populated\">\n\t\t\t\t\t\t<div class=\"elementor-element elementor-element-98c0923 elementor-widget elementor-widget-spacer\" data-id=\"98c0923\" data-element_type=\"widget\" data-e-type=\"widget\" data-widget_type=\"spacer.default\">\n\t\t\t\t<div class=\"elementor-widget-container\">\n\t\t\t\t\t\t\t<div class=\"elementor-spacer\">\n\t\t\t<div class=\"elementor-spacer-inner\"><\/div>\n\t\t<\/div>\n\t\t\t\t\t\t<\/div>\n\t\t\t\t<\/div>\n\t\t\t\t\t<\/div>\n\t\t<\/div>\n\t\t\t\t<div class=\"elementor-column elementor-col-50 elementor-top-column elementor-element elementor-element-9947268\" data-id=\"9947268\" data-element_type=\"column\" data-e-type=\"column\" data-settings=\"{&quot;background_background&quot;:&quot;classic&quot;}\">\n\t\t\t<div class=\"elementor-widget-wrap elementor-element-populated\">\n\t\t\t\t\t\t<div class=\"elementor-element elementor-element-fe3127d elementor-widget elementor-widget-heading\" data-id=\"fe3127d\" data-element_type=\"widget\" data-e-type=\"widget\" data-widget_type=\"heading.default\">\n\t\t\t\t<div class=\"elementor-widget-container\">\n\t\t\t\t\t<h2 class=\"elementor-heading-title elementor-size-default\">Mallorca<\/h2>\t\t\t\t<\/div>\n\t\t\t\t<\/div>\n\t\t\t\t<div class=\"elementor-element elementor-element-14b4b52 elementor-widget elementor-widget-text-editor\" data-id=\"14b4b52\" data-element_type=\"widget\" data-e-type=\"widget\" data-widget_type=\"text-editor.default\">\n\t\t\t\t<div class=\"elementor-widget-container\">\n\t\t\t\t\t\t\t\t\t<p>K\u00f6nnen Sie sich vorstellen, wie es vor Jahrhunderten gewesen sein muss, ein Glas mallorquinischen Wein zu genie\u00dfen? Ein wahres Ritual. Genau das symbolisiert der Wein im Laufe unserer Geschichte: eine Zeremonie, die wir Tag f\u00fcr Tag wiederholen.<\/p>\n<\/p>\n<p>R\u00f6mer, Christen, Araber &#8230; Alle, die im Laufe der Zeit auf der Insel Mallorca angekommen sind, haben sich in unser feuchtes und fruchtiges Land verliebt und ihre Spuren hinterlassen, wenn es darum ging, authentische, frische und unverwechselbare mediterrane Aromen zu erzeugen.<\/p>\n\t\t\t\t\t\t\t\t<\/div>\n\t\t\t\t<\/div>\n\t\t\t\t<div class=\"elementor-element elementor-element-2112573 elementor-view-default elementor-widget elementor-widget-icon\" data-id=\"2112573\" data-element_type=\"widget\" data-e-type=\"widget\" data-widget_type=\"icon.default\">\n\t\t\t\t<div class=\"elementor-widget-container\">\n\t\t\t\t\t\t\t<div class=\"elementor-icon-wrapper\">\n\t\t\t<a class=\"elementor-icon\" href=\"#elementor-action%3Aaction%3Dpopup%3Aopen%26settings%3DeyJpZCI6NDU1MywidG9nZ2xlIjpmYWxzZX0%3D\">\n\t\t\t<i aria-hidden=\"true\" class=\"far fa-play-circle\"><\/i>\t\t\t<\/a>\n\t\t<\/div>\n\t\t\t\t\t\t<\/div>\n\t\t\t\t<\/div>\n\t\t\t\t\t<\/div>\n\t\t<\/div>\n\t\t\t\t\t<\/div>\n\t\t<\/section>\n\t\t\t\t<section class=\"elementor-section elementor-top-section elementor-element elementor-element-a435fbe elementor-section-full_width elementor-section-height-full elementor-section-items-stretch elementor-reverse-mobile elementor-section-height-default\" data-id=\"a435fbe\" data-element_type=\"section\" data-e-type=\"section\">\n\t\t\t\t\t\t<div class=\"elementor-container elementor-column-gap-default\">\n\t\t\t\t\t<div class=\"elementor-column elementor-col-50 elementor-top-column elementor-element elementor-element-e35d77b\" data-id=\"e35d77b\" data-element_type=\"column\" data-e-type=\"column\" data-settings=\"{&quot;background_background&quot;:&quot;classic&quot;}\">\n\t\t\t<div class=\"elementor-widget-wrap elementor-element-populated\">\n\t\t\t\t\t\t<div class=\"elementor-element elementor-element-1bf8045 elementor-widget elementor-widget-text-editor\" data-id=\"1bf8045\" data-element_type=\"widget\" data-e-type=\"widget\" data-widget_type=\"text-editor.default\">\n\t\t\t\t<div class=\"elementor-widget-container\">\n\t\t\t\t\t\t\t\t\t<p>\u00dcber Mallorca zu sprechen bedeutet, \u00fcber die Weinkultur zu sprechen, die unbestreitbar mit dem Ausdruck des Landes und unserer Kultur verbunden ist. Wir produzieren Qualit\u00e4tsweine und sind stolz auf das, was sie auszeichnet. Sie haben den Duft verg\u00e4nglicher Sch\u00f6nheit, eines Sonnenuntergangs oder des Glanzes des Meeres an einem strahlenden Sommertag. Es sind Empfindungen, von denen wir wissen, dass sie Sie erregen, die sich kaum erkl\u00e4ren lassen, von denen Sie aber wissen, dass sie anders sind. Und so wie die Sonne jeden Tag aufgeht, denken Sie daran, dass auch Sie ein Vi de la Terra genie\u00dfen k\u00f6nnen, wann immer Sie sich wieder mit der Essenz und Landschaft Mallorcas verbinden m\u00f6chten.<\/p>\n\t\t\t\t\t\t\t\t<\/div>\n\t\t\t\t<\/div>\n\t\t\t\t\t<\/div>\n\t\t<\/div>\n\t\t\t\t<div class=\"elementor-column elementor-col-50 elementor-top-column elementor-element elementor-element-9b8ba74\" data-id=\"9b8ba74\" data-element_type=\"column\" data-e-type=\"column\" data-settings=\"{&quot;background_background&quot;:&quot;classic&quot;}\">\n\t\t\t<div class=\"elementor-widget-wrap elementor-element-populated\">\n\t\t\t\t\t\t<div class=\"elementor-element elementor-element-08a19cd elementor-widget elementor-widget-spacer\" data-id=\"08a19cd\" data-element_type=\"widget\" data-e-type=\"widget\" data-widget_type=\"spacer.default\">\n\t\t\t\t<div class=\"elementor-widget-container\">\n\t\t\t\t\t\t\t<div class=\"elementor-spacer\">\n\t\t\t<div class=\"elementor-spacer-inner\"><\/div>\n\t\t<\/div>\n\t\t\t\t\t\t<\/div>\n\t\t\t\t<\/div>\n\t\t\t\t\t<\/div>\n\t\t<\/div>\n\t\t\t\t\t<\/div>\n\t\t<\/section>\n\t\t\t\t<\/div>\n\t\t","protected":false},"excerpt":{"rendered":"<p>Mallorca K\u00f6nnen Sie sich vorstellen, wie es vor Jahrhunderten gewesen sein muss, ein Glas mallorquinischen Wein zu genie\u00dfen? Ein wahres Ritual. Genau das symbolisiert der Wein im Laufe unserer Geschichte: eine Zeremonie, die wir Tag f\u00fcr Tag wiederholen. R\u00f6mer, Christen, Araber &#8230; Alle, die im Laufe der Zeit auf der Insel Mallorca angekommen sind, haben [&hellip;]<\/p>\n","protected":false},"author":2,"featured_media":0,"parent":0,"menu_order":0,"comment_status":"closed","ping_status":"closed","template":"","meta":{"_acf_changed":false,"footnotes":""},"class_list":["post-7603","page","type-page","status-publish","hentry"],"acf":[],"yoast_head":"<!-- This site is optimized with the Yoast SEO plugin v27.5 - https:\/\/yoast.com\/product\/yoast-seo-wordpress\/ -->\n<title>Mallorca - Vi de La Terra Mallorca<\/title>\n<meta name=\"robots\" content=\"index, follow, max-snippet:-1, max-image-preview:large, max-video-preview:-1\" \/>\n<link rel=\"canonical\" href=\"https:\/\/vtmallorca.com\/de\/mallorca\/\" \/>\n<meta property=\"og:locale\" content=\"de_DE\" \/>\n<meta property=\"og:type\" content=\"article\" \/>\n<meta property=\"og:title\" content=\"Mallorca - Vi de La Terra Mallorca\" \/>\n<meta property=\"og:description\" content=\"Mallorca K\u00f6nnen Sie sich vorstellen, wie es vor Jahrhunderten gewesen sein muss, ein Glas mallorquinischen Wein zu genie\u00dfen? Ein wahres Ritual. Genau das symbolisiert der Wein im Laufe unserer Geschichte: eine Zeremonie, die wir Tag f\u00fcr Tag wiederholen. R\u00f6mer, Christen, Araber &#8230; Alle, die im Laufe der Zeit auf der Insel Mallorca angekommen sind, haben [&hellip;]\" \/>\n<meta property=\"og:url\" content=\"https:\/\/vtmallorca.com\/de\/mallorca\/\" \/>\n<meta property=\"og:site_name\" content=\"Vi de La Terra Mallorca\" \/>\n<meta property=\"article:modified_time\" content=\"2023-05-24T21:34:41+00:00\" \/>\n<meta name=\"twitter:card\" content=\"summary_large_image\" \/>\n<meta name=\"twitter:label1\" content=\"Gesch\u00e4tzte Lesezeit\" \/>\n\t<meta name=\"twitter:data1\" content=\"1\u00a0Minute\" \/>\n<script type=\"application\/ld+json\" class=\"yoast-schema-graph\">{\"@context\":\"https:\\\/\\\/schema.org\",\"@graph\":[{\"@type\":\"WebPage\",\"@id\":\"https:\\\/\\\/vtmallorca.com\\\/de\\\/mallorca\\\/\",\"url\":\"https:\\\/\\\/vtmallorca.com\\\/de\\\/mallorca\\\/\",\"name\":\"Mallorca - Vi de La Terra Mallorca\",\"isPartOf\":{\"@id\":\"https:\\\/\\\/vtmallorca.com\\\/#website\"},\"datePublished\":\"2022-10-03T16:43:36+00:00\",\"dateModified\":\"2023-05-24T21:34:41+00:00\",\"breadcrumb\":{\"@id\":\"https:\\\/\\\/vtmallorca.com\\\/de\\\/mallorca\\\/#breadcrumb\"},\"inLanguage\":\"de\",\"potentialAction\":[{\"@type\":\"ReadAction\",\"target\":[\"https:\\\/\\\/vtmallorca.com\\\/de\\\/mallorca\\\/\"]}]},{\"@type\":\"BreadcrumbList\",\"@id\":\"https:\\\/\\\/vtmallorca.com\\\/de\\\/mallorca\\\/#breadcrumb\",\"itemListElement\":[{\"@type\":\"ListItem\",\"position\":1,\"name\":\"Portada\",\"item\":\"https:\\\/\\\/vtmallorca.com\\\/ca\\\/\"},{\"@type\":\"ListItem\",\"position\":2,\"name\":\"Mallorca\"}]},{\"@type\":\"WebSite\",\"@id\":\"https:\\\/\\\/vtmallorca.com\\\/#website\",\"url\":\"https:\\\/\\\/vtmallorca.com\\\/\",\"name\":\"Vi de La Terra Mallorca\",\"description\":\"Vi de La Terra Mallorca\",\"potentialAction\":[{\"@type\":\"SearchAction\",\"target\":{\"@type\":\"EntryPoint\",\"urlTemplate\":\"https:\\\/\\\/vtmallorca.com\\\/?s={search_term_string}\"},\"query-input\":{\"@type\":\"PropertyValueSpecification\",\"valueRequired\":true,\"valueName\":\"search_term_string\"}}],\"inLanguage\":\"de\"}]}<\/script>\n<!-- \/ Yoast SEO plugin. -->","yoast_head_json":{"title":"Mallorca - Vi de La Terra Mallorca","robots":{"index":"index","follow":"follow","max-snippet":"max-snippet:-1","max-image-preview":"max-image-preview:large","max-video-preview":"max-video-preview:-1"},"canonical":"https:\/\/vtmallorca.com\/de\/mallorca\/","og_locale":"de_DE","og_type":"article","og_title":"Mallorca - Vi de La Terra Mallorca","og_description":"Mallorca K\u00f6nnen Sie sich vorstellen, wie es vor Jahrhunderten gewesen sein muss, ein Glas mallorquinischen Wein zu genie\u00dfen? Ein wahres Ritual. Genau das symbolisiert der Wein im Laufe unserer Geschichte: eine Zeremonie, die wir Tag f\u00fcr Tag wiederholen. R\u00f6mer, Christen, Araber &#8230; Alle, die im Laufe der Zeit auf der Insel Mallorca angekommen sind, haben [&hellip;]","og_url":"https:\/\/vtmallorca.com\/de\/mallorca\/","og_site_name":"Vi de La Terra Mallorca","article_modified_time":"2023-05-24T21:34:41+00:00","twitter_card":"summary_large_image","twitter_misc":{"Gesch\u00e4tzte Lesezeit":"1\u00a0Minute"},"schema":{"@context":"https:\/\/schema.org","@graph":[{"@type":"WebPage","@id":"https:\/\/vtmallorca.com\/de\/mallorca\/","url":"https:\/\/vtmallorca.com\/de\/mallorca\/","name":"Mallorca - Vi de La Terra Mallorca","isPartOf":{"@id":"https:\/\/vtmallorca.com\/#website"},"datePublished":"2022-10-03T16:43:36+00:00","dateModified":"2023-05-24T21:34:41+00:00","breadcrumb":{"@id":"https:\/\/vtmallorca.com\/de\/mallorca\/#breadcrumb"},"inLanguage":"de","potentialAction":[{"@type":"ReadAction","target":["https:\/\/vtmallorca.com\/de\/mallorca\/"]}]},{"@type":"BreadcrumbList","@id":"https:\/\/vtmallorca.com\/de\/mallorca\/#breadcrumb","itemListElement":[{"@type":"ListItem","position":1,"name":"Portada","item":"https:\/\/vtmallorca.com\/ca\/"},{"@type":"ListItem","position":2,"name":"Mallorca"}]},{"@type":"WebSite","@id":"https:\/\/vtmallorca.com\/#website","url":"https:\/\/vtmallorca.com\/","name":"Vi de La Terra Mallorca","description":"Vi de La Terra Mallorca","potentialAction":[{"@type":"SearchAction","target":{"@type":"EntryPoint","urlTemplate":"https:\/\/vtmallorca.com\/?s={search_term_string}"},"query-input":{"@type":"PropertyValueSpecification","valueRequired":true,"valueName":"search_term_string"}}],"inLanguage":"de"}]}},"_links":{"self":[{"href":"https:\/\/vtmallorca.com\/de\/wp-json\/wp\/v2\/pages\/7603","targetHints":{"allow":["GET"]}}],"collection":[{"href":"https:\/\/vtmallorca.com\/de\/wp-json\/wp\/v2\/pages"}],"about":[{"href":"https:\/\/vtmallorca.com\/de\/wp-json\/wp\/v2\/types\/page"}],"author":[{"embeddable":true,"href":"https:\/\/vtmallorca.com\/de\/wp-json\/wp\/v2\/users\/2"}],"replies":[{"embeddable":true,"href":"https:\/\/vtmallorca.com\/de\/wp-json\/wp\/v2\/comments?post=7603"}],"version-history":[{"count":0,"href":"https:\/\/vtmallorca.com\/de\/wp-json\/wp\/v2\/pages\/7603\/revisions"}],"wp:attachment":[{"href":"https:\/\/vtmallorca.com\/de\/wp-json\/wp\/v2\/media?parent=7603"}],"curies":[{"name":"wp","href":"https:\/\/api.w.org\/{rel}","templated":true}]}}