{"id":7611,"date":"2022-10-12T11:58:31","date_gmt":"2022-10-12T11:58:31","guid":{"rendered":"https:\/\/vtmallorca.com\/raim\/"},"modified":"2023-05-24T21:49:50","modified_gmt":"2023-05-24T21:49:50","slug":"raim","status":"publish","type":"page","link":"https:\/\/vtmallorca.com\/de\/raim\/","title":{"rendered":"Ra\u00efm"},"content":{"rendered":"\t\t<div data-elementor-type=\"wp-page\" data-elementor-id=\"7611\" class=\"elementor elementor-7611 elementor-4828\" data-elementor-post-type=\"page\">\n\t\t\t\t\t\t<section class=\"elementor-section elementor-top-section elementor-element elementor-element-36ed97e elementor-section-full_width elementor-section-height-full elementor-section-items-stretch elementor-reverse-mobile elementor-section-height-default\" data-id=\"36ed97e\" data-element_type=\"section\" data-e-type=\"section\">\n\t\t\t\t\t\t<div class=\"elementor-container elementor-column-gap-default\">\n\t\t\t\t\t<div class=\"elementor-column elementor-col-50 elementor-top-column elementor-element elementor-element-1effa4b\" data-id=\"1effa4b\" data-element_type=\"column\" data-e-type=\"column\" data-settings=\"{&quot;background_background&quot;:&quot;classic&quot;}\">\n\t\t\t<div class=\"elementor-widget-wrap elementor-element-populated\">\n\t\t\t\t\t\t<div class=\"elementor-element elementor-element-799c58a elementor-widget elementor-widget-heading\" data-id=\"799c58a\" data-element_type=\"widget\" data-e-type=\"widget\" data-widget_type=\"heading.default\">\n\t\t\t\t<div class=\"elementor-widget-container\">\n\t\t\t\t\t<h2 class=\"elementor-heading-title elementor-size-default\">Ra\u00efm Wine Fest<\/h2>\t\t\t\t<\/div>\n\t\t\t\t<\/div>\n\t\t\t\t<div class=\"elementor-element elementor-element-306a1aa elementor-widget elementor-widget-text-editor\" data-id=\"306a1aa\" data-element_type=\"widget\" data-e-type=\"widget\" data-widget_type=\"text-editor.default\">\n\t\t\t\t<div class=\"elementor-widget-container\">\n\t\t\t\t\t\t\t\t\t<p>Am 1. Oktober letzten Jahres feierten wir die erste Ausgabe des Ra\u00efm Wine Fest in Costix.<\/p>\n<p>Eine Veranstaltung, bei der Musik, Kunst, unsere lokalen Produkte und einige \u00dcberraschungen zusammenkamen, um die Ankunft des Winters zu feiern.<\/p>\n<p>Seien Sie gespannt auf die Termine, die wir bald ver\u00f6ffentlichen werden.<\/p>\n\t\t\t\t\t\t\t\t<\/div>\n\t\t\t\t<\/div>\n\t\t\t\t<div class=\"elementor-element elementor-element-4261c1f elementor-align-center elementor-widget elementor-widget-button\" data-id=\"4261c1f\" data-element_type=\"widget\" data-e-type=\"widget\" data-widget_type=\"button.default\">\n\t\t\t\t<div class=\"elementor-widget-container\">\n\t\t\t\t\t\t\t\t\t<div class=\"elementor-button-wrapper\">\n\t\t\t\t\t<a class=\"elementor-button elementor-button-link elementor-size-sm\" href=\"#gallerie\">\n\t\t\t\t\t\t<span class=\"elementor-button-content-wrapper\">\n\t\t\t\t\t\t\t\t\t<span class=\"elementor-button-text\">Fotogallerie<\/span>\n\t\t\t\t\t<\/span>\n\t\t\t\t\t<\/a>\n\t\t\t\t<\/div>\n\t\t\t\t\t\t\t\t<\/div>\n\t\t\t\t<\/div>\n\t\t\t\t\t<\/div>\n\t\t<\/div>\n\t\t\t\t<div class=\"elementor-column elementor-col-50 elementor-top-column elementor-element elementor-element-61690df\" data-id=\"61690df\" data-element_type=\"column\" data-e-type=\"column\" data-settings=\"{&quot;background_background&quot;:&quot;classic&quot;}\">\n\t\t\t<div class=\"elementor-widget-wrap elementor-element-populated\">\n\t\t\t\t\t\t<div class=\"elementor-element elementor-element-37cd71f elementor-widget elementor-widget-spacer\" data-id=\"37cd71f\" data-element_type=\"widget\" data-e-type=\"widget\" data-widget_type=\"spacer.default\">\n\t\t\t\t<div class=\"elementor-widget-container\">\n\t\t\t\t\t\t\t<div class=\"elementor-spacer\">\n\t\t\t<div class=\"elementor-spacer-inner\"><\/div>\n\t\t<\/div>\n\t\t\t\t\t\t<\/div>\n\t\t\t\t<\/div>\n\t\t\t\t\t<\/div>\n\t\t<\/div>\n\t\t\t\t\t<\/div>\n\t\t<\/section>\n\t\t\t\t<section class=\"elementor-section elementor-top-section elementor-element elementor-element-e464867 elementor-section-full_width elementor-section-height-default elementor-section-height-default\" data-id=\"e464867\" data-element_type=\"section\" data-e-type=\"section\" id=\"galeria\" data-settings=\"{&quot;background_background&quot;:&quot;classic&quot;}\">\n\t\t\t\t\t\t<div class=\"elementor-container elementor-column-gap-default\">\n\t\t\t\t\t<div class=\"elementor-column elementor-col-100 elementor-top-column elementor-element elementor-element-c9288d1\" data-id=\"c9288d1\" data-element_type=\"column\" data-e-type=\"column\">\n\t\t\t<div class=\"elementor-widget-wrap elementor-element-populated\">\n\t\t\t\t\t\t<div class=\"elementor-element elementor-element-13fac42 elementor-widget elementor-widget-heading\" data-id=\"13fac42\" data-element_type=\"widget\" data-e-type=\"widget\" data-widget_type=\"heading.default\">\n\t\t\t\t<div class=\"elementor-widget-container\">\n\t\t\t\t\t<h2 class=\"elementor-heading-title elementor-size-default\">Fotogalerie des Ra\u00efm Wine Fest - Costitx<\/h2>\t\t\t\t<\/div>\n\t\t\t\t<\/div>\n\t\t\t\t<div class=\"elementor-element elementor-element-8d6da64 elementor-widget elementor-widget-gallery\" data-id=\"8d6da64\" data-element_type=\"widget\" data-e-type=\"widget\" data-settings=\"{&quot;gallery_layout&quot;:&quot;masonry&quot;,&quot;gap&quot;:{&quot;unit&quot;:&quot;px&quot;,&quot;size&quot;:0,&quot;sizes&quot;:[]},&quot;lazyload&quot;:&quot;yes&quot;,&quot;columns&quot;:4,&quot;columns_tablet&quot;:2,&quot;columns_mobile&quot;:1,&quot;gap_tablet&quot;:{&quot;unit&quot;:&quot;px&quot;,&quot;size&quot;:10,&quot;sizes&quot;:[]},&quot;gap_mobile&quot;:{&quot;unit&quot;:&quot;px&quot;,&quot;size&quot;:10,&quot;sizes&quot;:[]},&quot;link_to&quot;:&quot;file&quot;,&quot;overlay_background&quot;:&quot;yes&quot;,&quot;content_hover_animation&quot;:&quot;fade-in&quot;}\" data-widget_type=\"gallery.default\">\n\t\t\t\t<div class=\"elementor-widget-container\">\n\t\t\t\t\t\t\t<div class=\"elementor-gallery__container\">\n\t\t\t\t\t\t\t<a class=\"e-gallery-item elementor-gallery-item elementor-animated-content\" href=\"https:\/\/vtmallorca.com\/wp-content\/uploads\/2022\/10\/Rai\u0308mWineFest_Costitx_1.jpg\" data-elementor-open-lightbox=\"yes\" data-elementor-lightbox-slideshow=\"8d6da64\" data-elementor-lightbox-title=\"Rai\u0308mWineFest_Costitx_1\" data-e-action-hash=\"#elementor-action%3Aaction%3Dlightbox%26settings%3DeyJpZCI6NTAzMiwidXJsIjoiaHR0cHM6XC9cL3Z0bWFsbG9yY2EuY29tXC93cC1jb250ZW50XC91cGxvYWRzXC8yMDIyXC8xMFwvUmFpXHUwMzA4bVdpbmVGZXN0X0Nvc3RpdHhfMS5qcGciLCJzbGlkZXNob3ciOiI4ZDZkYTY0In0%3D\">\n\t\t\t\t\t<div class=\"e-gallery-image elementor-gallery-item__image\" data-thumbnail=\"https:\/\/vtmallorca.com\/wp-content\/uploads\/2022\/10\/Rai\u0308mWineFest_Costitx_1-768x512.jpg\" data-width=\"768\" data-height=\"512\" aria-label=\"\" role=\"img\" ><\/div>\n\t\t\t\t\t\t\t\t\t\t\t<div class=\"elementor-gallery-item__overlay\"><\/div>\n\t\t\t\t\t\t\t\t\t\t\t\t\t\t<\/a>\n\t\t\t\t\t\t\t<a class=\"e-gallery-item elementor-gallery-item elementor-animated-content\" href=\"https:\/\/vtmallorca.com\/wp-content\/uploads\/2022\/10\/Rai\u0308mWineFest_Costitx_10.jpg\" data-elementor-open-lightbox=\"yes\" data-elementor-lightbox-slideshow=\"8d6da64\" data-elementor-lightbox-title=\"Rai\u0308mWineFest_Costitx_10\" data-e-action-hash=\"#elementor-action%3Aaction%3Dlightbox%26settings%3DeyJpZCI6NTAzMSwidXJsIjoiaHR0cHM6XC9cL3Z0bWFsbG9yY2EuY29tXC93cC1jb250ZW50XC91cGxvYWRzXC8yMDIyXC8xMFwvUmFpXHUwMzA4bVdpbmVGZXN0X0Nvc3RpdHhfMTAuanBnIiwic2xpZGVzaG93IjoiOGQ2ZGE2NCJ9\">\n\t\t\t\t\t<div class=\"e-gallery-image elementor-gallery-item__image\" data-thumbnail=\"https:\/\/vtmallorca.com\/wp-content\/uploads\/2022\/10\/Rai\u0308mWineFest_Costitx_10-768x512.jpg\" data-width=\"768\" data-height=\"512\" aria-label=\"\" role=\"img\" ><\/div>\n\t\t\t\t\t\t\t\t\t\t\t<div class=\"elementor-gallery-item__overlay\"><\/div>\n\t\t\t\t\t\t\t\t\t\t\t\t\t\t<\/a>\n\t\t\t\t\t\t\t<a class=\"e-gallery-item elementor-gallery-item elementor-animated-content\" href=\"https:\/\/vtmallorca.com\/wp-content\/uploads\/2022\/10\/Rai\u0308mWineFest_Costitx_2.jpg\" data-elementor-open-lightbox=\"yes\" data-elementor-lightbox-slideshow=\"8d6da64\" data-elementor-lightbox-title=\"Rai\u0308mWineFest_Costitx_2\" data-e-action-hash=\"#elementor-action%3Aaction%3Dlightbox%26settings%3DeyJpZCI6NTAyMSwidXJsIjoiaHR0cHM6XC9cL3Z0bWFsbG9yY2EuY29tXC93cC1jb250ZW50XC91cGxvYWRzXC8yMDIyXC8xMFwvUmFpXHUwMzA4bVdpbmVGZXN0X0Nvc3RpdHhfMi5qcGciLCJzbGlkZXNob3ciOiI4ZDZkYTY0In0%3D\">\n\t\t\t\t\t<div class=\"e-gallery-image elementor-gallery-item__image\" data-thumbnail=\"https:\/\/vtmallorca.com\/wp-content\/uploads\/2022\/10\/Rai\u0308mWineFest_Costitx_2-768x512.jpg\" data-width=\"768\" data-height=\"512\" aria-label=\"\" role=\"img\" ><\/div>\n\t\t\t\t\t\t\t\t\t\t\t<div class=\"elementor-gallery-item__overlay\"><\/div>\n\t\t\t\t\t\t\t\t\t\t\t\t\t\t<\/a>\n\t\t\t\t\t\t\t<a class=\"e-gallery-item elementor-gallery-item elementor-animated-content\" href=\"https:\/\/vtmallorca.com\/wp-content\/uploads\/2022\/10\/Rai\u0308mWineFest_Costitx_45-scaled.jpg\" data-elementor-open-lightbox=\"yes\" data-elementor-lightbox-slideshow=\"8d6da64\" data-elementor-lightbox-title=\"Rai\u0308mWineFest_Costitx_45\" data-e-action-hash=\"#elementor-action%3Aaction%3Dlightbox%26settings%3DeyJpZCI6NDk5MywidXJsIjoiaHR0cHM6XC9cL3Z0bWFsbG9yY2EuY29tXC93cC1jb250ZW50XC91cGxvYWRzXC8yMDIyXC8xMFwvUmFpXHUwMzA4bVdpbmVGZXN0X0Nvc3RpdHhfNDUtc2NhbGVkLmpwZyIsInNsaWRlc2hvdyI6IjhkNmRhNjQifQ%3D%3D\">\n\t\t\t\t\t<div class=\"e-gallery-image elementor-gallery-item__image\" data-thumbnail=\"https:\/\/vtmallorca.com\/wp-content\/uploads\/2022\/10\/Rai\u0308mWineFest_Costitx_45-768x1152.jpg\" data-width=\"768\" data-height=\"1152\" aria-label=\"\" role=\"img\" ><\/div>\n\t\t\t\t\t\t\t\t\t\t\t<div class=\"elementor-gallery-item__overlay\"><\/div>\n\t\t\t\t\t\t\t\t\t\t\t\t\t\t<\/a>\n\t\t\t\t\t\t\t<a class=\"e-gallery-item elementor-gallery-item elementor-animated-content\" href=\"https:\/\/vtmallorca.com\/wp-content\/uploads\/2022\/10\/Rai\u0308mWineFest_Costitx_37-scaled.jpg\" data-elementor-open-lightbox=\"yes\" data-elementor-lightbox-slideshow=\"8d6da64\" data-elementor-lightbox-title=\"Rai\u0308mWineFest_Costitx_37\" data-e-action-hash=\"#elementor-action%3Aaction%3Dlightbox%26settings%3DeyJpZCI6NTAwMiwidXJsIjoiaHR0cHM6XC9cL3Z0bWFsbG9yY2EuY29tXC93cC1jb250ZW50XC91cGxvYWRzXC8yMDIyXC8xMFwvUmFpXHUwMzA4bVdpbmVGZXN0X0Nvc3RpdHhfMzctc2NhbGVkLmpwZyIsInNsaWRlc2hvdyI6IjhkNmRhNjQifQ%3D%3D\">\n\t\t\t\t\t<div class=\"e-gallery-image elementor-gallery-item__image\" data-thumbnail=\"https:\/\/vtmallorca.com\/wp-content\/uploads\/2022\/10\/Rai\u0308mWineFest_Costitx_37-768x1152.jpg\" data-width=\"768\" data-height=\"1152\" aria-label=\"\" role=\"img\" ><\/div>\n\t\t\t\t\t\t\t\t\t\t\t<div class=\"elementor-gallery-item__overlay\"><\/div>\n\t\t\t\t\t\t\t\t\t\t\t\t\t\t<\/a>\n\t\t\t\t\t\t\t<a class=\"e-gallery-item elementor-gallery-item elementor-animated-content\" href=\"https:\/\/vtmallorca.com\/wp-content\/uploads\/2022\/10\/Rai\u0308mWineFest_Costitx_53-scaled.jpg\" data-elementor-open-lightbox=\"yes\" data-elementor-lightbox-slideshow=\"8d6da64\" data-elementor-lightbox-title=\"Rai\u0308mWineFest_Costitx_53\" data-e-action-hash=\"#elementor-action%3Aaction%3Dlightbox%26settings%3DeyJpZCI6NDk4NCwidXJsIjoiaHR0cHM6XC9cL3Z0bWFsbG9yY2EuY29tXC93cC1jb250ZW50XC91cGxvYWRzXC8yMDIyXC8xMFwvUmFpXHUwMzA4bVdpbmVGZXN0X0Nvc3RpdHhfNTMtc2NhbGVkLmpwZyIsInNsaWRlc2hvdyI6IjhkNmRhNjQifQ%3D%3D\">\n\t\t\t\t\t<div class=\"e-gallery-image elementor-gallery-item__image\" data-thumbnail=\"https:\/\/vtmallorca.com\/wp-content\/uploads\/2022\/10\/Rai\u0308mWineFest_Costitx_53-768x1152.jpg\" data-width=\"768\" data-height=\"1152\" aria-label=\"\" role=\"img\" ><\/div>\n\t\t\t\t\t\t\t\t\t\t\t<div class=\"elementor-gallery-item__overlay\"><\/div>\n\t\t\t\t\t\t\t\t\t\t\t\t\t\t<\/a>\n\t\t\t\t\t\t\t<a class=\"e-gallery-item elementor-gallery-item elementor-animated-content\" href=\"https:\/\/vtmallorca.com\/wp-content\/uploads\/2022\/10\/Rai\u0308mWineFest_Costitx_71.jpg\" data-elementor-open-lightbox=\"yes\" data-elementor-lightbox-slideshow=\"8d6da64\" data-elementor-lightbox-title=\"Rai\u0308mWineFest_Costitx_71\" data-e-action-hash=\"#elementor-action%3Aaction%3Dlightbox%26settings%3DeyJpZCI6NDk2MCwidXJsIjoiaHR0cHM6XC9cL3Z0bWFsbG9yY2EuY29tXC93cC1jb250ZW50XC91cGxvYWRzXC8yMDIyXC8xMFwvUmFpXHUwMzA4bVdpbmVGZXN0X0Nvc3RpdHhfNzEuanBnIiwic2xpZGVzaG93IjoiOGQ2ZGE2NCJ9\">\n\t\t\t\t\t<div class=\"e-gallery-image elementor-gallery-item__image\" data-thumbnail=\"https:\/\/vtmallorca.com\/wp-content\/uploads\/2022\/10\/Rai\u0308mWineFest_Costitx_71-768x512.jpg\" data-width=\"768\" data-height=\"512\" aria-label=\"\" role=\"img\" ><\/div>\n\t\t\t\t\t\t\t\t\t\t\t<div class=\"elementor-gallery-item__overlay\"><\/div>\n\t\t\t\t\t\t\t\t\t\t\t\t\t\t<\/a>\n\t\t\t\t\t\t\t<a class=\"e-gallery-item elementor-gallery-item elementor-animated-content\" href=\"https:\/\/vtmallorca.com\/wp-content\/uploads\/2022\/10\/Rai\u0308mWineFest_Costitx_80-scaled.jpg\" data-elementor-open-lightbox=\"yes\" data-elementor-lightbox-slideshow=\"8d6da64\" data-elementor-lightbox-title=\"Rai\u0308mWineFest_Costitx_80\" data-e-action-hash=\"#elementor-action%3Aaction%3Dlightbox%26settings%3DeyJpZCI6NDk1MCwidXJsIjoiaHR0cHM6XC9cL3Z0bWFsbG9yY2EuY29tXC93cC1jb250ZW50XC91cGxvYWRzXC8yMDIyXC8xMFwvUmFpXHUwMzA4bVdpbmVGZXN0X0Nvc3RpdHhfODAtc2NhbGVkLmpwZyIsInNsaWRlc2hvdyI6IjhkNmRhNjQifQ%3D%3D\">\n\t\t\t\t\t<div class=\"e-gallery-image elementor-gallery-item__image\" data-thumbnail=\"https:\/\/vtmallorca.com\/wp-content\/uploads\/2022\/10\/Rai\u0308mWineFest_Costitx_80-768x1152.jpg\" data-width=\"768\" data-height=\"1152\" aria-label=\"\" role=\"img\" ><\/div>\n\t\t\t\t\t\t\t\t\t\t\t<div class=\"elementor-gallery-item__overlay\"><\/div>\n\t\t\t\t\t\t\t\t\t\t\t\t\t\t<\/a>\n\t\t\t\t\t\t\t<a class=\"e-gallery-item elementor-gallery-item elementor-animated-content\" href=\"https:\/\/vtmallorca.com\/wp-content\/uploads\/2022\/10\/Rai\u0308mWineFest_Costitx_72.jpg\" data-elementor-open-lightbox=\"yes\" data-elementor-lightbox-slideshow=\"8d6da64\" data-elementor-lightbox-title=\"Rai\u0308mWineFest_Costitx_72\" data-e-action-hash=\"#elementor-action%3Aaction%3Dlightbox%26settings%3DeyJpZCI6NDk1OSwidXJsIjoiaHR0cHM6XC9cL3Z0bWFsbG9yY2EuY29tXC93cC1jb250ZW50XC91cGxvYWRzXC8yMDIyXC8xMFwvUmFpXHUwMzA4bVdpbmVGZXN0X0Nvc3RpdHhfNzIuanBnIiwic2xpZGVzaG93IjoiOGQ2ZGE2NCJ9\">\n\t\t\t\t\t<div class=\"e-gallery-image elementor-gallery-item__image\" data-thumbnail=\"https:\/\/vtmallorca.com\/wp-content\/uploads\/2022\/10\/Rai\u0308mWineFest_Costitx_72-768x512.jpg\" data-width=\"768\" data-height=\"512\" aria-label=\"\" role=\"img\" ><\/div>\n\t\t\t\t\t\t\t\t\t\t\t<div class=\"elementor-gallery-item__overlay\"><\/div>\n\t\t\t\t\t\t\t\t\t\t\t\t\t\t<\/a>\n\t\t\t\t\t\t\t<a class=\"e-gallery-item elementor-gallery-item elementor-animated-content\" href=\"https:\/\/vtmallorca.com\/wp-content\/uploads\/2022\/10\/Rai\u0308mWineFest_Costitx_133.jpg\" data-elementor-open-lightbox=\"yes\" data-elementor-lightbox-slideshow=\"8d6da64\" data-elementor-lightbox-title=\"Rai\u0308mWineFest_Costitx_133\" data-e-action-hash=\"#elementor-action%3Aaction%3Dlightbox%26settings%3DeyJpZCI6NDkwNCwidXJsIjoiaHR0cHM6XC9cL3Z0bWFsbG9yY2EuY29tXC93cC1jb250ZW50XC91cGxvYWRzXC8yMDIyXC8xMFwvUmFpXHUwMzA4bVdpbmVGZXN0X0Nvc3RpdHhfMTMzLmpwZyIsInNsaWRlc2hvdyI6IjhkNmRhNjQifQ%3D%3D\">\n\t\t\t\t\t<div class=\"e-gallery-image elementor-gallery-item__image\" data-thumbnail=\"https:\/\/vtmallorca.com\/wp-content\/uploads\/2022\/10\/Rai\u0308mWineFest_Costitx_133-768x512.jpg\" data-width=\"768\" data-height=\"512\" aria-label=\"\" role=\"img\" ><\/div>\n\t\t\t\t\t\t\t\t\t\t\t<div class=\"elementor-gallery-item__overlay\"><\/div>\n\t\t\t\t\t\t\t\t\t\t\t\t\t\t<\/a>\n\t\t\t\t\t\t\t<a class=\"e-gallery-item elementor-gallery-item elementor-animated-content\" href=\"https:\/\/vtmallorca.com\/wp-content\/uploads\/2022\/10\/Rai\u0308mWineFest_Costitx_132.jpg\" data-elementor-open-lightbox=\"yes\" data-elementor-lightbox-slideshow=\"8d6da64\" data-elementor-lightbox-title=\"Rai\u0308mWineFest_Costitx_132\" data-e-action-hash=\"#elementor-action%3Aaction%3Dlightbox%26settings%3DeyJpZCI6NDkwNSwidXJsIjoiaHR0cHM6XC9cL3Z0bWFsbG9yY2EuY29tXC93cC1jb250ZW50XC91cGxvYWRzXC8yMDIyXC8xMFwvUmFpXHUwMzA4bVdpbmVGZXN0X0Nvc3RpdHhfMTMyLmpwZyIsInNsaWRlc2hvdyI6IjhkNmRhNjQifQ%3D%3D\">\n\t\t\t\t\t<div class=\"e-gallery-image elementor-gallery-item__image\" data-thumbnail=\"https:\/\/vtmallorca.com\/wp-content\/uploads\/2022\/10\/Rai\u0308mWineFest_Costitx_132-768x512.jpg\" data-width=\"768\" data-height=\"512\" aria-label=\"\" role=\"img\" ><\/div>\n\t\t\t\t\t\t\t\t\t\t\t<div class=\"elementor-gallery-item__overlay\"><\/div>\n\t\t\t\t\t\t\t\t\t\t\t\t\t\t<\/a>\n\t\t\t\t\t\t\t<a class=\"e-gallery-item elementor-gallery-item elementor-animated-content\" href=\"https:\/\/vtmallorca.com\/wp-content\/uploads\/2022\/10\/Rai\u0308mWineFest_Costitx_139.jpg\" data-elementor-open-lightbox=\"yes\" data-elementor-lightbox-slideshow=\"8d6da64\" data-elementor-lightbox-title=\"Rai\u0308mWineFest_Costitx_139\" data-e-action-hash=\"#elementor-action%3Aaction%3Dlightbox%26settings%3DeyJpZCI6NDg5OCwidXJsIjoiaHR0cHM6XC9cL3Z0bWFsbG9yY2EuY29tXC93cC1jb250ZW50XC91cGxvYWRzXC8yMDIyXC8xMFwvUmFpXHUwMzA4bVdpbmVGZXN0X0Nvc3RpdHhfMTM5LmpwZyIsInNsaWRlc2hvdyI6IjhkNmRhNjQifQ%3D%3D\">\n\t\t\t\t\t<div class=\"e-gallery-image elementor-gallery-item__image\" data-thumbnail=\"https:\/\/vtmallorca.com\/wp-content\/uploads\/2022\/10\/Rai\u0308mWineFest_Costitx_139-768x512.jpg\" data-width=\"768\" data-height=\"512\" aria-label=\"\" role=\"img\" ><\/div>\n\t\t\t\t\t\t\t\t\t\t\t<div class=\"elementor-gallery-item__overlay\"><\/div>\n\t\t\t\t\t\t\t\t\t\t\t\t\t\t<\/a>\n\t\t\t\t\t<\/div>\n\t\t\t\t\t<\/div>\n\t\t\t\t<\/div>\n\t\t\t\t<div class=\"elementor-element elementor-element-00f703e elementor-widget elementor-widget-heading\" data-id=\"00f703e\" data-element_type=\"widget\" data-e-type=\"widget\" data-widget_type=\"heading.default\">\n\t\t\t\t<div class=\"elementor-widget-container\">\n\t\t\t\t\t<h2 class=\"elementor-heading-title elementor-size-default\">Siehe vollst\u00e4ndige Galerie<\/h2>\t\t\t\t<\/div>\n\t\t\t\t<\/div>\n\t\t\t\t\t<\/div>\n\t\t<\/div>\n\t\t\t\t\t<\/div>\n\t\t<\/section>\n\t\t\t\t<\/div>\n\t\t","protected":false},"excerpt":{"rendered":"<p>Ra\u00efm Wine Fest Am 1. Oktober letzten Jahres feierten wir die erste Ausgabe des Ra\u00efm Wine Fest in Costix. Eine Veranstaltung, bei der Musik, Kunst, unsere lokalen Produkte und einige \u00dcberraschungen zusammenkamen, um die Ankunft des Winters zu feiern. Seien Sie gespannt auf die Termine, die wir bald ver\u00f6ffentlichen werden. Fotogallerie Fotogalerie des Ra\u00efm Wine [&hellip;]<\/p>\n","protected":false},"author":2,"featured_media":0,"parent":0,"menu_order":0,"comment_status":"closed","ping_status":"closed","template":"","meta":{"_acf_changed":false,"footnotes":""},"class_list":["post-7611","page","type-page","status-publish","hentry"],"acf":[],"yoast_head":"<!-- This site is optimized with the Yoast SEO plugin v27.5 - https:\/\/yoast.com\/product\/yoast-seo-wordpress\/ -->\n<title>Ra\u00efm - Vi de La Terra Mallorca<\/title>\n<meta name=\"robots\" content=\"index, follow, max-snippet:-1, max-image-preview:large, max-video-preview:-1\" \/>\n<link rel=\"canonical\" href=\"https:\/\/vtmallorca.com\/de\/raim\/\" \/>\n<meta property=\"og:locale\" content=\"de_DE\" \/>\n<meta property=\"og:type\" content=\"article\" \/>\n<meta property=\"og:title\" content=\"Ra\u00efm - Vi de La Terra Mallorca\" \/>\n<meta property=\"og:description\" content=\"Ra\u00efm Wine Fest Am 1. Oktober letzten Jahres feierten wir die erste Ausgabe des Ra\u00efm Wine Fest in Costix. Eine Veranstaltung, bei der Musik, Kunst, unsere lokalen Produkte und einige \u00dcberraschungen zusammenkamen, um die Ankunft des Winters zu feiern. Seien Sie gespannt auf die Termine, die wir bald ver\u00f6ffentlichen werden. Fotogallerie Fotogalerie des Ra\u00efm Wine [&hellip;]\" \/>\n<meta property=\"og:url\" content=\"https:\/\/vtmallorca.com\/de\/raim\/\" \/>\n<meta property=\"og:site_name\" content=\"Vi de La Terra Mallorca\" \/>\n<meta property=\"article:modified_time\" content=\"2023-05-24T21:49:50+00:00\" \/>\n<meta name=\"twitter:card\" content=\"summary_large_image\" \/>\n<script type=\"application\/ld+json\" class=\"yoast-schema-graph\">{\"@context\":\"https:\\\/\\\/schema.org\",\"@graph\":[{\"@type\":\"WebPage\",\"@id\":\"https:\\\/\\\/vtmallorca.com\\\/de\\\/raim\\\/\",\"url\":\"https:\\\/\\\/vtmallorca.com\\\/de\\\/raim\\\/\",\"name\":\"Ra\u00efm - Vi de La Terra Mallorca\",\"isPartOf\":{\"@id\":\"https:\\\/\\\/vtmallorca.com\\\/#website\"},\"datePublished\":\"2022-10-12T11:58:31+00:00\",\"dateModified\":\"2023-05-24T21:49:50+00:00\",\"breadcrumb\":{\"@id\":\"https:\\\/\\\/vtmallorca.com\\\/de\\\/raim\\\/#breadcrumb\"},\"inLanguage\":\"de\",\"potentialAction\":[{\"@type\":\"ReadAction\",\"target\":[\"https:\\\/\\\/vtmallorca.com\\\/de\\\/raim\\\/\"]}]},{\"@type\":\"BreadcrumbList\",\"@id\":\"https:\\\/\\\/vtmallorca.com\\\/de\\\/raim\\\/#breadcrumb\",\"itemListElement\":[{\"@type\":\"ListItem\",\"position\":1,\"name\":\"Portada\",\"item\":\"https:\\\/\\\/vtmallorca.com\\\/ca\\\/\"},{\"@type\":\"ListItem\",\"position\":2,\"name\":\"Ra\u00efm\"}]},{\"@type\":\"WebSite\",\"@id\":\"https:\\\/\\\/vtmallorca.com\\\/#website\",\"url\":\"https:\\\/\\\/vtmallorca.com\\\/\",\"name\":\"Vi de La Terra Mallorca\",\"description\":\"Vi de La Terra Mallorca\",\"potentialAction\":[{\"@type\":\"SearchAction\",\"target\":{\"@type\":\"EntryPoint\",\"urlTemplate\":\"https:\\\/\\\/vtmallorca.com\\\/?s={search_term_string}\"},\"query-input\":{\"@type\":\"PropertyValueSpecification\",\"valueRequired\":true,\"valueName\":\"search_term_string\"}}],\"inLanguage\":\"de\"}]}<\/script>\n<!-- \/ Yoast SEO plugin. -->","yoast_head_json":{"title":"Ra\u00efm - Vi de La Terra Mallorca","robots":{"index":"index","follow":"follow","max-snippet":"max-snippet:-1","max-image-preview":"max-image-preview:large","max-video-preview":"max-video-preview:-1"},"canonical":"https:\/\/vtmallorca.com\/de\/raim\/","og_locale":"de_DE","og_type":"article","og_title":"Ra\u00efm - Vi de La Terra Mallorca","og_description":"Ra\u00efm Wine Fest Am 1. Oktober letzten Jahres feierten wir die erste Ausgabe des Ra\u00efm Wine Fest in Costix. Eine Veranstaltung, bei der Musik, Kunst, unsere lokalen Produkte und einige \u00dcberraschungen zusammenkamen, um die Ankunft des Winters zu feiern. Seien Sie gespannt auf die Termine, die wir bald ver\u00f6ffentlichen werden. Fotogallerie Fotogalerie des Ra\u00efm Wine [&hellip;]","og_url":"https:\/\/vtmallorca.com\/de\/raim\/","og_site_name":"Vi de La Terra Mallorca","article_modified_time":"2023-05-24T21:49:50+00:00","twitter_card":"summary_large_image","schema":{"@context":"https:\/\/schema.org","@graph":[{"@type":"WebPage","@id":"https:\/\/vtmallorca.com\/de\/raim\/","url":"https:\/\/vtmallorca.com\/de\/raim\/","name":"Ra\u00efm - Vi de La Terra Mallorca","isPartOf":{"@id":"https:\/\/vtmallorca.com\/#website"},"datePublished":"2022-10-12T11:58:31+00:00","dateModified":"2023-05-24T21:49:50+00:00","breadcrumb":{"@id":"https:\/\/vtmallorca.com\/de\/raim\/#breadcrumb"},"inLanguage":"de","potentialAction":[{"@type":"ReadAction","target":["https:\/\/vtmallorca.com\/de\/raim\/"]}]},{"@type":"BreadcrumbList","@id":"https:\/\/vtmallorca.com\/de\/raim\/#breadcrumb","itemListElement":[{"@type":"ListItem","position":1,"name":"Portada","item":"https:\/\/vtmallorca.com\/ca\/"},{"@type":"ListItem","position":2,"name":"Ra\u00efm"}]},{"@type":"WebSite","@id":"https:\/\/vtmallorca.com\/#website","url":"https:\/\/vtmallorca.com\/","name":"Vi de La Terra Mallorca","description":"Vi de La Terra Mallorca","potentialAction":[{"@type":"SearchAction","target":{"@type":"EntryPoint","urlTemplate":"https:\/\/vtmallorca.com\/?s={search_term_string}"},"query-input":{"@type":"PropertyValueSpecification","valueRequired":true,"valueName":"search_term_string"}}],"inLanguage":"de"}]}},"_links":{"self":[{"href":"https:\/\/vtmallorca.com\/de\/wp-json\/wp\/v2\/pages\/7611","targetHints":{"allow":["GET"]}}],"collection":[{"href":"https:\/\/vtmallorca.com\/de\/wp-json\/wp\/v2\/pages"}],"about":[{"href":"https:\/\/vtmallorca.com\/de\/wp-json\/wp\/v2\/types\/page"}],"author":[{"embeddable":true,"href":"https:\/\/vtmallorca.com\/de\/wp-json\/wp\/v2\/users\/2"}],"replies":[{"embeddable":true,"href":"https:\/\/vtmallorca.com\/de\/wp-json\/wp\/v2\/comments?post=7611"}],"version-history":[{"count":0,"href":"https:\/\/vtmallorca.com\/de\/wp-json\/wp\/v2\/pages\/7611\/revisions"}],"wp:attachment":[{"href":"https:\/\/vtmallorca.com\/de\/wp-json\/wp\/v2\/media?parent=7611"}],"curies":[{"name":"wp","href":"https:\/\/api.w.org\/{rel}","templated":true}]}}