{"id":7615,"date":"2022-10-05T16:02:46","date_gmt":"2022-10-05T16:02:46","guid":{"rendered":"https:\/\/vtmallorca.com\/cookies-politik\/"},"modified":"2023-05-25T05:54:42","modified_gmt":"2023-05-25T05:54:42","slug":"cookies-politik","status":"publish","type":"page","link":"https:\/\/vtmallorca.com\/de\/cookies-politik\/","title":{"rendered":"Cookies-Politik"},"content":{"rendered":"\t\t<div data-elementor-type=\"wp-page\" data-elementor-id=\"7615\" class=\"elementor elementor-7615 elementor-4578\" data-elementor-post-type=\"page\">\n\t\t\t\t\t\t<section class=\"elementor-section elementor-top-section elementor-element elementor-element-2a64141 elementor-section-boxed elementor-section-height-default elementor-section-height-default\" data-id=\"2a64141\" data-element_type=\"section\" data-e-type=\"section\">\n\t\t\t\t\t\t<div class=\"elementor-container elementor-column-gap-default\">\n\t\t\t\t\t<div class=\"elementor-column elementor-col-100 elementor-top-column elementor-element elementor-element-f233664\" data-id=\"f233664\" data-element_type=\"column\" data-e-type=\"column\">\n\t\t\t<div class=\"elementor-widget-wrap elementor-element-populated\">\n\t\t\t\t\t\t<div class=\"elementor-element elementor-element-1a20258 elementor-widget elementor-widget-text-editor\" data-id=\"1a20258\" data-element_type=\"widget\" data-e-type=\"widget\" data-widget_type=\"text-editor.default\">\n\t\t\t\t<div class=\"elementor-widget-container\">\n\t\t\t\t\t\t\t\t\t<h1 style=\"text-align: center;\">Cookies-Politik<\/h1>\n<p><strong>Cookie-Nutzungsrichtlinie<\/strong><br \/>Der Benutzer wird darauf hingewiesen, dass diese Webseite Cookies verwendet. Cookies sind kleine Datendateien, die auf dem Computer des Benutzers generiert werden und es dem Benutzer erm\u00f6glichen, die durch seine Aktivit\u00e4t im Netzwerk generierten Informationen selbst zu speichern. Cookies erm\u00f6glichen es einer Webseite unter anderem, Informationen \u00fcber die Surfgewohnheiten eines Benutzers oder seiner Ger\u00e4te zu speichern und abzurufen, und je nach den darin enthaltenen Informationen und der Art und Weise, wie er seine Ger\u00e4te nutzt, k\u00f6nnen sie zur Wiedererkennung verwendet werden Benutzer.<br \/>Diese Website kann die folgenden Cookies verwenden:<\/p>\n<p><strong>technische Cookies<\/strong><br \/>Dabei handelt es sich um solche, die es dem Benutzer erm\u00f6glichen, durch eine Webseite, Plattform oder Anwendung zu navigieren und die verschiedenen darin vorhandenen Optionen oder Dienste zu nutzen, wie beispielsweise die Steuerung des Datenverkehrs und der Datenkommunikation, die Identifizierung der Sitzung und den Zugriff auf Teile eines eingeschr\u00e4nkten Zugriffs, sich die Elemente merken, aus denen eine Bestellung besteht, den Kaufvorgang einer Bestellung durchf\u00fchren, eine Registrierung oder Teilnahme an einer Veranstaltung beantragen, Sicherheitselemente beim Surfen verwenden, Inhalte f\u00fcr die Verbreitung von Videos oder Ton speichern oder Inhalte \u00fcber teilen soziale Netzwerke.<br \/>Innerhalb dieser Cookies finden wir unter anderem Benutzereingabe-Cookies, Authentifizierungs-Cookies, Benutzer-Sicherheitscookies, Multimedia-Player-Sitzungscookies, Sitzungscookies zum Lastausgleich oder Plug-in-Cookies zum Austausch sozialer Inhalte.<\/p>\n<p><strong>Personalisierungscookies<\/strong><br \/>Dabei handelt es sich um solche, die es dem Benutzer erm\u00f6glichen, auf den Dienst mit einigen vordefinierten allgemeinen Merkmalen zuzugreifen, die auf einer Reihe von Kriterien im Endger\u00e4t des Benutzers basieren, wie zum Beispiel der Sprache, der Art des Browsers, \u00fcber den auf den Dienst zugegriffen wird, der regionalen Konfiguration von wo aus Sie auf den Dienst zugreifen usw.<\/p>\n<p><strong>Analytische Cookies<\/strong><br \/>Analyse-Cookies erm\u00f6glichen die \u00dcberwachung und Analyse Ihres Surfverhaltens auf unserer Website, um Benutzer-Browsing-Profile erstellen zu k\u00f6nnen, um auf der Grundlage der Analyse Ihrer Nutzungsdaten Verbesserungen an unseren Diensten vorzunehmen. Auf diese Weise k\u00f6nnen wir die folgenden Informationen kennen:<br \/>\u2013 Datum und Uhrzeit des letzten Besuchs unserer Website durch den Benutzer.<br \/>\u2013 Zugriff auf die Inhalte, die der Benutzer bei seinem letzten Besuch auf unserer Website ausgew\u00e4hlt hat.<br \/>Um Statistiken \u00fcber die Nutzung unserer Website zu erstellen, verwenden wir statistische Tools, deren Umfang auf die im vorherigen Absatz beschriebenen Funktionen beschr\u00e4nkt ist und um den Wiederkehrgrad unserer Besucher und die interessantesten Inhalte zu ermitteln. Auf diese Weise k\u00f6nnen wir unsere Bem\u00fchungen darauf konzentrieren, die am h\u00e4ufigsten besuchten Bereiche zu verbessern und es dem Benutzer leichter zu machen, das zu finden, was er sucht.<br \/>Die Website kann die Informationen aus Ihrem Besuch nutzen, um Auswertungen und statistische Berechnungen anonymer Daten durchzuf\u00fchren sowie die Kontinuit\u00e4t des Dienstes zu gew\u00e4hrleisten oder Verbesserungen an ihren Websites vorzunehmen. Diese Informationen werden nicht f\u00fcr andere Zwecke verwendet.<\/p>\n<p><strong>Werbe-Cookies<\/strong><br \/>Mit Werbe-Cookies k\u00f6nnen Sie die auf unserer Website enthaltenen Werbefl\u00e4chen auf m\u00f6glichst effiziente Weise verwalten, basierend auf Kriterien wie dem bearbeiteten Inhalt oder der H\u00e4ufigkeit, mit der die Anzeigen angezeigt werden.<\/p>\n<p><strong>Verhaltensbezogene Werbe-Cookies<\/strong><br \/>Verhaltensbezogene Werbecookies (auch Tracking genannt) erm\u00f6glichen Ihnen eine effektive Verwaltung der auf dieser Website enthaltenen Werbefl\u00e4chen. Diese Cookies speichern Informationen \u00fcber Ihr Verhalten, die durch kontinuierliche Beobachtung Ihrer Surfgewohnheiten gewonnen werden, was es uns erm\u00f6glicht, ein spezifisches Profil zu entwickeln, um Ihnen darauf basierende Werbung anzuzeigen.<br \/>Zu dieser Typologie geh\u00f6ren Cookies, die unter anderem zur Begrenzung des Verkaufsdrucks, zur finanziellen Anmeldung, zur Werbezugeh\u00f6rigkeit, zur Erkennung von Klickbetrug, zur Marktforschung und -analyse, zur Produktverbesserung und zum Debuggen verwendet werden.<\/p>\n<p><strong>Cookies des Social-Media-Plugins zur Nachverfolgung<\/strong><br \/>Plug-in-Cookies zum Austausch sozialer Inhalte k\u00f6nnen von Dritten verwendet werden, um Personen, sowohl Mitglieder als auch Nichtmitglieder eines sozialen Netzwerks, zu verfolgen, um verhaltensbasierte Werbung einzubinden oder f\u00fcr Marktanalysen und -forschung.<br \/>Die folgende Tabelle ist nur zur Veranschaulichung aufgef\u00fchrt und zeigt die relevantesten Cookies, die auf den Websites verwendet werden, sowie die Angabe, ob sie Eigentum Dritter sind oder im Besitz Dritter sind (und die Angabe des beauftragten Dritten bzw. dessen Nutzung beschlossen wurde). ) und ihr Zweck:<\/p>\n<p><strong>Auf dieser Website verwendete Cookies<\/strong><br \/>Cookie: _ga<br \/>Ablauf: 2 Jahre<br \/>Cookie-Typ: Messung der Website-Nutzung (Google Analytics)<br \/>Zweck: Dieses Cookie wird verwendet, um eindeutige Benutzer zu unterscheiden, indem eine zuf\u00e4llig generierte Nummer als Kundenkennung zugewiesen wird. Es ist in jeder Seitenanforderung auf einer Website enthalten und wird zur Berechnung des Besuchervolumens, der Sitzungen und der Daten f\u00fcr Webanalyseberichte verwendet. Standardm\u00e4\u00dfig l\u00e4uft es nach 2 Jahren ab, dies kann jedoch vom Eigent\u00fcmer der Website angepasst werden.<\/p>\n<p>Cookie: _utma<br \/>Ablauf: 2 Jahre<br \/>Zweck: Diese zuf\u00e4llig generierte Zahl wird verwendet, um eindeutige Besucher unserer Website zu ermitteln.<\/p>\n<p>Cookie: _utmb<br \/>Ablauf: 30 Minuten<br \/>Zweck: Diese zuf\u00e4llig generierte Zahl berechnet zusammen mit __utmc die durchschnittliche Zeit, die Benutzer auf unserer Website verbringen.<\/p>\n<p>Cookie: _utmc<br \/>Ablauf: Wenn der Browser geschlossen wird<br \/>Zweck: Diese zuf\u00e4llig generierte Zahl berechnet zusammen mit __utmc die durchschnittliche Zeit, die Benutzer auf unserer Website verbringen.<\/p>\n<p>Cookie: _utmz<br \/>Ablauf: 6 Monate<br \/>Zweck: Dies ist eine zuf\u00e4llig generierte Zahl und Information dar\u00fcber, wie eine Website erreicht wurde (z. B. direkt oder \u00fcber einen Link, organische oder bezahlte Suche).<\/p>\n<p>Cookie: _utmv<br \/>Ablauf: 2 Jahre<br \/>Zweck: Es dient der Speicherung variabler Daten der Besucherebene. Dieses Cookie wird erstellt, wenn ein Entwickler die Methode _setCustomVar mit einer benutzerdefinierten Variablen auf Besucherebene verwendet. Das Cookie wird jedes Mal aktualisiert, wenn die Daten an Google Analytics gesendet werden.<\/p>\n<p><strong>Cookie-Verwaltung<\/strong><br \/>Ungeachtet des Vorstehenden hat der Benutzer die M\u00f6glichkeit, seinen Browser so zu konfigurieren, dass er \u00fcber den Empfang von Cookies benachrichtigt wird und deren Installation auf seinem Ger\u00e4t verhindert. Die Deaktivierung von Cookies kann jedoch die ordnungsgem\u00e4\u00dfe Funktion bestimmter Bereiche der Website beeintr\u00e4chtigen.<br \/>Weitere Informationen finden Sie in den Anweisungen und Handb\u00fcchern Ihres Browsers:<br \/>Wenn Sie Microsoft Internet Explorer verwenden, w\u00e4hlen Sie im Men\u00fc \u201eExtras\u201c die Option \u201eInternetoptionen\u201c und greifen Sie auf \u201eDatenschutz\u201c zu.<br \/>Wenn Sie Firefox f\u00fcr Mac verwenden, w\u00e4hlen Sie im Men\u00fc \u201eEinstellungen\u201c die Option \u201eDatenschutz\u201c aus, greifen Sie auf den Abschnitt \u201eCookies anzeigen\u201c zu, und f\u00fcr Windows w\u00e4hlen Sie im Men\u00fc \u201eExtras\u201c die Option \u201eOptionen\u201c, greifen auf \u201eDatenschutz\u201c zu und dann auf \u201eBenutzerdefinierte Einstellungen f\u00fcr den Verlauf verwenden\u201c.<br \/>Wenn Sie Safari verwenden, w\u00e4hlen Sie im Men\u00fc \u201eEinstellungen\u201c die Option \u201eDatenschutz\u201c.<br \/>Wenn Sie Google Chrome verwenden, w\u00e4hlen Sie in der Men\u00fcoption \u201eExtras\u201c Optionen (Einstellungen auf dem Mac), greifen Sie auf \u201eErweitert\u201c zu, w\u00e4hlen Sie dann die Option \u201eInhaltseinstellungen\u201c im Abschnitt \u201eDatenschutz\u201c aus und aktivieren Sie schlie\u00dflich \u201eCookies\u201c im Dialogfeld \u201eInhaltseinstellungen\u201c.<br \/>Die durch Cookies erhaltenen Informationen werden von Vi de la Terra verwendet.<br \/>Abschlie\u00dfend informieren wir Sie dar\u00fcber, dass Sie jederzeit die M\u00f6glichkeit haben, die Einwilligung zur Verwendung von Cookies durch Vi de la Terra zu widerrufen, indem Sie Ihren Browser gem\u00e4\u00df den im vorherigen Punkt angegebenen Bedingungen konfigurieren.<\/p>\n\t\t\t\t\t\t\t\t<\/div>\n\t\t\t\t<\/div>\n\t\t\t\t\t<\/div>\n\t\t<\/div>\n\t\t\t\t\t<\/div>\n\t\t<\/section>\n\t\t\t\t<\/div>\n\t\t","protected":false},"excerpt":{"rendered":"<p>Cookies-Politik Cookie-NutzungsrichtlinieDer Benutzer wird darauf hingewiesen, dass diese Webseite Cookies verwendet. Cookies sind kleine Datendateien, die auf dem Computer des Benutzers generiert werden und es dem Benutzer erm\u00f6glichen, die durch seine Aktivit\u00e4t im Netzwerk generierten Informationen selbst zu speichern. Cookies erm\u00f6glichen es einer Webseite unter anderem, Informationen \u00fcber die Surfgewohnheiten eines Benutzers oder seiner Ger\u00e4te [&hellip;]<\/p>\n","protected":false},"author":2,"featured_media":0,"parent":0,"menu_order":0,"comment_status":"closed","ping_status":"closed","template":"","meta":{"_acf_changed":false,"footnotes":""},"class_list":["post-7615","page","type-page","status-publish","hentry"],"acf":[],"yoast_head":"<!-- This site is optimized with the Yoast SEO plugin v27.5 - https:\/\/yoast.com\/product\/yoast-seo-wordpress\/ -->\n<title>Cookies-Politik - Vi de La Terra Mallorca<\/title>\n<meta name=\"robots\" content=\"index, follow, max-snippet:-1, max-image-preview:large, max-video-preview:-1\" \/>\n<link rel=\"canonical\" href=\"https:\/\/vtmallorca.com\/de\/cookies-politik\/\" \/>\n<meta property=\"og:locale\" content=\"de_DE\" \/>\n<meta property=\"og:type\" content=\"article\" \/>\n<meta property=\"og:title\" content=\"Cookies-Politik - Vi de La Terra Mallorca\" \/>\n<meta property=\"og:description\" content=\"Cookies-Politik Cookie-NutzungsrichtlinieDer Benutzer wird darauf hingewiesen, dass diese Webseite Cookies verwendet. Cookies sind kleine Datendateien, die auf dem Computer des Benutzers generiert werden und es dem Benutzer erm\u00f6glichen, die durch seine Aktivit\u00e4t im Netzwerk generierten Informationen selbst zu speichern. Cookies erm\u00f6glichen es einer Webseite unter anderem, Informationen \u00fcber die Surfgewohnheiten eines Benutzers oder seiner Ger\u00e4te [&hellip;]\" \/>\n<meta property=\"og:url\" content=\"https:\/\/vtmallorca.com\/de\/cookies-politik\/\" \/>\n<meta property=\"og:site_name\" content=\"Vi de La Terra Mallorca\" \/>\n<meta property=\"article:modified_time\" content=\"2023-05-25T05:54:42+00:00\" \/>\n<meta name=\"twitter:card\" content=\"summary_large_image\" \/>\n<meta name=\"twitter:label1\" content=\"Gesch\u00e4tzte Lesezeit\" \/>\n\t<meta name=\"twitter:data1\" content=\"6\u00a0Minuten\" \/>\n<script type=\"application\/ld+json\" class=\"yoast-schema-graph\">{\"@context\":\"https:\\\/\\\/schema.org\",\"@graph\":[{\"@type\":\"WebPage\",\"@id\":\"https:\\\/\\\/vtmallorca.com\\\/de\\\/cookies-politik\\\/\",\"url\":\"https:\\\/\\\/vtmallorca.com\\\/de\\\/cookies-politik\\\/\",\"name\":\"Cookies-Politik - Vi de La Terra Mallorca\",\"isPartOf\":{\"@id\":\"https:\\\/\\\/vtmallorca.com\\\/#website\"},\"datePublished\":\"2022-10-05T16:02:46+00:00\",\"dateModified\":\"2023-05-25T05:54:42+00:00\",\"breadcrumb\":{\"@id\":\"https:\\\/\\\/vtmallorca.com\\\/de\\\/cookies-politik\\\/#breadcrumb\"},\"inLanguage\":\"de\",\"potentialAction\":[{\"@type\":\"ReadAction\",\"target\":[\"https:\\\/\\\/vtmallorca.com\\\/de\\\/cookies-politik\\\/\"]}]},{\"@type\":\"BreadcrumbList\",\"@id\":\"https:\\\/\\\/vtmallorca.com\\\/de\\\/cookies-politik\\\/#breadcrumb\",\"itemListElement\":[{\"@type\":\"ListItem\",\"position\":1,\"name\":\"Portada\",\"item\":\"https:\\\/\\\/vtmallorca.com\\\/ca\\\/\"},{\"@type\":\"ListItem\",\"position\":2,\"name\":\"Cookies-Politik\"}]},{\"@type\":\"WebSite\",\"@id\":\"https:\\\/\\\/vtmallorca.com\\\/#website\",\"url\":\"https:\\\/\\\/vtmallorca.com\\\/\",\"name\":\"Vi de La Terra Mallorca\",\"description\":\"Vi de La Terra Mallorca\",\"potentialAction\":[{\"@type\":\"SearchAction\",\"target\":{\"@type\":\"EntryPoint\",\"urlTemplate\":\"https:\\\/\\\/vtmallorca.com\\\/?s={search_term_string}\"},\"query-input\":{\"@type\":\"PropertyValueSpecification\",\"valueRequired\":true,\"valueName\":\"search_term_string\"}}],\"inLanguage\":\"de\"}]}<\/script>\n<!-- \/ Yoast SEO plugin. -->","yoast_head_json":{"title":"Cookies-Politik - Vi de La Terra Mallorca","robots":{"index":"index","follow":"follow","max-snippet":"max-snippet:-1","max-image-preview":"max-image-preview:large","max-video-preview":"max-video-preview:-1"},"canonical":"https:\/\/vtmallorca.com\/de\/cookies-politik\/","og_locale":"de_DE","og_type":"article","og_title":"Cookies-Politik - Vi de La Terra Mallorca","og_description":"Cookies-Politik Cookie-NutzungsrichtlinieDer Benutzer wird darauf hingewiesen, dass diese Webseite Cookies verwendet. Cookies sind kleine Datendateien, die auf dem Computer des Benutzers generiert werden und es dem Benutzer erm\u00f6glichen, die durch seine Aktivit\u00e4t im Netzwerk generierten Informationen selbst zu speichern. Cookies erm\u00f6glichen es einer Webseite unter anderem, Informationen \u00fcber die Surfgewohnheiten eines Benutzers oder seiner Ger\u00e4te [&hellip;]","og_url":"https:\/\/vtmallorca.com\/de\/cookies-politik\/","og_site_name":"Vi de La Terra Mallorca","article_modified_time":"2023-05-25T05:54:42+00:00","twitter_card":"summary_large_image","twitter_misc":{"Gesch\u00e4tzte Lesezeit":"6\u00a0Minuten"},"schema":{"@context":"https:\/\/schema.org","@graph":[{"@type":"WebPage","@id":"https:\/\/vtmallorca.com\/de\/cookies-politik\/","url":"https:\/\/vtmallorca.com\/de\/cookies-politik\/","name":"Cookies-Politik - Vi de La Terra Mallorca","isPartOf":{"@id":"https:\/\/vtmallorca.com\/#website"},"datePublished":"2022-10-05T16:02:46+00:00","dateModified":"2023-05-25T05:54:42+00:00","breadcrumb":{"@id":"https:\/\/vtmallorca.com\/de\/cookies-politik\/#breadcrumb"},"inLanguage":"de","potentialAction":[{"@type":"ReadAction","target":["https:\/\/vtmallorca.com\/de\/cookies-politik\/"]}]},{"@type":"BreadcrumbList","@id":"https:\/\/vtmallorca.com\/de\/cookies-politik\/#breadcrumb","itemListElement":[{"@type":"ListItem","position":1,"name":"Portada","item":"https:\/\/vtmallorca.com\/ca\/"},{"@type":"ListItem","position":2,"name":"Cookies-Politik"}]},{"@type":"WebSite","@id":"https:\/\/vtmallorca.com\/#website","url":"https:\/\/vtmallorca.com\/","name":"Vi de La Terra Mallorca","description":"Vi de La Terra Mallorca","potentialAction":[{"@type":"SearchAction","target":{"@type":"EntryPoint","urlTemplate":"https:\/\/vtmallorca.com\/?s={search_term_string}"},"query-input":{"@type":"PropertyValueSpecification","valueRequired":true,"valueName":"search_term_string"}}],"inLanguage":"de"}]}},"_links":{"self":[{"href":"https:\/\/vtmallorca.com\/de\/wp-json\/wp\/v2\/pages\/7615","targetHints":{"allow":["GET"]}}],"collection":[{"href":"https:\/\/vtmallorca.com\/de\/wp-json\/wp\/v2\/pages"}],"about":[{"href":"https:\/\/vtmallorca.com\/de\/wp-json\/wp\/v2\/types\/page"}],"author":[{"embeddable":true,"href":"https:\/\/vtmallorca.com\/de\/wp-json\/wp\/v2\/users\/2"}],"replies":[{"embeddable":true,"href":"https:\/\/vtmallorca.com\/de\/wp-json\/wp\/v2\/comments?post=7615"}],"version-history":[{"count":0,"href":"https:\/\/vtmallorca.com\/de\/wp-json\/wp\/v2\/pages\/7615\/revisions"}],"wp:attachment":[{"href":"https:\/\/vtmallorca.com\/de\/wp-json\/wp\/v2\/media?parent=7615"}],"curies":[{"name":"wp","href":"https:\/\/api.w.org\/{rel}","templated":true}]}}