{"id":7617,"date":"2022-10-05T17:15:51","date_gmt":"2022-10-05T17:15:51","guid":{"rendered":"https:\/\/vtmallorca.com\/datenschutz-bestimmungen\/"},"modified":"2023-05-25T06:10:32","modified_gmt":"2023-05-25T06:10:32","slug":"datenschutz-bestimmungen","status":"publish","type":"page","link":"https:\/\/vtmallorca.com\/de\/datenschutz-bestimmungen\/","title":{"rendered":"Datenschutz-Bestimmungen"},"content":{"rendered":"\t\t<div data-elementor-type=\"wp-page\" data-elementor-id=\"7617\" class=\"elementor elementor-7617 elementor-4590\" data-elementor-post-type=\"page\">\n\t\t\t\t\t\t<section class=\"elementor-section elementor-top-section elementor-element elementor-element-76dbc18 elementor-section-boxed elementor-section-height-default elementor-section-height-default\" data-id=\"76dbc18\" data-element_type=\"section\" data-e-type=\"section\">\n\t\t\t\t\t\t<div class=\"elementor-container elementor-column-gap-default\">\n\t\t\t\t\t<div class=\"elementor-column elementor-col-100 elementor-top-column elementor-element elementor-element-96b6b32\" data-id=\"96b6b32\" data-element_type=\"column\" data-e-type=\"column\">\n\t\t\t<div class=\"elementor-widget-wrap elementor-element-populated\">\n\t\t\t\t\t\t<div class=\"elementor-element elementor-element-9be376f elementor-widget elementor-widget-text-editor\" data-id=\"9be376f\" data-element_type=\"widget\" data-e-type=\"widget\" data-widget_type=\"text-editor.default\">\n\t\t\t\t<div class=\"elementor-widget-container\">\n\t\t\t\t\t\t\t\t\t<h1 style=\"text-align: center;\">Datenschutz-Bestimmungen<\/h1>\n<p class=\"p2\"><b>NUTZUNGSBEDINGUNGEN <\/b><\/p>\n<p class=\"p3\">In \u00dcbereinstimmung mit dem Gesetz 34\/2002 vom 11. Juli \u00fcber Dienstleistungen der Informationsgesellschaft und des elektronischen Gesch\u00e4ftsverkehrs (LSSI-CE) teilt der REGULIERUNGSRAT DER IGP VI DE LA TERRA MALLORCA mit, dass er der Eigent\u00fcmer der Website http :\/ ist. \/vtmallorca.com\/ . Gem\u00e4\u00df der Anforderung von Artikel 10 des oben genannten Gesetzes \u00fcbermittelt der REGULATORAT DER IGP VI DE LA TERRA MALLORCA die folgenden Informationen:<\/p>\n<p class=\"p3\">Der Eigent\u00fcmer dieser Website ist der REGULATORISCHE RAT DER IGP VI DE LA TERRA MALLORCA, mit CIF Q0700718J und eingetragenem Sitz in CL CANONGE BARCELO,2 07200, FELANITX (ILLES BALEARS), eingetragen im Register der \u00f6ffentlichen K\u00f6rperschaften unter der Nummer \u2026\u2026\u2026\u2026 \u2026\u2026 Die E-Mail-Adresse f\u00fcr den Kontakt mit dem Unternehmen lautet: correo@vtmallorca.com<\/p>\n<p class=\"p3\"><b>Benutzer und Verantwortlichkeiten <\/b><\/p>\n<p class=\"p3\">Durch das Durchsuchen, den Zugriff und die Nutzung der Website von CONSELL REGULADOR DE LA I.G.A Die hier festgelegten Nutzungsbestimmungen bleiben unbeschadet der Anwendung der entsprechenden zwingenden Rechtsvorschriften im Einzelfall bestehen.<\/p>\n<p class=\"p3\">Die Website des CONSELL REGULADOR DE LA PGI VI DE LA TERRA MALLORCA bietet ein breites Spektrum an Informationen, Dienstleistungen und Daten. Der Nutzer \u00fcbernimmt die Verantwortung f\u00fcr die korrekte Nutzung der Website. Diese Verantwortung erstreckt sich auf:<\/p>\n<p class=\"p4\">\uf0a7 Die Richtigkeit und Rechtm\u00e4\u00dfigkeit der vom Benutzer in den vom REGULIERUNGSRAT DES IGP VI DE LA TERRA MALLORCA herausgegebenen Formulare f\u00fcr den Zugriff auf bestimmte im Internet angebotenen Inhalte oder Dienste bereitgestellten Informationen.<\/p>\n<p class=\"p3\">\uf0a7 Die Nutzung der vom REGULATORISCHEN RAT DER IGP VI DE LA TERRA MALLORCA angebotenen Informationen, Dienste und Daten verst\u00f6\u00dft in irgendeiner Weise gegen die Bestimmungen dieser Bedingungen, das Gesetz, die guten Sitten, die guten Sitten oder die \u00f6ffentliche Ordnung oder andere , sie k\u00f6nnen eine Verletzung der Rechte Dritter oder des Betriebs der Website selbst bedeuten.<\/p>\n<p class=\"p3\"><b>Linkrichtlinien und Haftungsausschluss <\/b><\/p>\n<p class=\"p3\">Der REGULIERUNGSRAT DER IGP VI DE LA TERRA MALLORCA ist nicht verantwortlich f\u00fcr den Inhalt der Websites, auf die der Benutzer \u00fcber die auf seiner Website eingerichteten Links zugreifen kann, und erkl\u00e4rt, dass er in keinem Fall eine Pr\u00fcfung durchf\u00fchren oder irgendeine Art von Kontrolle dar\u00fcber aus\u00fcben wird Inhalte anderer Websites. Ebenso \u00fcbernimmt sie keine Gew\u00e4hr f\u00fcr die technische Verf\u00fcgbarkeit, Genauigkeit, Wahrhaftigkeit, G\u00fcltigkeit oder Rechtm\u00e4\u00dfigkeit von Websites au\u00dferhalb ihres Eigentums, auf die \u00fcber die Links zugegriffen werden kann.<\/p>\n<p class=\"p3\">Der Regulierungsrat der IGP VI DE LA TERRA MALLORCA erkl\u00e4rt, dass er alle notwendigen Ma\u00dfnahmen ergriffen hat, um Sch\u00e4den f\u00fcr die Benutzer seiner Website zu vermeiden, die durch das Surfen auf seiner Website entstehen k\u00f6nnten. Folglich ist CONSELL REGULADOR DE LA TERRA MALLORCA IGP VI DE LA TERRA MALLORCA in keinem Fall f\u00fcr Sch\u00e4den verantwortlich, die dem Benutzer durch das Surfen im Internet entstehen k\u00f6nnten.<\/p>\n<p class=\"p3\"><b>\u00c4nderungen <\/b><\/p>\n<p class=\"p3\">Der Regulierungsrat der IGP VI DE LA TERRA MALLORCA beh\u00e4lt sich das Recht vor, ohne vorherige Ank\u00fcndigung \u00c4nderungen am Inhalt seiner Website vorzunehmen, die er f\u00fcr angemessen h\u00e4lt. Sowohl in Bezug auf den Inhalt der Website als auch in den Nutzungsbedingungen derselben. Diese \u00c4nderungen k\u00f6nnen \u00fcber die Website mit allen gesetzlich zul\u00e4ssigen Mitteln vorgenommen werden und sind w\u00e4hrend der Zeit ihrer Ver\u00f6ffentlichung im Internet und bis zu ihrer wirksamen \u00c4nderung durch nachfolgende \u00c4nderungen verbindlich.<\/p>\n<p class=\"p3\"><b>Datenschutz <\/b><\/p>\n<p class=\"p3\">Gem\u00e4\u00df den Bestimmungen der geltenden Vorschriften zum Schutz personenbezogener Daten informieren wir Sie dar\u00fcber, dass Ihre Daten in das Verarbeitungssystem von CONSELL REGULADOR DE LA PGI VI DE LA TERRA MALLORCA mit CIF Q0700718J und Sitz in CL CANONGE BARCELO aufgenommen werden. 2 07200, FELANITX (ILLES BALEARS), um die zwischen beiden Parteien eingegangenen Verpflichtungen zu erleichtern, zu beschleunigen und zu erf\u00fcllen. In \u00dcbereinstimmung mit den geltenden Vorschriften teilt der REGULIERUNGSRAT DER IGP VI DE LA TERRA MALLORCA mit, dass die Daten f\u00fcr den Zeitraum aufbewahrt werden, der unbedingt erforderlich ist, um die oben genannten Vorschriften einzuhalten.<\/p>\n<p class=\"p3\">Wir informieren Sie dar\u00fcber, dass die Verarbeitung Ihrer Daten durch Ihre Einwilligung legitimiert ist.<\/p>\n<p class=\"p3\">Der Regulierungsrat der IGP VI DE LA TERRA MALLORCA teilt mit, dass er die Daten auf rechtm\u00e4\u00dfige, loyale, transparente, angemessene, sachdienliche, begrenzte, genaue und aktuelle Weise behandeln wird. Aus diesem Grund verpflichtet sich der REGULATORAT DER IGP VI DE LA TERRA MALLORCA, alle angemessenen Ma\u00dfnahmen zu ergreifen, damit diese unverz\u00fcglich gel\u00f6scht oder berichtigt werden, wenn sie unrichtig sind.<\/p>\n<p class=\"p3\">Im Gegenzug weisen wir Sie darauf hin, dass Sie den Datenschutzbeauftragten kontaktieren k\u00f6nnen, indem Sie an die E-Mail-Adresse dpd.cliente@conversia.es schreiben oder 902 877 192 anrufen.<\/p>\n<p class=\"p3\">Gem\u00e4\u00df den durch die geltenden Datenschutzbestimmungen gew\u00e4hrten Rechten k\u00f6nnen Sie die Rechte auf Zugang, Berichtigung, Einschr\u00e4nkung der Verarbeitung, L\u00f6schung, \u00dcbertragbarkeit und Widerspruch gegen die Verarbeitung Ihrer personenbezogenen Daten sowie die f\u00fcr die Verarbeitung erteilte Einwilligung aus\u00fcben Dasselbe gilt, indem Sie Ihre Anfrage an die oben angegebene Postadresse oder an die E-Mail-Adresse correo@vtmallorca.com richten<\/p>\n<p class=\"p3\">Sie k\u00f6nnen sich an die zust\u00e4ndige Kontrollbeh\u00f6rde wenden, um den Anspruch geltend zu machen, den Sie f\u00fcr angemessen halten.<\/p>\n<p class=\"p3\"><b>Geistiges und gewerbliches Eigentum <\/b><\/p>\n<p class=\"p3\">Der Regulierungsrat der IGP VI DE LA TERRA MALLORCA ist allein oder als Rechtsnachfolger Eigent\u00fcmer aller geistigen und gewerblichen Eigentumsrechte seiner Website sowie der darin enthaltenen Elemente (z. B. Bilder, Ton, Audio, Video). , Software oder Texte; Marken oder Logos, Farbkombinationen, Struktur und Design, Auswahl der verwendeten Materialien, f\u00fcr den Betrieb erforderliche Computerprogramme, Zugang und Nutzung usw.), Eigentum von CONSELL REGULADOR DE LA PGI VI DES LANDES MALLORCA.<\/p>\n<p class=\"p3\">Es handelt sich daher um Werke, die durch das spanische Rechtssystem als geistiges Eigentum gesch\u00fctzt sind, wobei sowohl die spanischen und gemeinschaftlichen Vorschriften in diesem Bereich als auch die von Spanien unterzeichneten internationalen Vertr\u00e4ge zu diesem Thema gelten.<\/p>\n<p class=\"p3\">Alle Rechte vorbehalten. Aufgrund der Bestimmungen des Gesetzes \u00fcber geistiges Eigentum ist die Vervielf\u00e4ltigung, Verbreitung und \u00f6ffentliche Kommunikation, einschlie\u00dflich der Art und Weise ihrer Zug\u00e4nglichmachung, des gesamten oder eines Teils der Inhalte dieser Webseite zu kommerziellen Zwecken ausdr\u00fccklich untersagt. in jeglicher Form und mit jeglichen technischen Mitteln, ohne die Genehmigung des REGULATORATS DER IGP VI DE LA TERRA MALLORCA.<\/p>\n<p class=\"p3\">Der Nutzer verpflichtet sich, die Rechte des geistigen und gewerblichen Eigentums von CONSELL REGULADOR DE LA TERRA MALLORCA IGP VI zu respektieren. Sie k\u00f6nnen die Elemente des Portals ansehen und sie sogar ausdrucken, kopieren und auf der Festplatte Ihres Computers oder einem anderen physischen Medium speichern, sofern dies ausschlie\u00dflich f\u00fcr Ihren pers\u00f6nlichen und privaten Gebrauch bestimmt ist. Der Nutzer darf keine Schutzvorrichtungen oder Sicherheitssysteme l\u00f6schen, ver\u00e4ndern, umgehen oder manipulieren, die auf den Seiten von CONSELL REGULADOR DE LA IGP VI DE LA TERRA MALLORCA installiert wurden.<\/p>\n<p class=\"p3\"><b>Rechtliche Schritte, anwendbares Recht und Gerichtsstand <\/b><\/p>\n<p class=\"p3\">Der REGULATORAT DER IGP VI DE LA TERRA MALLORCA beh\u00e4lt sich au\u00dferdem das Recht vor, zivil- oder strafrechtliche Schritte einzuleiten, die er f\u00fcr angemessen h\u00e4lt, wegen der missbr\u00e4uchlichen Nutzung seiner Website und ihrer Inhalte oder wegen Versto\u00dfes gegen diese Bedingungen.<\/p>\n<p class=\"p3\">Die Beziehung zwischen dem Benutzer und dem Anbieter unterliegt den geltenden Vorschriften, die auf spanischem Gebiet gelten. Im Falle einer Meinungsverschiedenheit k\u00f6nnen die Parteien ihre Konflikte einem Schiedsverfahren unterwerfen oder sich an die ordentliche Gerichtsbarkeit wenden, wobei die diesbez\u00fcglichen Regeln \u00fcber die Zust\u00e4ndigkeit und Zust\u00e4ndigkeit einzuhalten sind. Der Regulierungsrat der IGP VI DE LA TERRA MALLORCA hat seinen Sitz in ILLES BALEARS, Spanien.<\/p>\n\t\t\t\t\t\t\t\t<\/div>\n\t\t\t\t<\/div>\n\t\t\t\t\t<\/div>\n\t\t<\/div>\n\t\t\t\t\t<\/div>\n\t\t<\/section>\n\t\t\t\t<\/div>\n\t\t","protected":false},"excerpt":{"rendered":"<p>Datenschutz-Bestimmungen NUTZUNGSBEDINGUNGEN In \u00dcbereinstimmung mit dem Gesetz 34\/2002 vom 11. Juli \u00fcber Dienstleistungen der Informationsgesellschaft und des elektronischen Gesch\u00e4ftsverkehrs (LSSI-CE) teilt der REGULIERUNGSRAT DER IGP VI DE LA TERRA MALLORCA mit, dass er der Eigent\u00fcmer der Website http :\/ ist. \/vtmallorca.com\/ . Gem\u00e4\u00df der Anforderung von Artikel 10 des oben genannten Gesetzes \u00fcbermittelt der REGULATORAT [&hellip;]<\/p>\n","protected":false},"author":2,"featured_media":0,"parent":0,"menu_order":0,"comment_status":"closed","ping_status":"closed","template":"","meta":{"_acf_changed":false,"footnotes":""},"class_list":["post-7617","page","type-page","status-publish","hentry"],"acf":[],"yoast_head":"<!-- This site is optimized with the Yoast SEO plugin v27.5 - https:\/\/yoast.com\/product\/yoast-seo-wordpress\/ -->\n<title>Datenschutz-Bestimmungen - Vi de La Terra Mallorca<\/title>\n<meta name=\"robots\" content=\"index, follow, max-snippet:-1, max-image-preview:large, max-video-preview:-1\" \/>\n<link rel=\"canonical\" href=\"https:\/\/vtmallorca.com\/de\/datenschutz-bestimmungen\/\" \/>\n<meta property=\"og:locale\" content=\"de_DE\" \/>\n<meta property=\"og:type\" content=\"article\" \/>\n<meta property=\"og:title\" content=\"Datenschutz-Bestimmungen - Vi de La Terra Mallorca\" \/>\n<meta property=\"og:description\" content=\"Datenschutz-Bestimmungen NUTZUNGSBEDINGUNGEN In \u00dcbereinstimmung mit dem Gesetz 34\/2002 vom 11. Juli \u00fcber Dienstleistungen der Informationsgesellschaft und des elektronischen Gesch\u00e4ftsverkehrs (LSSI-CE) teilt der REGULIERUNGSRAT DER IGP VI DE LA TERRA MALLORCA mit, dass er der Eigent\u00fcmer der Website http :\/ ist. \/vtmallorca.com\/ . Gem\u00e4\u00df der Anforderung von Artikel 10 des oben genannten Gesetzes \u00fcbermittelt der REGULATORAT [&hellip;]\" \/>\n<meta property=\"og:url\" content=\"https:\/\/vtmallorca.com\/de\/datenschutz-bestimmungen\/\" \/>\n<meta property=\"og:site_name\" content=\"Vi de La Terra Mallorca\" \/>\n<meta property=\"article:modified_time\" content=\"2023-05-25T06:10:32+00:00\" \/>\n<meta name=\"twitter:card\" content=\"summary_large_image\" \/>\n<meta name=\"twitter:label1\" content=\"Gesch\u00e4tzte Lesezeit\" \/>\n\t<meta name=\"twitter:data1\" content=\"6\u00a0Minuten\" \/>\n<script type=\"application\/ld+json\" class=\"yoast-schema-graph\">{\"@context\":\"https:\\\/\\\/schema.org\",\"@graph\":[{\"@type\":\"WebPage\",\"@id\":\"https:\\\/\\\/vtmallorca.com\\\/de\\\/datenschutz-bestimmungen\\\/\",\"url\":\"https:\\\/\\\/vtmallorca.com\\\/de\\\/datenschutz-bestimmungen\\\/\",\"name\":\"Datenschutz-Bestimmungen - Vi de La Terra Mallorca\",\"isPartOf\":{\"@id\":\"https:\\\/\\\/vtmallorca.com\\\/#website\"},\"datePublished\":\"2022-10-05T17:15:51+00:00\",\"dateModified\":\"2023-05-25T06:10:32+00:00\",\"breadcrumb\":{\"@id\":\"https:\\\/\\\/vtmallorca.com\\\/de\\\/datenschutz-bestimmungen\\\/#breadcrumb\"},\"inLanguage\":\"de\",\"potentialAction\":[{\"@type\":\"ReadAction\",\"target\":[\"https:\\\/\\\/vtmallorca.com\\\/de\\\/datenschutz-bestimmungen\\\/\"]}]},{\"@type\":\"BreadcrumbList\",\"@id\":\"https:\\\/\\\/vtmallorca.com\\\/de\\\/datenschutz-bestimmungen\\\/#breadcrumb\",\"itemListElement\":[{\"@type\":\"ListItem\",\"position\":1,\"name\":\"Portada\",\"item\":\"https:\\\/\\\/vtmallorca.com\\\/ca\\\/\"},{\"@type\":\"ListItem\",\"position\":2,\"name\":\"Datenschutz-Bestimmungen\"}]},{\"@type\":\"WebSite\",\"@id\":\"https:\\\/\\\/vtmallorca.com\\\/#website\",\"url\":\"https:\\\/\\\/vtmallorca.com\\\/\",\"name\":\"Vi de La Terra Mallorca\",\"description\":\"Vi de La Terra Mallorca\",\"potentialAction\":[{\"@type\":\"SearchAction\",\"target\":{\"@type\":\"EntryPoint\",\"urlTemplate\":\"https:\\\/\\\/vtmallorca.com\\\/?s={search_term_string}\"},\"query-input\":{\"@type\":\"PropertyValueSpecification\",\"valueRequired\":true,\"valueName\":\"search_term_string\"}}],\"inLanguage\":\"de\"}]}<\/script>\n<!-- \/ Yoast SEO plugin. -->","yoast_head_json":{"title":"Datenschutz-Bestimmungen - Vi de La Terra Mallorca","robots":{"index":"index","follow":"follow","max-snippet":"max-snippet:-1","max-image-preview":"max-image-preview:large","max-video-preview":"max-video-preview:-1"},"canonical":"https:\/\/vtmallorca.com\/de\/datenschutz-bestimmungen\/","og_locale":"de_DE","og_type":"article","og_title":"Datenschutz-Bestimmungen - Vi de La Terra Mallorca","og_description":"Datenschutz-Bestimmungen NUTZUNGSBEDINGUNGEN In \u00dcbereinstimmung mit dem Gesetz 34\/2002 vom 11. Juli \u00fcber Dienstleistungen der Informationsgesellschaft und des elektronischen Gesch\u00e4ftsverkehrs (LSSI-CE) teilt der REGULIERUNGSRAT DER IGP VI DE LA TERRA MALLORCA mit, dass er der Eigent\u00fcmer der Website http :\/ ist. \/vtmallorca.com\/ . Gem\u00e4\u00df der Anforderung von Artikel 10 des oben genannten Gesetzes \u00fcbermittelt der REGULATORAT [&hellip;]","og_url":"https:\/\/vtmallorca.com\/de\/datenschutz-bestimmungen\/","og_site_name":"Vi de La Terra Mallorca","article_modified_time":"2023-05-25T06:10:32+00:00","twitter_card":"summary_large_image","twitter_misc":{"Gesch\u00e4tzte Lesezeit":"6\u00a0Minuten"},"schema":{"@context":"https:\/\/schema.org","@graph":[{"@type":"WebPage","@id":"https:\/\/vtmallorca.com\/de\/datenschutz-bestimmungen\/","url":"https:\/\/vtmallorca.com\/de\/datenschutz-bestimmungen\/","name":"Datenschutz-Bestimmungen - Vi de La Terra Mallorca","isPartOf":{"@id":"https:\/\/vtmallorca.com\/#website"},"datePublished":"2022-10-05T17:15:51+00:00","dateModified":"2023-05-25T06:10:32+00:00","breadcrumb":{"@id":"https:\/\/vtmallorca.com\/de\/datenschutz-bestimmungen\/#breadcrumb"},"inLanguage":"de","potentialAction":[{"@type":"ReadAction","target":["https:\/\/vtmallorca.com\/de\/datenschutz-bestimmungen\/"]}]},{"@type":"BreadcrumbList","@id":"https:\/\/vtmallorca.com\/de\/datenschutz-bestimmungen\/#breadcrumb","itemListElement":[{"@type":"ListItem","position":1,"name":"Portada","item":"https:\/\/vtmallorca.com\/ca\/"},{"@type":"ListItem","position":2,"name":"Datenschutz-Bestimmungen"}]},{"@type":"WebSite","@id":"https:\/\/vtmallorca.com\/#website","url":"https:\/\/vtmallorca.com\/","name":"Vi de La Terra Mallorca","description":"Vi de La Terra Mallorca","potentialAction":[{"@type":"SearchAction","target":{"@type":"EntryPoint","urlTemplate":"https:\/\/vtmallorca.com\/?s={search_term_string}"},"query-input":{"@type":"PropertyValueSpecification","valueRequired":true,"valueName":"search_term_string"}}],"inLanguage":"de"}]}},"_links":{"self":[{"href":"https:\/\/vtmallorca.com\/de\/wp-json\/wp\/v2\/pages\/7617","targetHints":{"allow":["GET"]}}],"collection":[{"href":"https:\/\/vtmallorca.com\/de\/wp-json\/wp\/v2\/pages"}],"about":[{"href":"https:\/\/vtmallorca.com\/de\/wp-json\/wp\/v2\/types\/page"}],"author":[{"embeddable":true,"href":"https:\/\/vtmallorca.com\/de\/wp-json\/wp\/v2\/users\/2"}],"replies":[{"embeddable":true,"href":"https:\/\/vtmallorca.com\/de\/wp-json\/wp\/v2\/comments?post=7617"}],"version-history":[{"count":0,"href":"https:\/\/vtmallorca.com\/de\/wp-json\/wp\/v2\/pages\/7617\/revisions"}],"wp:attachment":[{"href":"https:\/\/vtmallorca.com\/de\/wp-json\/wp\/v2\/media?parent=7617"}],"curies":[{"name":"wp","href":"https:\/\/api.w.org\/{rel}","templated":true}]}}