{"id":6443,"date":"2022-10-08T09:00:06","date_gmt":"2022-10-08T09:00:06","guid":{"rendered":"https:\/\/vtmallorca.com\/regulatory-council\/"},"modified":"2026-02-25T15:51:09","modified_gmt":"2026-02-25T15:51:09","slug":"regulatory-council","status":"publish","type":"page","link":"https:\/\/vtmallorca.com\/en\/regulatory-council\/","title":{"rendered":"Regulatory Council"},"content":{"rendered":"\t\t<div data-elementor-type=\"wp-page\" data-elementor-id=\"6443\" class=\"elementor elementor-6443 elementor-4652\" data-elementor-post-type=\"page\">\n\t\t\t\t\t\t<section class=\"elementor-section elementor-top-section elementor-element elementor-element-675d19a6 elementor-section-full_width elementor-section-height-full elementor-section-items-stretch elementor-reverse-mobile elementor-section-height-default\" data-id=\"675d19a6\" data-element_type=\"section\" data-e-type=\"section\">\n\t\t\t\t\t\t<div class=\"elementor-container elementor-column-gap-default\">\n\t\t\t\t\t<div class=\"elementor-column elementor-col-50 elementor-top-column elementor-element elementor-element-51d7a9d1\" data-id=\"51d7a9d1\" data-element_type=\"column\" data-e-type=\"column\" data-settings=\"{&quot;background_background&quot;:&quot;classic&quot;}\">\n\t\t\t<div class=\"elementor-widget-wrap elementor-element-populated\">\n\t\t\t\t\t\t<div class=\"elementor-element elementor-element-75313461 elementor-widget elementor-widget-heading\" data-id=\"75313461\" data-element_type=\"widget\" data-e-type=\"widget\" data-widget_type=\"heading.default\">\n\t\t\t\t<div class=\"elementor-widget-container\">\n\t\t\t\t\t<h2 class=\"elementor-heading-title elementor-size-default\">Who are we?<\/h2>\t\t\t\t<\/div>\n\t\t\t\t<\/div>\n\t\t\t\t<div class=\"elementor-element elementor-element-6af3af51 elementor-widget elementor-widget-text-editor\" data-id=\"6af3af51\" data-element_type=\"widget\" data-e-type=\"widget\" data-widget_type=\"text-editor.default\">\n\t\t\t\t<div class=\"elementor-widget-container\">\n\t\t\t\t\t\t\t\t\t<p>Vi de la Terra Mallorca is protected by a Protected Geographical Indication (PGI). This is a quality mark that protects a product made and transformed in a specific territory, in this case, Mallorca. The PGI controls the origin of the product and guarantees its particularities. For this reason, all the wines from the wineries registered in Vi de la Terra de Mallorca are made with grapes exclusively from the island, therefore, our Geographical Indication has a very important and special link with our territory. Currently, Vi de la Terra de Mallorca has more than 1,900 hectares of wine in production and 84 registered wineries.<\/p>\t\t\t\t\t\t\t\t<\/div>\n\t\t\t\t<\/div>\n\t\t\t\t<div class=\"elementor-element elementor-element-718f9138 elementor-view-default elementor-widget elementor-widget-icon\" data-id=\"718f9138\" data-element_type=\"widget\" data-e-type=\"widget\" data-widget_type=\"icon.default\">\n\t\t\t\t<div class=\"elementor-widget-container\">\n\t\t\t\t\t\t\t<div class=\"elementor-icon-wrapper\">\n\t\t\t<a class=\"elementor-icon\" href=\"#elementor-action%3Aaction%3Dpopup%3Aopen%26settings%3DeyJpZCI6NDY1NSwidG9nZ2xlIjpmYWxzZX0%3D\">\n\t\t\t<i aria-hidden=\"true\" class=\"far fa-play-circle\"><\/i>\t\t\t<\/a>\n\t\t<\/div>\n\t\t\t\t\t\t<\/div>\n\t\t\t\t<\/div>\n\t\t\t\t\t<\/div>\n\t\t<\/div>\n\t\t\t\t<div class=\"elementor-column elementor-col-50 elementor-top-column elementor-element elementor-element-5edaf23f\" data-id=\"5edaf23f\" data-element_type=\"column\" data-e-type=\"column\" data-settings=\"{&quot;background_background&quot;:&quot;classic&quot;}\">\n\t\t\t<div class=\"elementor-widget-wrap elementor-element-populated\">\n\t\t\t\t\t\t<div class=\"elementor-element elementor-element-5287482f elementor-widget elementor-widget-spacer\" data-id=\"5287482f\" data-element_type=\"widget\" data-e-type=\"widget\" data-widget_type=\"spacer.default\">\n\t\t\t\t<div class=\"elementor-widget-container\">\n\t\t\t\t\t\t\t<div class=\"elementor-spacer\">\n\t\t\t<div class=\"elementor-spacer-inner\"><\/div>\n\t\t<\/div>\n\t\t\t\t\t\t<\/div>\n\t\t\t\t<\/div>\n\t\t\t\t\t<\/div>\n\t\t<\/div>\n\t\t\t\t\t<\/div>\n\t\t<\/section>\n\t\t\t\t<section class=\"elementor-section elementor-top-section elementor-element elementor-element-1c1b6479 elementor-section-full_width elementor-section-height-full elementor-section-items-stretch elementor-section-height-default\" data-id=\"1c1b6479\" data-element_type=\"section\" data-e-type=\"section\">\n\t\t\t\t\t\t<div class=\"elementor-container elementor-column-gap-default\">\n\t\t\t\t\t<div class=\"elementor-column elementor-col-50 elementor-top-column elementor-element elementor-element-7c28b1db\" data-id=\"7c28b1db\" data-element_type=\"column\" data-e-type=\"column\" data-settings=\"{&quot;background_background&quot;:&quot;classic&quot;}\">\n\t\t\t<div class=\"elementor-widget-wrap elementor-element-populated\">\n\t\t\t\t\t\t<div class=\"elementor-element elementor-element-416f8350 elementor-widget elementor-widget-spacer\" data-id=\"416f8350\" data-element_type=\"widget\" data-e-type=\"widget\" data-widget_type=\"spacer.default\">\n\t\t\t\t<div class=\"elementor-widget-container\">\n\t\t\t\t\t\t\t<div class=\"elementor-spacer\">\n\t\t\t<div class=\"elementor-spacer-inner\"><\/div>\n\t\t<\/div>\n\t\t\t\t\t\t<\/div>\n\t\t\t\t<\/div>\n\t\t\t\t\t<\/div>\n\t\t<\/div>\n\t\t\t\t<div class=\"elementor-column elementor-col-50 elementor-top-column elementor-element elementor-element-6575e189\" data-id=\"6575e189\" data-element_type=\"column\" data-e-type=\"column\" data-settings=\"{&quot;background_background&quot;:&quot;classic&quot;}\">\n\t\t\t<div class=\"elementor-widget-wrap elementor-element-populated\">\n\t\t\t\t\t\t<div class=\"elementor-element elementor-element-5f360d6f elementor-widget elementor-widget-heading\" data-id=\"5f360d6f\" data-element_type=\"widget\" data-e-type=\"widget\" data-widget_type=\"heading.default\">\n\t\t\t\t<div class=\"elementor-widget-container\">\n\t\t\t\t\t<h2 class=\"elementor-heading-title elementor-size-default\">Regulatory Council<\/h2>\t\t\t\t<\/div>\n\t\t\t\t<\/div>\n\t\t\t\t<div class=\"elementor-element elementor-element-18ca893f elementor-widget elementor-widget-text-editor\" data-id=\"18ca893f\" data-element_type=\"widget\" data-e-type=\"widget\" data-widget_type=\"text-editor.default\">\n\t\t\t\t<div class=\"elementor-widget-container\">\n\t\t\t\t\t\t\t\t\t<p>Established in 2017, the Regulatory Council &#8211; responsible for deciding the day-to-day management and promotion of Vi de la Terra Mallorca &#8211; is made up of 4 representatives of IGP wineries and 4 representatives of IGP winegrowers. These eight representatives are responsible for electing the president, vice president and technical secretary. Since December 2025, Mateu Morro has chaired the Regulatory Council with Tomeu Cifre as vice president and Marina Vera as manager and technical director.<\/p>\t\t\t\t\t\t\t\t<\/div>\n\t\t\t\t<\/div>\n\t\t\t\t\t<\/div>\n\t\t<\/div>\n\t\t\t\t\t<\/div>\n\t\t<\/section>\n\t\t\t\t<section class=\"elementor-section elementor-top-section elementor-element elementor-element-6048dbd3 elementor-section-full_width elementor-section-height-full elementor-section-items-stretch elementor-reverse-mobile elementor-section-height-default\" data-id=\"6048dbd3\" data-element_type=\"section\" data-e-type=\"section\">\n\t\t\t\t\t\t<div class=\"elementor-container elementor-column-gap-default\">\n\t\t\t\t\t<div class=\"elementor-column elementor-col-50 elementor-top-column elementor-element elementor-element-8fb2048\" data-id=\"8fb2048\" data-element_type=\"column\" data-e-type=\"column\" data-settings=\"{&quot;background_background&quot;:&quot;classic&quot;}\">\n\t\t\t<div class=\"elementor-widget-wrap elementor-element-populated\">\n\t\t\t\t\t\t<div class=\"elementor-element elementor-element-47970f50 elementor-widget elementor-widget-heading\" data-id=\"47970f50\" data-element_type=\"widget\" data-e-type=\"widget\" data-widget_type=\"heading.default\">\n\t\t\t\t<div class=\"elementor-widget-container\">\n\t\t\t\t\t<h2 class=\"elementor-heading-title elementor-size-default\">Regulatory Council Composition<\/h2>\t\t\t\t<\/div>\n\t\t\t\t<\/div>\n\t\t\t\t<div class=\"elementor-element elementor-element-59c5b4bd elementor-widget elementor-widget-text-editor\" data-id=\"59c5b4bd\" data-element_type=\"widget\" data-e-type=\"widget\" data-widget_type=\"text-editor.default\">\n\t\t\t\t<div class=\"elementor-widget-container\">\n\t\t\t\t\t\t\t\t\t<p><strong><span style=\"color: #9b1738;\">PRESIDENTE<\/span><br \/><\/strong>Mateu Morro Marc\u00e9<\/p><p><strong><span style=\"color: #9b1738;\">VICEPRESIDENTE<\/span><br \/><\/strong>Bartomeu Cifre Ochogav\u00eda<\/p><p><strong><span style=\"color: #9b1738;\">GERENTE Y DIRECTORA T\u00c9CNICA<\/span><br \/><\/strong>Marina Vera Castillo<\/p><p><span style=\"color: #9b1738;\"><strong>VOCALES SECTOR VIN\u00cdCOLA<\/strong><\/span><\/p><ul style=\"font-weight: 400;\"><li><strong>Titular Lloren\u00e7 Coll Martorell <\/strong>Vinyes Mortitx<ul><li><strong>Suplente<\/strong>: Gaspar Amengual Campins Vinum Pro Nobis Petit Celler<\/li><\/ul><\/li><\/ul><ul style=\"font-weight: 400;\"><li><strong>Titular Juan Manuel Ochogavia Guti\u00e9rrez <\/strong>Finca Can Axartell<\/li><\/ul><ul style=\"font-weight: 400;\"><li style=\"list-style-type: none;\"><ul><li><strong>Suplente<\/strong>: Isabel Alabern de Armenteras Bodegas Son Puig<\/li><\/ul><\/li><\/ul><ul style=\"font-weight: 400;\"><li><strong>Titular Virginia Pons Parra<\/strong><ul><li><strong>Suplente<\/strong>: Joan Darder Su\u00e1rez Bodega Can Vidalet<\/li><\/ul><\/li><\/ul><ul style=\"font-weight: 400;\"><li><strong>Titular Sebasti\u00e0 Ordines Cap\u00f3 <\/strong>7103 Petit Celler<ul><li><strong>Suplente<\/strong>: Catalina Moy\u00e0 Cresp\u00ed Sebasti\u00e0 Pastor Celler<strong style=\"font-family: -apple-system, BlinkMacSystemFont, 'Segoe UI', Roboto, 'Helvetica Neue', Arial, 'Noto Sans', sans-serif, 'Apple Color Emoji', 'Segoe UI Emoji', 'Segoe UI Symbol', 'Noto Color Emoji';\">\u00a0<\/strong><\/li><\/ul><\/li><\/ul><p style=\"font-weight: 400;\"><span style=\"color: #9b1738;\"><strong>VOCALES SECTOR VIT\u00cdCOLA<\/strong><\/span><\/p><ul style=\"font-weight: 400;\"><li><strong>Titular Carl Johan Lidby <\/strong>Bodega Son Antem<ul><li><strong>Suplente<\/strong>: Joan Guti\u00e9rrez Cantallops<\/li><\/ul><\/li><\/ul><ul style=\"font-weight: 400;\"><li><strong>Titular Rafael Montero Silvestre <\/strong>Bodega Son Juliana<ul><li><strong>Suplente<\/strong>: Pere Cresp\u00ed Ordinas<\/li><\/ul><\/li><\/ul><ul style=\"font-weight: 400;\"><li><strong>Titular Ram\u00f3n Servalls Batle<\/strong><ul><li><strong>Suplente<\/strong>: Francisca Maria Morey Garau Bodega Tianna Negre<\/li><\/ul><\/li><\/ul><ul style=\"font-weight: 400;\"><li><strong>Titular Araceli Servera Oliver <\/strong>Bodega Ribas<ul><li><strong>Suplente<\/strong>: Francesc Grimalt Oliver Apol\u00b7l\u00f2nia Viticultors\u00a0<\/li><\/ul><\/li><\/ul>\t\t\t\t\t\t\t\t<\/div>\n\t\t\t\t<\/div>\n\t\t\t\t\t<\/div>\n\t\t<\/div>\n\t\t\t\t<div class=\"elementor-column elementor-col-50 elementor-top-column elementor-element elementor-element-35717305\" data-id=\"35717305\" data-element_type=\"column\" data-e-type=\"column\" data-settings=\"{&quot;background_background&quot;:&quot;classic&quot;}\">\n\t\t\t<div class=\"elementor-widget-wrap elementor-element-populated\">\n\t\t\t\t\t\t<div class=\"elementor-element elementor-element-15972381 elementor-widget elementor-widget-spacer\" data-id=\"15972381\" data-element_type=\"widget\" data-e-type=\"widget\" data-widget_type=\"spacer.default\">\n\t\t\t\t<div class=\"elementor-widget-container\">\n\t\t\t\t\t\t\t<div class=\"elementor-spacer\">\n\t\t\t<div class=\"elementor-spacer-inner\"><\/div>\n\t\t<\/div>\n\t\t\t\t\t\t<\/div>\n\t\t\t\t<\/div>\n\t\t\t\t\t<\/div>\n\t\t<\/div>\n\t\t\t\t\t<\/div>\n\t\t<\/section>\n\t\t\t\t<section class=\"elementor-section elementor-top-section elementor-element elementor-element-d4e3ff5 elementor-section-boxed elementor-section-height-default elementor-section-height-default\" data-id=\"d4e3ff5\" data-element_type=\"section\" data-e-type=\"section\" data-settings=\"{&quot;background_background&quot;:&quot;classic&quot;}\">\n\t\t\t\t\t\t\t<div class=\"elementor-background-overlay\"><\/div>\n\t\t\t\t\t\t\t<div class=\"elementor-container elementor-column-gap-default\">\n\t\t\t\t\t<div class=\"elementor-column elementor-col-100 elementor-top-column elementor-element elementor-element-0fdb123\" data-id=\"0fdb123\" data-element_type=\"column\" data-e-type=\"column\">\n\t\t\t<div class=\"elementor-widget-wrap elementor-element-populated\">\n\t\t\t\t\t\t<div class=\"elementor-element elementor-element-1988d66 elementor-widget elementor-widget-heading\" data-id=\"1988d66\" data-element_type=\"widget\" data-e-type=\"widget\" data-widget_type=\"heading.default\">\n\t\t\t\t<div class=\"elementor-widget-container\">\n\t\t\t\t\t<h2 class=\"elementor-heading-title elementor-size-default\">OFFICIAL DOCUMENTS<\/h2>\t\t\t\t<\/div>\n\t\t\t\t<\/div>\n\t\t\t\t\t<\/div>\n\t\t<\/div>\n\t\t\t\t\t<\/div>\n\t\t<\/section>\n\t\t\t\t<section class=\"elementor-section elementor-top-section elementor-element elementor-element-19061bfc elementor-section-full_width elementor-section-height-full elementor-section-items-stretch elementor-section-height-default\" data-id=\"19061bfc\" data-element_type=\"section\" data-e-type=\"section\">\n\t\t\t\t\t\t<div class=\"elementor-container elementor-column-gap-default\">\n\t\t\t\t\t<div class=\"elementor-column elementor-col-50 elementor-top-column elementor-element elementor-element-24b3601f\" data-id=\"24b3601f\" data-element_type=\"column\" data-e-type=\"column\" data-settings=\"{&quot;background_background&quot;:&quot;classic&quot;}\">\n\t\t\t<div class=\"elementor-widget-wrap elementor-element-populated\">\n\t\t\t\t\t\t<div class=\"elementor-element elementor-element-3d81163e elementor-widget elementor-widget-spacer\" data-id=\"3d81163e\" data-element_type=\"widget\" data-e-type=\"widget\" data-widget_type=\"spacer.default\">\n\t\t\t\t<div class=\"elementor-widget-container\">\n\t\t\t\t\t\t\t<div class=\"elementor-spacer\">\n\t\t\t<div class=\"elementor-spacer-inner\"><\/div>\n\t\t<\/div>\n\t\t\t\t\t\t<\/div>\n\t\t\t\t<\/div>\n\t\t\t\t\t<\/div>\n\t\t<\/div>\n\t\t\t\t<div class=\"elementor-column elementor-col-50 elementor-top-column elementor-element elementor-element-34e1d801\" data-id=\"34e1d801\" data-element_type=\"column\" data-e-type=\"column\" data-settings=\"{&quot;background_background&quot;:&quot;classic&quot;}\">\n\t\t\t<div class=\"elementor-widget-wrap elementor-element-populated\">\n\t\t\t\t\t\t<div class=\"elementor-element elementor-element-64162dde elementor-widget elementor-widget-heading\" data-id=\"64162dde\" data-element_type=\"widget\" data-e-type=\"widget\" data-widget_type=\"heading.default\">\n\t\t\t\t<div class=\"elementor-widget-container\">\n\t\t\t\t\t<h2 class=\"elementor-heading-title elementor-size-default\">contact<\/h2>\t\t\t\t<\/div>\n\t\t\t\t<\/div>\n\t\t\t\t<div class=\"elementor-element elementor-element-eeca042 elementor-widget elementor-widget-text-editor\" data-id=\"eeca042\" data-element_type=\"widget\" data-e-type=\"widget\" data-widget_type=\"text-editor.default\">\n\t\t\t\t<div class=\"elementor-widget-container\">\n\t\t\t\t\t\t\t\t\tContact Vi de la Terra Mallorca, wine tourism issues, inquiries about wineries or vineyards, winegrowers&#8230; \n\t\t\t\t\t\t\t\t<\/div>\n\t\t\t\t<\/div>\n\t\t\t\t<div class=\"elementor-element elementor-element-ded1712 elementor-widget elementor-widget-shortcode\" data-id=\"ded1712\" data-element_type=\"widget\" data-e-type=\"widget\" data-widget_type=\"shortcode.default\">\n\t\t\t\t<div class=\"elementor-widget-container\">\n\t\t\t\t\t\t\t<div class=\"elementor-shortcode\">[gravityform id=\"3\" title=\"true\"]<\/div>\n\t\t\t\t\t\t<\/div>\n\t\t\t\t<\/div>\n\t\t\t\t\t<\/div>\n\t\t<\/div>\n\t\t\t\t\t<\/div>\n\t\t<\/section>\n\t\t\t\t<\/div>\n\t\t","protected":false},"excerpt":{"rendered":"<p>Who are we? Vi de la Terra Mallorca is protected by a Protected Geographical Indication (PGI). This is a quality mark that protects a product made and transformed in a specific territory, in this case, Mallorca. The PGI controls the origin of the product and guarantees its particularities. For this reason, all the wines from [&hellip;]<\/p>\n","protected":false},"author":2,"featured_media":0,"parent":0,"menu_order":0,"comment_status":"closed","ping_status":"closed","template":"","meta":{"_acf_changed":false,"footnotes":""},"class_list":["post-6443","page","type-page","status-publish","hentry"],"acf":[],"yoast_head":"<!-- This site is optimized with the Yoast SEO plugin v27.5 - https:\/\/yoast.com\/product\/yoast-seo-wordpress\/ -->\n<title>Regulatory Council - Vi de La Terra Mallorca<\/title>\n<meta name=\"robots\" content=\"index, follow, max-snippet:-1, max-image-preview:large, max-video-preview:-1\" \/>\n<link rel=\"canonical\" href=\"https:\/\/vtmallorca.com\/consejo-regulador\/\" \/>\n<meta property=\"og:locale\" content=\"en_US\" \/>\n<meta property=\"og:type\" content=\"article\" \/>\n<meta property=\"og:title\" content=\"Regulatory Council - Vi de La Terra Mallorca\" \/>\n<meta property=\"og:description\" content=\"Who are we? Vi de la Terra Mallorca is protected by a Protected Geographical Indication (PGI). This is a quality mark that protects a product made and transformed in a specific territory, in this case, Mallorca. The PGI controls the origin of the product and guarantees its particularities. For this reason, all the wines from [&hellip;]\" \/>\n<meta property=\"og:url\" content=\"https:\/\/vtmallorca.com\/consejo-regulador\/\" \/>\n<meta property=\"og:site_name\" content=\"Vi de La Terra Mallorca\" \/>\n<meta property=\"article:modified_time\" content=\"2026-02-25T15:51:09+00:00\" \/>\n<meta name=\"twitter:card\" content=\"summary_large_image\" \/>\n<meta name=\"twitter:label1\" content=\"Est. reading time\" \/>\n\t<meta name=\"twitter:data1\" content=\"2 minutes\" \/>\n<script type=\"application\/ld+json\" class=\"yoast-schema-graph\">{\"@context\":\"https:\\\/\\\/schema.org\",\"@graph\":[{\"@type\":\"WebPage\",\"@id\":\"https:\\\/\\\/vtmallorca.com\\\/consejo-regulador\\\/\",\"url\":\"https:\\\/\\\/vtmallorca.com\\\/consejo-regulador\\\/\",\"name\":\"Regulatory Council - Vi de La Terra Mallorca\",\"isPartOf\":{\"@id\":\"https:\\\/\\\/vtmallorca.com\\\/#website\"},\"datePublished\":\"2022-10-08T09:00:06+00:00\",\"dateModified\":\"2026-02-25T15:51:09+00:00\",\"breadcrumb\":{\"@id\":\"https:\\\/\\\/vtmallorca.com\\\/consejo-regulador\\\/#breadcrumb\"},\"inLanguage\":\"en-US\",\"potentialAction\":[{\"@type\":\"ReadAction\",\"target\":[\"https:\\\/\\\/vtmallorca.com\\\/consejo-regulador\\\/\"]}]},{\"@type\":\"BreadcrumbList\",\"@id\":\"https:\\\/\\\/vtmallorca.com\\\/consejo-regulador\\\/#breadcrumb\",\"itemListElement\":[{\"@type\":\"ListItem\",\"position\":1,\"name\":\"Portada\",\"item\":\"https:\\\/\\\/vtmallorca.com\\\/ca\\\/\"},{\"@type\":\"ListItem\",\"position\":2,\"name\":\"Regulatory Council\"}]},{\"@type\":\"WebSite\",\"@id\":\"https:\\\/\\\/vtmallorca.com\\\/#website\",\"url\":\"https:\\\/\\\/vtmallorca.com\\\/\",\"name\":\"Vi de La Terra Mallorca\",\"description\":\"Vi de La Terra Mallorca\",\"potentialAction\":[{\"@type\":\"SearchAction\",\"target\":{\"@type\":\"EntryPoint\",\"urlTemplate\":\"https:\\\/\\\/vtmallorca.com\\\/?s={search_term_string}\"},\"query-input\":{\"@type\":\"PropertyValueSpecification\",\"valueRequired\":true,\"valueName\":\"search_term_string\"}}],\"inLanguage\":\"en-US\"}]}<\/script>\n<!-- \/ Yoast SEO plugin. -->","yoast_head_json":{"title":"Regulatory Council - Vi de La Terra Mallorca","robots":{"index":"index","follow":"follow","max-snippet":"max-snippet:-1","max-image-preview":"max-image-preview:large","max-video-preview":"max-video-preview:-1"},"canonical":"https:\/\/vtmallorca.com\/consejo-regulador\/","og_locale":"en_US","og_type":"article","og_title":"Regulatory Council - Vi de La Terra Mallorca","og_description":"Who are we? Vi de la Terra Mallorca is protected by a Protected Geographical Indication (PGI). This is a quality mark that protects a product made and transformed in a specific territory, in this case, Mallorca. The PGI controls the origin of the product and guarantees its particularities. For this reason, all the wines from [&hellip;]","og_url":"https:\/\/vtmallorca.com\/consejo-regulador\/","og_site_name":"Vi de La Terra Mallorca","article_modified_time":"2026-02-25T15:51:09+00:00","twitter_card":"summary_large_image","twitter_misc":{"Est. reading time":"2 minutes"},"schema":{"@context":"https:\/\/schema.org","@graph":[{"@type":"WebPage","@id":"https:\/\/vtmallorca.com\/consejo-regulador\/","url":"https:\/\/vtmallorca.com\/consejo-regulador\/","name":"Regulatory Council - Vi de La Terra Mallorca","isPartOf":{"@id":"https:\/\/vtmallorca.com\/#website"},"datePublished":"2022-10-08T09:00:06+00:00","dateModified":"2026-02-25T15:51:09+00:00","breadcrumb":{"@id":"https:\/\/vtmallorca.com\/consejo-regulador\/#breadcrumb"},"inLanguage":"en-US","potentialAction":[{"@type":"ReadAction","target":["https:\/\/vtmallorca.com\/consejo-regulador\/"]}]},{"@type":"BreadcrumbList","@id":"https:\/\/vtmallorca.com\/consejo-regulador\/#breadcrumb","itemListElement":[{"@type":"ListItem","position":1,"name":"Portada","item":"https:\/\/vtmallorca.com\/ca\/"},{"@type":"ListItem","position":2,"name":"Regulatory Council"}]},{"@type":"WebSite","@id":"https:\/\/vtmallorca.com\/#website","url":"https:\/\/vtmallorca.com\/","name":"Vi de La Terra Mallorca","description":"Vi de La Terra Mallorca","potentialAction":[{"@type":"SearchAction","target":{"@type":"EntryPoint","urlTemplate":"https:\/\/vtmallorca.com\/?s={search_term_string}"},"query-input":{"@type":"PropertyValueSpecification","valueRequired":true,"valueName":"search_term_string"}}],"inLanguage":"en-US"}]}},"_links":{"self":[{"href":"https:\/\/vtmallorca.com\/en\/wp-json\/wp\/v2\/pages\/6443","targetHints":{"allow":["GET"]}}],"collection":[{"href":"https:\/\/vtmallorca.com\/en\/wp-json\/wp\/v2\/pages"}],"about":[{"href":"https:\/\/vtmallorca.com\/en\/wp-json\/wp\/v2\/types\/page"}],"author":[{"embeddable":true,"href":"https:\/\/vtmallorca.com\/en\/wp-json\/wp\/v2\/users\/2"}],"replies":[{"embeddable":true,"href":"https:\/\/vtmallorca.com\/en\/wp-json\/wp\/v2\/comments?post=6443"}],"version-history":[{"count":3,"href":"https:\/\/vtmallorca.com\/en\/wp-json\/wp\/v2\/pages\/6443\/revisions"}],"predecessor-version":[{"id":22933,"href":"https:\/\/vtmallorca.com\/en\/wp-json\/wp\/v2\/pages\/6443\/revisions\/22933"}],"wp:attachment":[{"href":"https:\/\/vtmallorca.com\/en\/wp-json\/wp\/v2\/media?parent=6443"}],"curies":[{"name":"wp","href":"https:\/\/api.w.org\/{rel}","templated":true}]}}